{"id":5464,"date":"2026-04-09T19:08:05","date_gmt":"2026-04-09T22:08:05","guid":{"rendered":"https:\/\/esnaola-caba.infd.edu.ar\/sitio\/?page_id=5464"},"modified":"2026-04-09T19:24:22","modified_gmt":"2026-04-09T22:24:22","slug":"netbooks","status":"publish","type":"page","link":"https:\/\/esnaola-caba.infd.edu.ar\/sitio\/netbooks\/","title":{"rendered":"NETBOOKS"},"content":{"rendered":"\n<p>Netbooks Plan Sarmiento<\/p>\n\n\n\n<p><strong>Tr\u00e1mites<\/strong><br><a rel=\"noreferrer noopener\" href=\"https:\/\/turnoseducacion.buenosaires.gob.ar\/planSarmiento\" target=\"_blank\"><\/a><a target=\"_blank\" href=\"https:\/\/turnoseducacion.buenosaires.gob.ar\/planSarmiento\" rel=\"noreferrer noopener\">https:\/\/turnoseducacion.buenosaires.gob.ar\/planSarmiento<\/a><\/p>\n\n\n\n<p><strong>Desbloqueo provisorio<\/strong>&nbsp;(dura 10 encendidos)<br><a rel=\"noreferrer noopener\" href=\"https:\/\/desbloqueo.sarmientoba.net\/\" target=\"_blank\"><\/a><a target=\"_blank\" href=\"https:\/\/desbloqueo.sarmientoba.net\/\" rel=\"noreferrer noopener\">https:\/\/desbloqueo.sarmientoba.net\/<\/a><\/p>\n\n\n\n<p><strong>Desbloqueo prolongado<\/strong>\u00a0(dura 1 a\u00f1o aprox.)<br>Pasos a seguir:<br>* Verificar que el equipo tenga fecha y hora correcta<br>* Conectarse a Internet (cualquier red, en cualquier lugar, no es necesario que sea en la escuela.)<br>* Ir a la lupa de barra de tareas, buscar el programa \u00abTheft Deterrent\u00bb, y abrirlo.<br>* Ir a \u00abConfiguraci\u00f3n\u00bb.<br>* En URL, ingresar: td.alu.bue.edu.ar<br>* Guardar<br>* Reiniciar equipo<br>* Volver a abrir el \u00abTheft Deterrent\u00bb, verificar que aparezca un c\u00edrculo en verde<br>* Si est\u00e1 en amarillo, hacer otro reinicio<br>* Esto deber\u00eda dar 1 a\u00f1o de uso, o much\u00edsimos arranques.<\/p>\n","protected":false},"excerpt":{"rendered":"<p>Netbooks Plan Sarmiento Tr\u00e1miteshttps:\/\/turnoseducacion.buenosaires.gob.ar\/planSarmiento Desbloqueo provisorio&nbsp;(dura 10 encendidos)https:\/\/desbloqueo.sarmientoba.net\/ Desbloqueo prolongado\u00a0(dura 1 a\u00f1o aprox.)Pasos a seguir:* Verificar que el equipo tenga fecha y hora correcta* Conectarse a Internet (cualquier red, en cualquier lugar, no es necesario que sea en la escuela.)* Ir a la lupa de barra de tareas, buscar el programa \u00abTheft Deterrent\u00bb, y abrirlo.* &#8230; <a title=\"NETBOOKS\" class=\"read-more\" href=\"https:\/\/esnaola-caba.infd.edu.ar\/sitio\/netbooks\/\" aria-label=\"More on NETBOOKS\">[+]<\/a><\/p>\n","protected":false},"author":339,"featured_media":0,"parent":0,"menu_order":0,"comment_status":"closed","ping_status":"closed","template":"","meta":[],"acf":[],"_links":{"self":[{"href":"https:\/\/esnaola-caba.infd.edu.ar\/sitio\/wp-json\/wp\/v2\/pages\/5464"}],"collection":[{"href":"https:\/\/esnaola-caba.infd.edu.ar\/sitio\/wp-json\/wp\/v2\/pages"}],"about":[{"href":"https:\/\/esnaola-caba.infd.edu.ar\/sitio\/wp-json\/wp\/v2\/types\/page"}],"author":[{"embeddable":true,"href":"https:\/\/esnaola-caba.infd.edu.ar\/sitio\/wp-json\/wp\/v2\/users\/339"}],"replies":[{"embeddable":true,"href":"https:\/\/esnaola-caba.infd.edu.ar\/sitio\/wp-json\/wp\/v2\/comments?post=5464"}],"version-history":[{"count":5,"href":"https:\/\/esnaola-caba.infd.edu.ar\/sitio\/wp-json\/wp\/v2\/pages\/5464\/revisions"}],"predecessor-version":[{"id":5470,"href":"https:\/\/esnaola-caba.infd.edu.ar\/sitio\/wp-json\/wp\/v2\/pages\/5464\/revisions\/5470"}],"wp:attachment":[{"href":"https:\/\/esnaola-caba.infd.edu.ar\/sitio\/wp-json\/wp\/v2\/media?parent=5464"}],"curies":[{"name":"wp","href":"https:\/\/api.w.org\/{rel}","templated":true}]}}