{"id":5442,"date":"2026-03-26T21:49:23","date_gmt":"2026-03-27T00:49:23","guid":{"rendered":"https:\/\/esnaola-caba.infd.edu.ar\/sitio\/?page_id=5442"},"modified":"2026-04-20T18:57:31","modified_gmt":"2026-04-20T21:57:31","slug":"licencias","status":"publish","type":"page","link":"https:\/\/esnaola-caba.infd.edu.ar\/sitio\/licencias\/","title":{"rendered":"Licencias"},"content":{"rendered":"\n<p><strong>&#8211; Licencia m\u00e9dica &#8211;&nbsp;Procedimiento para solicitar &#8211;<\/strong><\/p>\n\n\n\n<p>Pasos a seguir:<\/p>\n\n\n\n<p>* Solicitar a trav\u00e9s de la plataforma Equipo BA:<\/p>\n\n\n\n<div class=\"wp-block-buttons is-layout-flex\">\n<div class=\"wp-block-button\"><a class=\"wp-block-button__link has-accent-background-color has-background wp-element-button\" href=\"https:\/\/equipoba.buenosaires.gob.ar\" target=\"_blank\" rel=\"noreferrer noopener\">Equipo BA<\/a><\/div>\n<\/div>\n\n\n\n<p>* Una vez solicitada, enviar un mail a Secretar\u00eda, adjuntando captura de pantalla de la solicitud en la plataforma<br>* Una vez aprobada, enviar a Secretar\u00eda, otro correo adjuntando captura de pantalla de la solicitud aprobada en la plataforma<\/p>\n\n\n\n<hr class=\"wp-block-separator has-alpha-channel-opacity\"\/>\n\n\n\n<p><a rel=\"noreferrer noopener\" href=\"mailto:secretaria.terciarioeseam@gmail.com\" target=\"_blank\"><\/a>&nbsp;<strong>&#8211; Licencia 69 S y 69 T &#8211; Procedimientos para solicitar &#8211;&nbsp;<\/strong><\/p>\n\n\n\n<p>Esto es:<br>69 T (Ex-70 T): Licencia por razones particulares<br>69 S (Ex-70 S): Licencia por razones de fuerza mayor<\/p>\n\n\n\n<p>Pasos a seguir:<\/p>\n\n\n\n<p>* Realizar la solicitud, v\u00eda formulario google, ingresando a trav\u00e9s del siguiente enlace:<\/p>\n\n\n\n<div class=\"wp-block-buttons is-layout-flex\">\n<div class=\"wp-block-button\"><a class=\"wp-block-button__link has-accent-background-color has-background wp-element-button\" href=\"https:\/\/forms.gle\/QWhRcp7WYHecF4vt6\" target=\"_blank\" rel=\"noreferrer noopener\">Formulario Solicitud<\/a><\/div>\n<\/div>\n\n\n\n<p>* Les llegar\u00e1 un correo enviado autom\u00e1ticamente por formulario google, con la informaci\u00f3n que ingresaron (si es necesario, revisar casilla de SPAM)<br>* Reenviar ese correo a Secretar\u00eda y Direcci\u00f3n.<br><\/p>\n\n\n\n<hr class=\"wp-block-separator has-alpha-channel-opacity\"\/>\n\n\n\n<p><strong>&#8211; Licencia administrativa &#8211;&nbsp;Procedimiento para solicitar &#8211;<\/strong><\/p>\n\n\n\n<p>Esto es, licencias por:<br>* donaci\u00f3n de sangre<br>* d\u00edas de estudio<br>* matrimonio<br>* fallecimiento familiares<br>* otras<\/p>\n\n\n\n<p><br>Pasos a seguir: (similar a licencias m\u00e9dicas)<\/p>\n\n\n\n<p>* Solicitar a trav\u00e9s de la plataforma Equipo BA:<\/p>\n\n\n\n<div class=\"wp-block-buttons is-layout-flex\">\n<div class=\"wp-block-button\"><a class=\"wp-block-button__link has-accent-background-color has-background wp-element-button\" href=\"https:\/\/equipoba.buenosaires.gob.ar\" target=\"_blank\" rel=\"noreferrer noopener\">Equipo BA<\/a><\/div>\n<\/div>\n\n\n\n<p>* Una vez solicitada, enviar un mail a Secretar\u00eda, adjuntando captura de pantalla de la solicitud en la plataforma:<br>* Una vez aprobada, enviar a Secretar\u00eda, otro correo adjuntando captura de pantalla de la solicitud aprobada en la plataforma.<\/p>\n","protected":false},"excerpt":{"rendered":"<p>&#8211; Licencia m\u00e9dica &#8211;&nbsp;Procedimiento para solicitar &#8211; Pasos a seguir: * Solicitar a trav\u00e9s de la plataforma Equipo BA: * Una vez solicitada, enviar un mail a Secretar\u00eda, adjuntando captura de pantalla de la solicitud en la plataforma* Una vez aprobada, enviar a Secretar\u00eda, otro correo adjuntando captura de pantalla de la solicitud aprobada en &#8230; <a title=\"Licencias\" class=\"read-more\" href=\"https:\/\/esnaola-caba.infd.edu.ar\/sitio\/licencias\/\" aria-label=\"More on Licencias\">[+]<\/a><\/p>\n","protected":false},"author":339,"featured_media":0,"parent":0,"menu_order":0,"comment_status":"closed","ping_status":"closed","template":"","meta":[],"acf":[],"_links":{"self":[{"href":"https:\/\/esnaola-caba.infd.edu.ar\/sitio\/wp-json\/wp\/v2\/pages\/5442"}],"collection":[{"href":"https:\/\/esnaola-caba.infd.edu.ar\/sitio\/wp-json\/wp\/v2\/pages"}],"about":[{"href":"https:\/\/esnaola-caba.infd.edu.ar\/sitio\/wp-json\/wp\/v2\/types\/page"}],"author":[{"embeddable":true,"href":"https:\/\/esnaola-caba.infd.edu.ar\/sitio\/wp-json\/wp\/v2\/users\/339"}],"replies":[{"embeddable":true,"href":"https:\/\/esnaola-caba.infd.edu.ar\/sitio\/wp-json\/wp\/v2\/comments?post=5442"}],"version-history":[{"count":5,"href":"https:\/\/esnaola-caba.infd.edu.ar\/sitio\/wp-json\/wp\/v2\/pages\/5442\/revisions"}],"predecessor-version":[{"id":5494,"href":"https:\/\/esnaola-caba.infd.edu.ar\/sitio\/wp-json\/wp\/v2\/pages\/5442\/revisions\/5494"}],"wp:attachment":[{"href":"https:\/\/esnaola-caba.infd.edu.ar\/sitio\/wp-json\/wp\/v2\/media?parent=5442"}],"curies":[{"name":"wp","href":"https:\/\/api.w.org\/{rel}","templated":true}]}}