{"id":5432,"date":"2026-02-26T19:58:02","date_gmt":"2026-02-26T22:58:02","guid":{"rendered":"https:\/\/esnaola-caba.infd.edu.ar\/sitio\/?page_id=5432"},"modified":"2026-02-26T19:58:19","modified_gmt":"2026-02-26T22:58:19","slug":"pablo-piccinni","status":"publish","type":"page","link":"https:\/\/esnaola-caba.infd.edu.ar\/sitio\/pablo-piccinni\/","title":{"rendered":"Pablo Piccinni"},"content":{"rendered":"\n<p><strong>Docente de Direcci\u00f3n Coral I y II<\/strong><\/p>\n\n\n\n<div class=\"wp-block-media-text alignwide is-stacked-on-mobile\"><figure class=\"wp-block-media-text__media\"><img decoding=\"async\" loading=\"lazy\" width=\"640\" height=\"640\" src=\"https:\/\/esnaola-caba.infd.edu.ar\/sitio\/wp-content\/uploads\/2026\/02\/Pablo-Piccinni.jpeg\" alt=\"\" class=\"wp-image-5433 size-full\" srcset=\"https:\/\/esnaola-caba.infd.edu.ar\/sitio\/wp-content\/uploads\/2026\/02\/Pablo-Piccinni.jpeg 640w, https:\/\/esnaola-caba.infd.edu.ar\/sitio\/wp-content\/uploads\/2026\/02\/Pablo-Piccinni-500x500.jpeg 500w\" sizes=\"(max-width: 640px) 100vw, 640px\" \/><\/figure><div class=\"wp-block-media-text__content\">\n<p><strong>Pablo Piccinni<\/strong><\/p>\n\n\n\n<p>Director, compositor y cantante.<br>Es director de Periferia Vocal, coro que ha ganado diversos premios, uno de los cuales es el<br>premio del Consejo Argentino de la M\u00fasica 2009. Es codirector del Orfe\u00f3n de Buenos Aires, premio Revelaci\u00f3n de la Cr\u00edtica en 2005.<br>Ha creado, dirigido y compuesto para el ensamble Obra Inversa. El registro discogr\u00e1fico \u201cObra Inversa\u201d fue nominado a dos premios Grammy en al a\u00f1o 2008.<br>Es miembro y compositor de M\u00fasica Inaudita, agrupaci\u00f3n dedicada al estreno de obras vocales y corales.<br>Fue coordinador nacional de los coros juveniles del Programa Coros y Orquestas Juveniles de la Naci\u00f3n, dependiente del Ministerio de Educaci\u00f3n.<br>Es profesor de direcci\u00f3n coral en los conservatorios Falla y Piazzolla y en la Universidad Nacional de las Artes y en el Terciario J.P. Esnaola.<\/p>\n<\/div><\/div>\n\n\n\n<hr class=\"wp-block-separator has-css-opacity\"\/>\n\n\n\n<div class=\"wp-block-buttons alignwide is-horizontal is-content-justification-center is-layout-flex wp-container-1\">\n<div class=\"wp-block-button\"><a class=\"wp-block-button__link has-black-color has-vivid-cyan-blue-background-color has-text-color has-background wp-element-button\" href=\"https:\/\/esnaola-caba.infd.edu.ar\/sitio\/equipo-docente\/\">VOLVER A LISTADO DE DOCENTES<\/a><\/div>\n<\/div>\n\n\n\n<p><\/p>\n","protected":false},"excerpt":{"rendered":"<p>Docente de Direcci\u00f3n Coral I y II Pablo Piccinni Director, compositor y cantante.Es director de Periferia Vocal, coro que ha ganado diversos premios, uno de los cuales es elpremio del Consejo Argentino de la M\u00fasica 2009. Es codirector del Orfe\u00f3n de Buenos Aires, premio Revelaci\u00f3n de la Cr\u00edtica en 2005.Ha creado, dirigido y compuesto para &#8230; <a title=\"Pablo Piccinni\" class=\"read-more\" href=\"https:\/\/esnaola-caba.infd.edu.ar\/sitio\/pablo-piccinni\/\" aria-label=\"More on Pablo Piccinni\">[+]<\/a><\/p>\n","protected":false},"author":339,"featured_media":0,"parent":0,"menu_order":0,"comment_status":"closed","ping_status":"closed","template":"","meta":[],"acf":[],"_links":{"self":[{"href":"https:\/\/esnaola-caba.infd.edu.ar\/sitio\/wp-json\/wp\/v2\/pages\/5432"}],"collection":[{"href":"https:\/\/esnaola-caba.infd.edu.ar\/sitio\/wp-json\/wp\/v2\/pages"}],"about":[{"href":"https:\/\/esnaola-caba.infd.edu.ar\/sitio\/wp-json\/wp\/v2\/types\/page"}],"author":[{"embeddable":true,"href":"https:\/\/esnaola-caba.infd.edu.ar\/sitio\/wp-json\/wp\/v2\/users\/339"}],"replies":[{"embeddable":true,"href":"https:\/\/esnaola-caba.infd.edu.ar\/sitio\/wp-json\/wp\/v2\/comments?post=5432"}],"version-history":[{"count":1,"href":"https:\/\/esnaola-caba.infd.edu.ar\/sitio\/wp-json\/wp\/v2\/pages\/5432\/revisions"}],"predecessor-version":[{"id":5434,"href":"https:\/\/esnaola-caba.infd.edu.ar\/sitio\/wp-json\/wp\/v2\/pages\/5432\/revisions\/5434"}],"wp:attachment":[{"href":"https:\/\/esnaola-caba.infd.edu.ar\/sitio\/wp-json\/wp\/v2\/media?parent=5432"}],"curies":[{"name":"wp","href":"https:\/\/api.w.org\/{rel}","templated":true}]}}