{"id":5371,"date":"2025-11-26T18:48:19","date_gmt":"2025-11-26T21:48:19","guid":{"rendered":"https:\/\/esnaola-caba.infd.edu.ar\/sitio\/?page_id=5371"},"modified":"2025-11-26T18:48:41","modified_gmt":"2025-11-26T21:48:41","slug":"adriel-di-conza","status":"publish","type":"page","link":"https:\/\/esnaola-caba.infd.edu.ar\/sitio\/adriel-di-conza\/","title":{"rendered":"Adriel Di Conza"},"content":{"rendered":"\n<p><strong>Docente de Tromb\u00f3n<\/strong><\/p>\n\n\n\n<div class=\"wp-block-buttons is-layout-flex\">\n<div class=\"wp-block-button\"><a class=\"wp-block-button__link has-black-color has-vivid-cyan-blue-background-color has-text-color has-background wp-element-button\" href=\"http:\/\/www.youtube.com\/@adrieldiconza\" target=\"_blank\" rel=\"noreferrer noopener\">SITIO WEB DEL DOCENTE<\/a><\/div>\n<\/div>\n\n\n\n<div class=\"wp-block-media-text alignwide is-stacked-on-mobile\"><figure class=\"wp-block-media-text__media\"><img decoding=\"async\" loading=\"lazy\" width=\"960\" height=\"1280\" src=\"https:\/\/esnaola-caba.infd.edu.ar\/sitio\/wp-content\/uploads\/2025\/11\/FOTO-Adriel-Di-Conza-TROMBON.jpeg\" alt=\"\" class=\"wp-image-5372 size-full\" srcset=\"https:\/\/esnaola-caba.infd.edu.ar\/sitio\/wp-content\/uploads\/2025\/11\/FOTO-Adriel-Di-Conza-TROMBON.jpeg 960w, https:\/\/esnaola-caba.infd.edu.ar\/sitio\/wp-content\/uploads\/2025\/11\/FOTO-Adriel-Di-Conza-TROMBON-750x1000.jpeg 750w, https:\/\/esnaola-caba.infd.edu.ar\/sitio\/wp-content\/uploads\/2025\/11\/FOTO-Adriel-Di-Conza-TROMBON-768x1024.jpeg 768w\" sizes=\"(max-width: 960px) 100vw, 960px\" \/><\/figure><div class=\"wp-block-media-text__content\">\n<p><strong>Adriel Di Conza<\/strong><\/p>\n\n\n\n<p>Nacido en Santa Fe, Argentina, inici\u00f3 sus estudios musicales con el M\u00b0 Rub\u00e9n Carughi en la Escuela de M\u00fasica N.\u00ba 9901 \u201cOrquestas de Ni\u00f1os y Juvenil\u201d, donde complet\u00f3 su formaci\u00f3n en 2015. Posteriormente, gracias a la Beca del Mozarteum Argentino, continu\u00f3 sus estudios con Pablo Fenoglio en Buenos Aires y Damian Stepaniuk en Rosario. En Italia se estableci\u00f3 para continuar perfeccion\u00e1ndose bajo la gu\u00eda del maestro Vincenzo Paratore (Teatro Massimo Bellini &#8211; Catania). Adem\u00e1s, en Europa recibi\u00f3 clases privadas de reconocidos maestros como Filipe Alves (Staatskapelle Berlin), Daniel Perpi\u00f1an (Brass Academy Alicante), entre otros.<br>Entre 2007 y 2022 fue participante activo del curso Trombonanza, donde en los a\u00f1os 2016 y 2017 gan\u00f3 el Concurso de J\u00f3venes Solistas, present\u00e1ndose como solista junto a la Orquesta Juvenil de la Escuela de M\u00fasica N.\u00ba 9901.<br>Actualmente participa como m\u00fasico invitado en destacados organismos sinf\u00f3nicos como la Orquesta Filarm\u00f3nica de Buenos Aires &#8211; Teatro Col\u00f3n y Orquesta Sinf\u00f3nica Nacional SODRE (Uruguay), tambi\u00e9n se desempe\u00f1\u00f3 en la Orquesta Sinf\u00f3nica Provincial de Rosario, Orquesta Sinf\u00f3nica de Entre R\u00edos, Orquesta Sinf\u00f3nica Provincial de Santa Fe, entre otros. En Italia integr\u00f3 agrupaciones como la ACM \u201cE. Russo\u201d \u2013 Corpo Bandistico \u201cP. Mandanici\u201d de Barcellona P.G. (donde actu\u00f3 como solista), Associazione Musicale Citt\u00e0 di Pace del Mela, Corpo Bandistico \u201cAmatori della Musica\u201d UPCF, entre otras.<br>Entre 2016 y 2024 fue profesor de tromb\u00f3n en el Liceo Municipal \u201cAntonio Fuentes del Arco\u201d de Santa Fe, desarrollando actividades de formaci\u00f3n instrumental y participando en proyectos acad\u00e9micos y pedag\u00f3gicos dentro de la instituci\u00f3n.<br>Desde octubre de 2023 se desempe\u00f1a como Tromb\u00f3n Solista de la Orquesta Estable del Teatro Argentino de La Plata, cargo obtenido mediante concurso de antecedentes y oposici\u00f3n, y es docente de tromb\u00f3n en la ESEAM J. P. Esnaola \u2013 Nivel Terciario.<br>En el \u00e1mbito de la m\u00fasica de c\u00e1mara integra el Buenos Aires Tromb\u00f3n Ensamble y es miembro fundador del Cuarteto de Trombones Garufa, con el cual se ha presentado en diversas ciudades de Argentina y Europa.<\/p>\n<\/div><\/div>\n\n\n\n<hr class=\"wp-block-separator has-css-opacity\"\/>\n\n\n\n<div class=\"wp-block-buttons alignwide is-horizontal is-content-justification-center is-layout-flex wp-container-2\">\n<div class=\"wp-block-button\"><a class=\"wp-block-button__link has-black-color has-vivid-cyan-blue-background-color has-text-color has-background wp-element-button\" href=\"https:\/\/esnaola-caba.infd.edu.ar\/sitio\/equipo-docente\/\">VOLVER A LISTADO DE DOCENTES<\/a><\/div>\n<\/div>\n\n\n\n<p><\/p>\n","protected":false},"excerpt":{"rendered":"<p>Docente de Tromb\u00f3n Adriel Di Conza Nacido en Santa Fe, Argentina, inici\u00f3 sus estudios musicales con el M\u00b0 Rub\u00e9n Carughi en la Escuela de M\u00fasica N.\u00ba 9901 \u201cOrquestas de Ni\u00f1os y Juvenil\u201d, donde complet\u00f3 su formaci\u00f3n en 2015. Posteriormente, gracias a la Beca del Mozarteum Argentino, continu\u00f3 sus estudios con Pablo Fenoglio en Buenos Aires &#8230; <a title=\"Adriel Di Conza\" class=\"read-more\" href=\"https:\/\/esnaola-caba.infd.edu.ar\/sitio\/adriel-di-conza\/\" aria-label=\"More on Adriel Di Conza\">[+]<\/a><\/p>\n","protected":false},"author":339,"featured_media":0,"parent":0,"menu_order":0,"comment_status":"closed","ping_status":"closed","template":"","meta":[],"acf":[],"_links":{"self":[{"href":"https:\/\/esnaola-caba.infd.edu.ar\/sitio\/wp-json\/wp\/v2\/pages\/5371"}],"collection":[{"href":"https:\/\/esnaola-caba.infd.edu.ar\/sitio\/wp-json\/wp\/v2\/pages"}],"about":[{"href":"https:\/\/esnaola-caba.infd.edu.ar\/sitio\/wp-json\/wp\/v2\/types\/page"}],"author":[{"embeddable":true,"href":"https:\/\/esnaola-caba.infd.edu.ar\/sitio\/wp-json\/wp\/v2\/users\/339"}],"replies":[{"embeddable":true,"href":"https:\/\/esnaola-caba.infd.edu.ar\/sitio\/wp-json\/wp\/v2\/comments?post=5371"}],"version-history":[{"count":1,"href":"https:\/\/esnaola-caba.infd.edu.ar\/sitio\/wp-json\/wp\/v2\/pages\/5371\/revisions"}],"predecessor-version":[{"id":5373,"href":"https:\/\/esnaola-caba.infd.edu.ar\/sitio\/wp-json\/wp\/v2\/pages\/5371\/revisions\/5373"}],"wp:attachment":[{"href":"https:\/\/esnaola-caba.infd.edu.ar\/sitio\/wp-json\/wp\/v2\/media?parent=5371"}],"curies":[{"name":"wp","href":"https:\/\/api.w.org\/{rel}","templated":true}]}}