{"id":5361,"date":"2025-11-18T18:50:02","date_gmt":"2025-11-18T21:50:02","guid":{"rendered":"https:\/\/esnaola-caba.infd.edu.ar\/sitio\/?page_id=5361"},"modified":"2025-11-18T18:50:25","modified_gmt":"2025-11-18T21:50:25","slug":"alejandro-aguilar","status":"publish","type":"page","link":"https:\/\/esnaola-caba.infd.edu.ar\/sitio\/alejandro-aguilar\/","title":{"rendered":"Alejandro Aguilar"},"content":{"rendered":"\n<p><strong>Docente de Elementos T\u00e9cnicos de la M\u00fasica III<\/strong><\/p>\n\n\n\n<div class=\"wp-block-buttons is-layout-flex\">\n<div class=\"wp-block-button\"><a class=\"wp-block-button__link has-black-color has-vivid-cyan-blue-background-color has-text-color has-background wp-element-button\" href=\"http:\/\/alejandroaguilar.com.ar\" target=\"_blank\" rel=\"noreferrer noopener\">SITIO WEB DEL DOCENTE<\/a><\/div>\n<\/div>\n\n\n\n<div class=\"wp-block-media-text alignwide is-stacked-on-mobile\"><figure class=\"wp-block-media-text__media\"><img decoding=\"async\" loading=\"lazy\" width=\"1900\" height=\"1258\" src=\"https:\/\/esnaola-caba.infd.edu.ar\/sitio\/wp-content\/uploads\/2025\/11\/Aguilar-1900x1258.jpg\" alt=\"\" class=\"wp-image-5362 size-full\" srcset=\"https:\/\/esnaola-caba.infd.edu.ar\/sitio\/wp-content\/uploads\/2025\/11\/Aguilar-1900x1258.jpg 1900w, https:\/\/esnaola-caba.infd.edu.ar\/sitio\/wp-content\/uploads\/2025\/11\/Aguilar-1000x662.jpg 1000w, https:\/\/esnaola-caba.infd.edu.ar\/sitio\/wp-content\/uploads\/2025\/11\/Aguilar-768x509.jpg 768w, https:\/\/esnaola-caba.infd.edu.ar\/sitio\/wp-content\/uploads\/2025\/11\/Aguilar-1536x1017.jpg 1536w, https:\/\/esnaola-caba.infd.edu.ar\/sitio\/wp-content\/uploads\/2025\/11\/Aguilar-2048x1357.jpg 2048w\" sizes=\"(max-width: 1900px) 100vw, 1900px\" \/><\/figure><div class=\"wp-block-media-text__content\">\n<p><strong>Alejandro Aguilar<\/strong><\/p>\n\n\n\n<p>Compositor, guitarrista y docente argentino.<br>Ha estudiado composici\u00f3n con los maestros Santiago Santero, Diego Taranto y Mauricio Cimini, y m\u00fasica antigua con los maestros Hern\u00e1n Vives y Claudio Morla, entre otros.<br>Su m\u00fasica ha sido interpretada por diversas formaciones y solistas, como el Ensamble de M\u00fasica Contempor\u00e1nea del DAMus, el Ensamble DosUno, el Ensamble D\u00ednamo 3, el Ensamble Arthaus, el violinista Alejandro Schaikis, las pianistas Martina Copello y Roxana Baldor, y el guitarrista Ricardo Cuadros Pradilla.<br>Ha participado en workshops dictados por el d\u00fao Manos a las obras (2016), el Ensamble residente del Festival NuJas (2017), la violista Odile Auboin (2018), el Ensamble Tropi en el marco de la Residencia 2 en el Centro de Experimentaci\u00f3n del Teatro Col\u00f3n (2019), la Residencia de Resonar, encuentro entre compositores e int\u00e9rpretes (2021), la Residencia Nan\u00f3pera de Barbados Artes Esc\u00e9nicas (2022), el Atelier de Composici\u00f3n Arthaus (2024) y la Residencia de composici\u00f3n y producci\u00f3n Mozarteum-Arthaus en la Cit\u00e9 Internationale des Arts, Par\u00eds (2025).<br>Ha integrado el grupo SITIO, proyecto colectivo emergente de m\u00fasica experimental formado por compositores e instrumentistas con sede en CABA.<br>Se desempe\u00f1a como docente en la ESEAM J. P. Esnaola y en el Programa de Coros y Orquestas de la Provincia de Buenos Aires.<\/p>\n<\/div><\/div>\n\n\n\n<hr class=\"wp-block-separator has-css-opacity\"\/>\n\n\n\n<div class=\"wp-block-buttons alignwide is-horizontal is-content-justification-center is-layout-flex wp-container-2\">\n<div class=\"wp-block-button\"><a class=\"wp-block-button__link has-black-color has-vivid-cyan-blue-background-color has-text-color has-background wp-element-button\" href=\"https:\/\/esnaola-caba.infd.edu.ar\/sitio\/equipo-docente\/\">VOLVER A LISTADO DE DOCENTES<\/a><\/div>\n<\/div>\n\n\n\n<p><\/p>\n","protected":false},"excerpt":{"rendered":"<p>Docente de Elementos T\u00e9cnicos de la M\u00fasica III Alejandro Aguilar Compositor, guitarrista y docente argentino.Ha estudiado composici\u00f3n con los maestros Santiago Santero, Diego Taranto y Mauricio Cimini, y m\u00fasica antigua con los maestros Hern\u00e1n Vives y Claudio Morla, entre otros.Su m\u00fasica ha sido interpretada por diversas formaciones y solistas, como el Ensamble de M\u00fasica Contempor\u00e1nea &#8230; <a title=\"Alejandro Aguilar\" class=\"read-more\" href=\"https:\/\/esnaola-caba.infd.edu.ar\/sitio\/alejandro-aguilar\/\" aria-label=\"More on Alejandro Aguilar\">[+]<\/a><\/p>\n","protected":false},"author":339,"featured_media":0,"parent":0,"menu_order":0,"comment_status":"closed","ping_status":"closed","template":"","meta":[],"acf":[],"_links":{"self":[{"href":"https:\/\/esnaola-caba.infd.edu.ar\/sitio\/wp-json\/wp\/v2\/pages\/5361"}],"collection":[{"href":"https:\/\/esnaola-caba.infd.edu.ar\/sitio\/wp-json\/wp\/v2\/pages"}],"about":[{"href":"https:\/\/esnaola-caba.infd.edu.ar\/sitio\/wp-json\/wp\/v2\/types\/page"}],"author":[{"embeddable":true,"href":"https:\/\/esnaola-caba.infd.edu.ar\/sitio\/wp-json\/wp\/v2\/users\/339"}],"replies":[{"embeddable":true,"href":"https:\/\/esnaola-caba.infd.edu.ar\/sitio\/wp-json\/wp\/v2\/comments?post=5361"}],"version-history":[{"count":1,"href":"https:\/\/esnaola-caba.infd.edu.ar\/sitio\/wp-json\/wp\/v2\/pages\/5361\/revisions"}],"predecessor-version":[{"id":5363,"href":"https:\/\/esnaola-caba.infd.edu.ar\/sitio\/wp-json\/wp\/v2\/pages\/5361\/revisions\/5363"}],"wp:attachment":[{"href":"https:\/\/esnaola-caba.infd.edu.ar\/sitio\/wp-json\/wp\/v2\/media?parent=5361"}],"curies":[{"name":"wp","href":"https:\/\/api.w.org\/{rel}","templated":true}]}}