{"id":5354,"date":"2025-11-12T18:45:23","date_gmt":"2025-11-12T21:45:23","guid":{"rendered":"https:\/\/esnaola-caba.infd.edu.ar\/sitio\/?page_id=5354"},"modified":"2025-11-12T18:48:03","modified_gmt":"2025-11-12T21:48:03","slug":"nancy-magali-juares","status":"publish","type":"page","link":"https:\/\/esnaola-caba.infd.edu.ar\/sitio\/nancy-magali-juares\/","title":{"rendered":"Nancy Magal\u00ed Ju\u00e1res"},"content":{"rendered":"\n<p><strong>Docente de Educaci\u00f3n Vocal I y II<\/strong><\/p>\n\n\n\n<div class=\"wp-block-buttons is-layout-flex\">\n<div class=\"wp-block-button\"><a class=\"wp-block-button__link has-black-color has-vivid-cyan-blue-background-color has-text-color has-background wp-element-button\" href=\"https:\/\/www.instagram.com\/magalijuares_\/\" target=\"_blank\" rel=\"noreferrer noopener\">SITIO WEB DEL DOCENTE<\/a><\/div>\n<\/div>\n\n\n\n<div class=\"wp-block-media-text alignwide is-stacked-on-mobile\"><figure class=\"wp-block-media-text__media\"><img decoding=\"async\" loading=\"lazy\" width=\"1267\" height=\"1900\" src=\"https:\/\/esnaola-caba.infd.edu.ar\/sitio\/wp-content\/uploads\/2025\/11\/Prof.-Magali-Juares-2-1267x1900.jpg\" alt=\"\" class=\"wp-image-5355 size-full\" srcset=\"https:\/\/esnaola-caba.infd.edu.ar\/sitio\/wp-content\/uploads\/2025\/11\/Prof.-Magali-Juares-2-1267x1900.jpg 1267w, https:\/\/esnaola-caba.infd.edu.ar\/sitio\/wp-content\/uploads\/2025\/11\/Prof.-Magali-Juares-2-667x1000.jpg 667w, https:\/\/esnaola-caba.infd.edu.ar\/sitio\/wp-content\/uploads\/2025\/11\/Prof.-Magali-Juares-2-768x1152.jpg 768w, https:\/\/esnaola-caba.infd.edu.ar\/sitio\/wp-content\/uploads\/2025\/11\/Prof.-Magali-Juares-2-1024x1536.jpg 1024w, https:\/\/esnaola-caba.infd.edu.ar\/sitio\/wp-content\/uploads\/2025\/11\/Prof.-Magali-Juares-2-1365x2048.jpg 1365w, https:\/\/esnaola-caba.infd.edu.ar\/sitio\/wp-content\/uploads\/2025\/11\/Prof.-Magali-Juares-2-scaled.jpg 1707w\" sizes=\"(max-width: 1267px) 100vw, 1267px\" \/><\/figure><div class=\"wp-block-media-text__content\">\n<p><strong>Nancy Magal\u00ed Ju\u00e1res<\/strong><\/p>\n\n\n\n<p>Historia personal<br>Naci\u00f3 en la ciudad de La Plata, Capital de la Provincia de Buenos Aires. Con sangre sanjuanina y chilena, comenz\u00f3 a cantar M\u00fasica Popular Argentina a los 9 a\u00f1os de edad. Su inquietud por el mundo de la voz la llev\u00f3 a formarse como docente especializada en interpretaci\u00f3n, adem\u00e1s de incursionar en diversos instrumentos musicales como piano, guitarra, flauta traversa y percusi\u00f3n.<br>Hoy reside en la Ciudad Aut\u00f3noma de Buenos Aires y se encuentra dedicada a la ense\u00f1anza de la m\u00fasica y al canto l\u00edrico y popular. En 2023, present\u00f3 su \u00faltimo disco \u00abCORAZ\u00d3N\u00bb que incluye composiciones propias.<\/p>\n\n\n\n<p>Trayectoria art\u00edstica<br>En sus primer a\u00f1os en la M\u00fasica Popular gan\u00f3 diversos Festivales de M\u00fasica Popular de la Provincia de Buenos Aires, y en la M\u00fasica Cl\u00e1sica, form\u00f3 parte del Coro de Ni\u00f1os del Teatro Argentino de La Plata. Ha sido destacada como finalista del m\u00edtico Festival de Cosqu\u00edn durante cinco ediciones y obtenido la distinci\u00f3n de \u00abMenci\u00f3n Especial\u00bb, lo que la llev\u00f3 a ser contratada para formar parte del mismo en 2023. Revelaci\u00f3n 2020 del Festival Buenos Aires Folklore, contin\u00faa realizando giras por el interior y exterior del pa\u00eds presentando su espect\u00e1culo y llevando tambi\u00e9n Talleres de T\u00e9cnica Vocal e Interpretaci\u00f3n. Ha sido tambi\u00e9n solista en distintas \u00f3peras de compa\u00f1\u00edas independientes.<\/p>\n\n\n\n<p>Formaci\u00f3n acad\u00e9mica<br>Se form\u00f3 en T\u00e9cnica Vocal con el Tenor Daniel Zuppa y la soprano M\u00f3nica Mar\u00eda Philibert. Posee dos t\u00edtulos como capacitadora en T\u00e9cnica Vocal y uno como Profesora de M\u00fasica con especializaci\u00f3n en Canto L\u00edrico y Camar\u00edstico, otorgados por el Conservatorio Gilardo Gilardi de La Plata donde se recibi\u00f3 con honores, adem\u00e1s de un Post\u00edtulo en Ense\u00f1anza de la M\u00fasica para la Educaci\u00f3n Especial por el Conservatorio Astor Piazzolla, de la Ciudad de Buenos Aires. Est\u00e1 concluyendo el Posgrado en Arteterapia en la Universidad Nacional de Artes de la misma ciudad y actualmente, estudia la Tecnicatura en Direcci\u00f3n de Coros y Orquestas en la Universidad Nacional de Avellaneda.<\/p>\n<\/div><\/div>\n\n\n\n<hr class=\"wp-block-separator has-css-opacity\"\/>\n\n\n\n<div class=\"wp-block-buttons alignwide is-horizontal is-content-justification-center is-layout-flex wp-container-2\">\n<div class=\"wp-block-button\"><a class=\"wp-block-button__link has-black-color has-vivid-cyan-blue-background-color has-text-color has-background wp-element-button\" href=\"https:\/\/esnaola-caba.infd.edu.ar\/sitio\/equipo-docente\/\">VOLVER A LISTADO DE DOCENTES<\/a><\/div>\n<\/div>\n\n\n\n<p><\/p>\n","protected":false},"excerpt":{"rendered":"<p>Docente de Educaci\u00f3n Vocal I y II Nancy Magal\u00ed Ju\u00e1res Historia personalNaci\u00f3 en la ciudad de La Plata, Capital de la Provincia de Buenos Aires. Con sangre sanjuanina y chilena, comenz\u00f3 a cantar M\u00fasica Popular Argentina a los 9 a\u00f1os de edad. Su inquietud por el mundo de la voz la llev\u00f3 a formarse como &#8230; <a title=\"Nancy Magal\u00ed Ju\u00e1res\" class=\"read-more\" href=\"https:\/\/esnaola-caba.infd.edu.ar\/sitio\/nancy-magali-juares\/\" aria-label=\"More on Nancy Magal\u00ed Ju\u00e1res\">[+]<\/a><\/p>\n","protected":false},"author":339,"featured_media":0,"parent":0,"menu_order":0,"comment_status":"closed","ping_status":"closed","template":"","meta":[],"acf":[],"_links":{"self":[{"href":"https:\/\/esnaola-caba.infd.edu.ar\/sitio\/wp-json\/wp\/v2\/pages\/5354"}],"collection":[{"href":"https:\/\/esnaola-caba.infd.edu.ar\/sitio\/wp-json\/wp\/v2\/pages"}],"about":[{"href":"https:\/\/esnaola-caba.infd.edu.ar\/sitio\/wp-json\/wp\/v2\/types\/page"}],"author":[{"embeddable":true,"href":"https:\/\/esnaola-caba.infd.edu.ar\/sitio\/wp-json\/wp\/v2\/users\/339"}],"replies":[{"embeddable":true,"href":"https:\/\/esnaola-caba.infd.edu.ar\/sitio\/wp-json\/wp\/v2\/comments?post=5354"}],"version-history":[{"count":2,"href":"https:\/\/esnaola-caba.infd.edu.ar\/sitio\/wp-json\/wp\/v2\/pages\/5354\/revisions"}],"predecessor-version":[{"id":5358,"href":"https:\/\/esnaola-caba.infd.edu.ar\/sitio\/wp-json\/wp\/v2\/pages\/5354\/revisions\/5358"}],"wp:attachment":[{"href":"https:\/\/esnaola-caba.infd.edu.ar\/sitio\/wp-json\/wp\/v2\/media?parent=5354"}],"curies":[{"name":"wp","href":"https:\/\/api.w.org\/{rel}","templated":true}]}}