{"id":5135,"date":"2024-10-01T21:13:59","date_gmt":"2024-10-02T00:13:59","guid":{"rendered":"https:\/\/esnaola-caba.infd.edu.ar\/sitio\/?page_id=5135"},"modified":"2024-10-01T21:41:12","modified_gmt":"2024-10-02T00:41:12","slug":"agradecimiento-eppem-2024","status":"publish","type":"page","link":"https:\/\/esnaola-caba.infd.edu.ar\/sitio\/agradecimiento-eppem-2024\/","title":{"rendered":"Agradecimiento EPPEM 2024"},"content":{"rendered":"\n<p><\/p>\n\n\n\n<figure class=\"wp-block-image size-full\"><img decoding=\"async\" loading=\"lazy\" width=\"1564\" height=\"456\" src=\"https:\/\/esnaola-caba.infd.edu.ar\/sitio\/wp-content\/uploads\/2024\/10\/Cierre-EPPEM-2024-04.png\" alt=\"\" class=\"wp-image-5136\" srcset=\"https:\/\/esnaola-caba.infd.edu.ar\/sitio\/wp-content\/uploads\/2024\/10\/Cierre-EPPEM-2024-04.png 1564w, https:\/\/esnaola-caba.infd.edu.ar\/sitio\/wp-content\/uploads\/2024\/10\/Cierre-EPPEM-2024-04-1000x292.png 1000w, https:\/\/esnaola-caba.infd.edu.ar\/sitio\/wp-content\/uploads\/2024\/10\/Cierre-EPPEM-2024-04-768x224.png 768w, https:\/\/esnaola-caba.infd.edu.ar\/sitio\/wp-content\/uploads\/2024\/10\/Cierre-EPPEM-2024-04-1536x448.png 1536w\" sizes=\"(max-width: 1564px) 100vw, 1564px\" \/><\/figure>\n\n\n\n<p>Estimadas y estimados estudiantes y docentes,<\/p>\n\n\n\n<p>Quiero expresar mi m\u00e1s sincero agradecimiento por su participaci\u00f3n, apoyo y asistencia al&nbsp;<strong>6\u00b0 Encuentro sobre Pr\u00e1cticas Pedag\u00f3gicas en Educaci\u00f3n Musical (EPPEM 2024)<\/strong>. Gracias a su compromiso y entusiasmo, logramos llevar adelante un evento de gran enriquecimiento acad\u00e9mico y art\u00edstico, que fortaleci\u00f3 nuestra identidad comunitaria.<\/p>\n\n\n\n<p>Este encuentro no solo fue una plataforma para el intercambio de ideas y experiencias, sino tambi\u00e9n un espacio donde pudimos articular exitosamente con el nivel medio de nuestra instituci\u00f3n, reafirmando el valor de trabajar juntos en la construcci\u00f3n de una educaci\u00f3n musical de calidad.<\/p>\n\n\n\n<p>A cada una y cada uno de ustedes, que con su presencia, esfuerzo y dedicaci\u00f3n hicieron posible este evento, \u00a1mil gracias! Esperamos seguir contando con su apoyo en futuras ediciones y continuar construyendo juntos una comunidad educativa cada vez m\u00e1s s\u00f3lida y comprometida.<\/p>\n\n\n\n<p>Un abrazo,&nbsp;<\/p>\n\n\n\n<p>Ramiro Limongi<\/p>\n","protected":false},"excerpt":{"rendered":"<p>Estimadas y estimados estudiantes y docentes, Quiero expresar mi m\u00e1s sincero agradecimiento por su participaci\u00f3n, apoyo y asistencia al&nbsp;6\u00b0 Encuentro sobre Pr\u00e1cticas Pedag\u00f3gicas en Educaci\u00f3n Musical (EPPEM 2024). Gracias a su compromiso y entusiasmo, logramos llevar adelante un evento de gran enriquecimiento acad\u00e9mico y art\u00edstico, que fortaleci\u00f3 nuestra identidad comunitaria. Este encuentro no solo fue &#8230; <a title=\"Agradecimiento EPPEM 2024\" class=\"read-more\" href=\"https:\/\/esnaola-caba.infd.edu.ar\/sitio\/agradecimiento-eppem-2024\/\" aria-label=\"More on Agradecimiento EPPEM 2024\">[+]<\/a><\/p>\n","protected":false},"author":415,"featured_media":0,"parent":0,"menu_order":0,"comment_status":"closed","ping_status":"closed","template":"","meta":[],"acf":[],"_links":{"self":[{"href":"https:\/\/esnaola-caba.infd.edu.ar\/sitio\/wp-json\/wp\/v2\/pages\/5135"}],"collection":[{"href":"https:\/\/esnaola-caba.infd.edu.ar\/sitio\/wp-json\/wp\/v2\/pages"}],"about":[{"href":"https:\/\/esnaola-caba.infd.edu.ar\/sitio\/wp-json\/wp\/v2\/types\/page"}],"author":[{"embeddable":true,"href":"https:\/\/esnaola-caba.infd.edu.ar\/sitio\/wp-json\/wp\/v2\/users\/415"}],"replies":[{"embeddable":true,"href":"https:\/\/esnaola-caba.infd.edu.ar\/sitio\/wp-json\/wp\/v2\/comments?post=5135"}],"version-history":[{"count":2,"href":"https:\/\/esnaola-caba.infd.edu.ar\/sitio\/wp-json\/wp\/v2\/pages\/5135\/revisions"}],"predecessor-version":[{"id":5153,"href":"https:\/\/esnaola-caba.infd.edu.ar\/sitio\/wp-json\/wp\/v2\/pages\/5135\/revisions\/5153"}],"wp:attachment":[{"href":"https:\/\/esnaola-caba.infd.edu.ar\/sitio\/wp-json\/wp\/v2\/media?parent=5135"}],"curies":[{"name":"wp","href":"https:\/\/api.w.org\/{rel}","templated":true}]}}