{"id":5063,"date":"2024-09-19T19:59:31","date_gmt":"2024-09-19T22:59:31","guid":{"rendered":"https:\/\/esnaola-caba.infd.edu.ar\/sitio\/?page_id=5063"},"modified":"2024-09-19T20:01:52","modified_gmt":"2024-09-19T23:01:52","slug":"elizabeth-ridolfi","status":"publish","type":"page","link":"https:\/\/esnaola-caba.infd.edu.ar\/sitio\/elizabeth-ridolfi\/","title":{"rendered":"ELIZABETH RIDOLFI"},"content":{"rendered":"\n<p><strong>Docente de Viola<\/strong><\/p>\n\n\n\n<div class=\"wp-block-buttons is-layout-flex\">\n<div class=\"wp-block-button\"><a class=\"wp-block-button__link has-black-color has-vivid-cyan-blue-background-color has-text-color has-background wp-element-button\" href=\"https:\/\/www.instagram.com\/elizabethridolfi\/\" target=\"_blank\" rel=\"noreferrer noopener\">SITIO WEB DEL DOCENTE<\/a><\/div>\n<\/div>\n\n\n\n<div class=\"wp-block-media-text alignwide is-stacked-on-mobile\"><figure class=\"wp-block-media-text__media\"><img decoding=\"async\" loading=\"lazy\" width=\"410\" height=\"512\" src=\"https:\/\/esnaola-caba.infd.edu.ar\/sitio\/wp-content\/uploads\/2024\/09\/Ridolfi-1.jpeg\" alt=\"\" class=\"wp-image-5065 size-full\"\/><\/figure><div class=\"wp-block-media-text__content\">\n<p><strong>ELIZABETH RIDOLFI<\/strong><\/p>\n\n\n\n<p>Fue becada por el Concurso por la Fundaci\u00f3n Antorchas para realizar estudios de Perfeccionamiento Musical. Actualmente es Viola Solista de la Orquesta Nacional de M\u00fasica Argentina \u201cJuan de Dios Filiberto desarrollando su funci\u00f3n hace mas de 20 a\u00f1os.<br>Actualmente desarrolla una importante actividad como docente tanto en el interior del Pais como en el exterior. Es gestora del proyecto \u201cOPEN MASTER CLASS\u201d disponible en su canal de YouTube. Es profesora de la c\u00e1tedra de Viola en el Ciclo Superior del Instituto de Formaci\u00f3n Art\u00edstica \u201cJuan Pedro Esnaola\u201d. En 2023 fue invitada c\u00f3mo Profesora de Viola a dictar Master Class en la Universidad Nacional de M\u00fasica del Peru \u201cLima\u201d.<br>Desarrolla una intensa actividad como sesionista para grabaciones en m\u00fasica de pel\u00edculas, series, publicidades, CD\u2019s, Show en Vivo y Musicales con importantes artistas nacionales e intercionales de diversos g\u00e9neros.<\/p>\n<\/div><\/div>\n\n\n\n<hr class=\"wp-block-separator has-css-opacity\"\/>\n\n\n\n<div class=\"wp-block-buttons alignwide is-horizontal is-content-justification-center is-layout-flex wp-container-2\">\n<div class=\"wp-block-button\"><a class=\"wp-block-button__link has-black-color has-vivid-cyan-blue-background-color has-text-color has-background wp-element-button\" href=\"https:\/\/esnaola-caba.infd.edu.ar\/sitio\/equipo-docente\/\">VOLVER A LISTADO DE DOCENTES<\/a><\/div>\n<\/div>\n\n\n\n<p><\/p>\n","protected":false},"excerpt":{"rendered":"<p>Docente de Viola ELIZABETH RIDOLFI Fue becada por el Concurso por la Fundaci\u00f3n Antorchas para realizar estudios de Perfeccionamiento Musical. Actualmente es Viola Solista de la Orquesta Nacional de M\u00fasica Argentina \u201cJuan de Dios Filiberto desarrollando su funci\u00f3n hace mas de 20 a\u00f1os.Actualmente desarrolla una importante actividad como docente tanto en el interior del Pais &#8230; <a title=\"ELIZABETH RIDOLFI\" class=\"read-more\" href=\"https:\/\/esnaola-caba.infd.edu.ar\/sitio\/elizabeth-ridolfi\/\" aria-label=\"More on ELIZABETH RIDOLFI\">[+]<\/a><\/p>\n","protected":false},"author":339,"featured_media":0,"parent":0,"menu_order":0,"comment_status":"closed","ping_status":"closed","template":"","meta":[],"acf":[],"_links":{"self":[{"href":"https:\/\/esnaola-caba.infd.edu.ar\/sitio\/wp-json\/wp\/v2\/pages\/5063"}],"collection":[{"href":"https:\/\/esnaola-caba.infd.edu.ar\/sitio\/wp-json\/wp\/v2\/pages"}],"about":[{"href":"https:\/\/esnaola-caba.infd.edu.ar\/sitio\/wp-json\/wp\/v2\/types\/page"}],"author":[{"embeddable":true,"href":"https:\/\/esnaola-caba.infd.edu.ar\/sitio\/wp-json\/wp\/v2\/users\/339"}],"replies":[{"embeddable":true,"href":"https:\/\/esnaola-caba.infd.edu.ar\/sitio\/wp-json\/wp\/v2\/comments?post=5063"}],"version-history":[{"count":1,"href":"https:\/\/esnaola-caba.infd.edu.ar\/sitio\/wp-json\/wp\/v2\/pages\/5063\/revisions"}],"predecessor-version":[{"id":5066,"href":"https:\/\/esnaola-caba.infd.edu.ar\/sitio\/wp-json\/wp\/v2\/pages\/5063\/revisions\/5066"}],"wp:attachment":[{"href":"https:\/\/esnaola-caba.infd.edu.ar\/sitio\/wp-json\/wp\/v2\/media?parent=5063"}],"curies":[{"name":"wp","href":"https:\/\/api.w.org\/{rel}","templated":true}]}}