{"id":4957,"date":"2024-08-29T20:01:38","date_gmt":"2024-08-29T23:01:38","guid":{"rendered":"https:\/\/esnaola-caba.infd.edu.ar\/sitio\/?page_id=4957"},"modified":"2024-08-29T20:01:50","modified_gmt":"2024-08-29T23:01:50","slug":"marcela-alejandra-abad","status":"publish","type":"page","link":"https:\/\/esnaola-caba.infd.edu.ar\/sitio\/marcela-alejandra-abad\/","title":{"rendered":"MARCELA ALEJANDRA ABAD"},"content":{"rendered":"\n<p><strong>Docente de Historia de la M\u00fasica III<\/strong><br><strong>Ayudante de C\u00e1tedra<\/strong><\/p>\n\n\n\n<div class=\"wp-block-buttons is-layout-flex\">\n<div class=\"wp-block-button\"><a class=\"wp-block-button__link has-black-color has-vivid-cyan-blue-background-color has-text-color has-background wp-element-button\" href=\"https:\/\/duowolffpossetti.com\/\" target=\"_blank\" rel=\"noreferrer noopener\">SITIO WEB DEL DOCENTE<\/a><\/div>\n<\/div>\n\n\n\n<div class=\"wp-block-media-text alignwide is-stacked-on-mobile\"><figure class=\"wp-block-media-text__media\"><img decoding=\"async\" loading=\"lazy\" width=\"1280\" height=\"720\" src=\"https:\/\/esnaola-caba.infd.edu.ar\/sitio\/wp-content\/uploads\/2024\/08\/IMG-20200802-WA0015.jpg\" alt=\"\" class=\"wp-image-4958 size-full\" srcset=\"https:\/\/esnaola-caba.infd.edu.ar\/sitio\/wp-content\/uploads\/2024\/08\/IMG-20200802-WA0015.jpg 1280w, https:\/\/esnaola-caba.infd.edu.ar\/sitio\/wp-content\/uploads\/2024\/08\/IMG-20200802-WA0015-1000x563.jpg 1000w, https:\/\/esnaola-caba.infd.edu.ar\/sitio\/wp-content\/uploads\/2024\/08\/IMG-20200802-WA0015-768x432.jpg 768w\" sizes=\"(max-width: 1280px) 100vw, 1280px\" \/><\/figure><div class=\"wp-block-media-text__content\">\n<p><strong>MARCELA ALEJANDRA ABAD<\/strong><\/p>\n\n\n\n<p>Marcela Alejandra Abad inici\u00f3 sus estudios musicales a los nueve a\u00f1os de edad en la Escuela Municipal de M\u00fasica \u201cJuli\u00e1n Aguirre\u201d de San Miguel con el Profesorado de M\u00fasica especialidad Guitarra. Es graduada con honores del Profesorado de Ense\u00f1anza Media y Superior en Artes (orientaci\u00f3n M\u00fasica), la Licenciatura en Artes (orientaci\u00f3n M\u00fasica) y la carrera de Edici\u00f3n por la Facultad de Filosof\u00eda y Letras (FFyL) de la Universidad de Buenos Aires (UBA).<br>En el \u00e1rea de investigaci\u00f3n, en 2007 fue integrante del equipo Hacia una historia de la recepci\u00f3n y recreaci\u00f3n de la m\u00fasica antigua en Buenos Aires, dirigido por la Dra. Susana Ant\u00f3n Priasco, radicado en el Instituto de Teor\u00eda e Historia del Arte \u201cJulio E. Payr\u00f3\u201d de la FFyL-UBA. De 2007 a 2009 fue parte del equipo La m\u00fasica en la prensa peri\u00f3dica argentina, bajo la direcci\u00f3n de la Dra. Melanie Plesch y la tutor\u00eda de la Dra. Silvina Mansilla. Fue adscripta a la C\u00e1tedra M\u00fasica Latinoamericana y Argentina de la Carrera de Artes, FFyL-UBA, integrada por el Dr. Omar Corrado y la Dra. Silvina Mansilla entre 2007 y 2009. En 2011 fue asistente de investigaci\u00f3n, junto a Juan B\u00fchler, Romina Dezillio, Patricio Dur\u00e1n, Hern\u00e1n D. Ramallo, Hugo Ruiz, Jos\u00e9 Ignacio Weber y Vera Wolkowicz, de la exposici\u00f3n Hablar de m\u00fasica: Revistas de m\u00fasica de la Argentina (1829-2010), organizada por el \u00c1rea Transdepartamental de Cr\u00edtica de Artes del IUNA junto con la Direcci\u00f3n Nacional de Artes de la Secretar\u00eda de Cultura de la Naci\u00f3n y la Biblioteca Nacional, bajo la curadur\u00eda de Leandro Donozo y Oscar Steimberg. Desde mediados de 2018 a diciembre de 2019, integr\u00f3, en calidad de asesora, el equipo de investigaci\u00f3n M\u00fasica \u00abculta\u00bb y literatura en Argentina. Algunos repertorios vocales del siglo XX, radicado en el Instituto de Artes del Espect\u00e1culo \u00abDr. Ra\u00fal H. Castagnino\u00bb de la FFyL-UBA.<br>Ha participado en calidad de asistente y expositora en jornadas y conferencias organizadas por la Asociaci\u00f3n Argentina de Musicolog\u00eda, el Instituto Nacional de Musicolog\u00eda \u201cCarlos Vega\u201d, el Instituto de Teor\u00eda e Historia del Arte \u201cJulio E. Payr\u00f3\u201d, Instituto Superior de M\u00fasica (Facultad de Humanidades y Ciencias, Universidad Nacional del Litoral), la IASPM-AL (Rama Latinoamericana de la Asociaci\u00f3n Internacional para el Estudio de la M\u00fasica Popular), el Instituto de Investigaci\u00f3n Musicol\u00f3gica \u201cCarlos Vega\u201d, la Fundaci\u00f3n El Libro y la Academia Nacional de Folklore.<br>Fue Secretaria de la Comisi\u00f3n Directiva de la Asociaci\u00f3n Argentina de Musicolog\u00eda (2015-2016) y miembro del Comit\u00e9 organizador de los siguientes eventos cient\u00edficos: XXII Conferencia de la Asociaci\u00f3n Argentina de Musicolog\u00eda y XVIII Jornadas Argentinas de Musicolog\u00eda: \u00abConmemoraciones, problemas y prioridades de los estudios musicol\u00f3gicos actuales en Latinoam\u00e9rica\u00bb (AAM \/ INMCV \/ ISM-UNL). Congreso de alcance internacional, llevado a cabo en la Ciudad de Santa Fe del 18 al 21 de agosto de 2016. S\u00e9ptimo Coloquio de M\u00fasica Populares y Segundo de M\u00fasicas Acad\u00e9micas en recordaci\u00f3n del Trig\u00e9simo Aniversario de la AAM 1985-2015 con Subsidio del FONCyT para reuniones cient\u00edficas peri\u00f3dicas (AAM \/ FFyL-UBA). Encuentro cient\u00edfico de alcance nacional, llevado a cabo en CABA los d\u00edas 5 y 6 de octubre de 2015.<br>Desde el a\u00f1o 2010 hasta 2024 fue la asistente editorial en Gourmet Musical Ediciones [www.gourmetmusicalediciones.com], editorial argentina dedicada a la publicaci\u00f3n de libros sobre m\u00fasica y musicolog\u00eda especializada en temas argentinos y latinoamericanos. Editorial galardonada en 2019 con el Premio Konex como uno de los hechos destacados en la difusi\u00f3n de la m\u00fasica cl\u00e1sica en la d\u00e9cada 2009-2019.<br>Particip\u00f3 en la revisi\u00f3n editorial de la Revista Argentina de Musicolog\u00eda N\u00b0 15-16 (Buenos Aires: Asociaci\u00f3n Argentina de Musicolog\u00eda, 2014\/2015).<br>Como docente del \u00e1rea art\u00edstica ha trabajado en todos los niveles del sistema educativo. Actualmente tiene a su cargo las c\u00e1tedras Historia de la M\u00fasica III en la Escuela Superior de Educaci\u00f3n Art\u00edstica en M\u00fasica \u201cJuan Pedro Esnaola\u201d; Historia General de la M\u00fasica II e Historia de la M\u00fasica Argentina, en el Conservatorio Superior de M\u00fasica de la Ciudad de Buenos Aires \u201cAstor Piazzolla\u201d; M\u00fasica de los siglos XVII a XIX, Metodolog\u00eda y Pr\u00e1ctica de la Investigaci\u00f3n y Tecnolog\u00eda Aplicada a la Investigaci\u00f3n Musicol\u00f3gica en la carrera de Musicolog\u00eda del Conservatorio de M\u00fasica de Mor\u00f3n \u201cAlberto Ginastera\u201d; e Historia de la M\u00fasica Argentina en el Conservatorio Superior de M\u00fasica \u201cManuel de Falla\u201d.<\/p>\n<\/div><\/div>\n\n\n\n<hr class=\"wp-block-separator has-css-opacity\"\/>\n\n\n\n<div class=\"wp-block-buttons alignwide is-horizontal is-content-justification-center is-layout-flex wp-container-2\">\n<div class=\"wp-block-button\"><a class=\"wp-block-button__link has-black-color has-vivid-cyan-blue-background-color has-text-color has-background wp-element-button\" href=\"https:\/\/esnaola-caba.infd.edu.ar\/sitio\/cuerpo-docente\/\">VOLVER A LISTADO DE DOCENTES<\/a><\/div>\n<\/div>\n\n\n\n<p><\/p>\n","protected":false},"excerpt":{"rendered":"<p>Docente de Historia de la M\u00fasica IIIAyudante de C\u00e1tedra MARCELA ALEJANDRA ABAD Marcela Alejandra Abad inici\u00f3 sus estudios musicales a los nueve a\u00f1os de edad en la Escuela Municipal de M\u00fasica \u201cJuli\u00e1n Aguirre\u201d de San Miguel con el Profesorado de M\u00fasica especialidad Guitarra. Es graduada con honores del Profesorado de Ense\u00f1anza Media y Superior en &#8230; <a title=\"MARCELA ALEJANDRA ABAD\" class=\"read-more\" href=\"https:\/\/esnaola-caba.infd.edu.ar\/sitio\/marcela-alejandra-abad\/\" aria-label=\"More on MARCELA ALEJANDRA ABAD\">[+]<\/a><\/p>\n","protected":false},"author":339,"featured_media":0,"parent":0,"menu_order":0,"comment_status":"closed","ping_status":"closed","template":"","meta":[],"acf":[],"_links":{"self":[{"href":"https:\/\/esnaola-caba.infd.edu.ar\/sitio\/wp-json\/wp\/v2\/pages\/4957"}],"collection":[{"href":"https:\/\/esnaola-caba.infd.edu.ar\/sitio\/wp-json\/wp\/v2\/pages"}],"about":[{"href":"https:\/\/esnaola-caba.infd.edu.ar\/sitio\/wp-json\/wp\/v2\/types\/page"}],"author":[{"embeddable":true,"href":"https:\/\/esnaola-caba.infd.edu.ar\/sitio\/wp-json\/wp\/v2\/users\/339"}],"replies":[{"embeddable":true,"href":"https:\/\/esnaola-caba.infd.edu.ar\/sitio\/wp-json\/wp\/v2\/comments?post=4957"}],"version-history":[{"count":1,"href":"https:\/\/esnaola-caba.infd.edu.ar\/sitio\/wp-json\/wp\/v2\/pages\/4957\/revisions"}],"predecessor-version":[{"id":4959,"href":"https:\/\/esnaola-caba.infd.edu.ar\/sitio\/wp-json\/wp\/v2\/pages\/4957\/revisions\/4959"}],"wp:attachment":[{"href":"https:\/\/esnaola-caba.infd.edu.ar\/sitio\/wp-json\/wp\/v2\/media?parent=4957"}],"curies":[{"name":"wp","href":"https:\/\/api.w.org\/{rel}","templated":true}]}}