{"id":4948,"date":"2024-08-29T19:33:09","date_gmt":"2024-08-29T22:33:09","guid":{"rendered":"https:\/\/esnaola-caba.infd.edu.ar\/sitio\/?page_id=4948"},"modified":"2024-10-01T18:51:44","modified_gmt":"2024-10-01T21:51:44","slug":"eric-slobodjanac","status":"publish","type":"page","link":"https:\/\/esnaola-caba.infd.edu.ar\/sitio\/eric-slobodjanac\/","title":{"rendered":"ERIC SLOBODJANAC"},"content":{"rendered":"\n<p><strong>Docente de Taller 7: \u00abPr\u00e1cticas de la Ense\u00f1anza en la Modalidad Art\u00edstica\u00bb<br>Docente de Taller 8: \u00abLa Residencia con distintos sujetos en contextos diversos\u00bb<\/strong><\/p>\n\n\n\n<div class=\"wp-block-buttons is-layout-flex\">\n<div class=\"wp-block-button\"><a class=\"wp-block-button__link has-black-color has-vivid-cyan-blue-background-color has-text-color has-background wp-element-button\" href=\"https:\/\/duowolffpossetti.com\/\" target=\"_blank\" rel=\"noreferrer noopener\">SITIO WEB DEL DOCENTE<\/a><\/div>\n<\/div>\n\n\n\n<div class=\"wp-block-media-text alignwide is-stacked-on-mobile\"><figure class=\"wp-block-media-text__media\"><img decoding=\"async\" loading=\"lazy\" width=\"874\" height=\"874\" src=\"https:\/\/esnaola-caba.infd.edu.ar\/sitio\/wp-content\/uploads\/2024\/08\/Eric-Slobodjanac.jpg\" alt=\"\" class=\"wp-image-4949 size-full\" srcset=\"https:\/\/esnaola-caba.infd.edu.ar\/sitio\/wp-content\/uploads\/2024\/08\/Eric-Slobodjanac.jpg 874w, https:\/\/esnaola-caba.infd.edu.ar\/sitio\/wp-content\/uploads\/2024\/08\/Eric-Slobodjanac-500x500.jpg 500w, https:\/\/esnaola-caba.infd.edu.ar\/sitio\/wp-content\/uploads\/2024\/08\/Eric-Slobodjanac-768x768.jpg 768w\" sizes=\"(max-width: 874px) 100vw, 874px\" \/><\/figure><div class=\"wp-block-media-text__content\">\n<p><strong>ERIC SLOBODJANAC<\/strong><\/p>\n\n\n\n<p>EXPERIENCIA PROFESIONAL<\/p>\n\n\n\n<p>2024: Profesorado de m\u00fasica de la ESEA en M\u00fasica \u201cJuan Pedro Esnaola\u201d Docente de Taller de Pr\u00e1cticas de la ense\u00f1anza en la modalidad art\u00edstica y Taller de Residencia.<\/p>\n\n\n\n<p>2022 \u2013 Actualidad: Conservatorio Superior de M\u00fasica Manuel de Falla. Docente de Did\u00e1ctica de la M\u00fasica y Sujetos del Nivel Secundario. Docente de Taller de Residencia. Docente de Taller de Pr\u00e1cticas de la Ense\u00f1anza en nivel secundario.<\/p>\n\n\n\n<p>2014-Actualidad: Copla Colores, conjunto de m\u00fasica para las infancias. M\u00fasico y compositor. Presentaciones musicales en espacios culturales destacados como Tecn\u00f3polis, Usina del Arte y CCK, entre otros.<\/p>\n\n\n\n<p>2012-2023: Colegio R\u00edo de la Plata. Docente de m\u00fasica de nivel secundario y primario<\/p>\n\n\n\n<p>FORMACI\u00d3N<\/p>\n\n\n\n<p>2021 \u20132023: Taller de Composici\u00f3n del CSMMF. Egresado.<\/p>\n\n\n\n<p>2012-2021: Conservatorio Superior de M\u00fasica Manuel de Falla. Profesor de m\u00fasica con orientaci\u00f3n en Producci\u00f3n Musical Did\u00e1ctica.<\/p>\n\n\n\n<p>2011: Conservatorio Superior de M\u00fasica \u201cManuel de Falla\u201d. T\u00e9cnico en M\u00fasica (Piano)<\/p>\n<\/div><\/div>\n\n\n\n<hr class=\"wp-block-separator has-css-opacity\"\/>\n\n\n\n<div class=\"wp-block-buttons alignwide is-horizontal is-content-justification-center is-layout-flex wp-container-2\">\n<div class=\"wp-block-button\"><a class=\"wp-block-button__link has-black-color has-vivid-cyan-blue-background-color has-text-color has-background wp-element-button\" href=\"https:\/\/esnaola-caba.infd.edu.ar\/sitio\/cuerpo-docente\/\">VOLVER A LISTADO DE DOCENTES<\/a><\/div>\n<\/div>\n\n\n\n<p><\/p>\n","protected":false},"excerpt":{"rendered":"<p>Docente de Taller 7: \u00abPr\u00e1cticas de la Ense\u00f1anza en la Modalidad Art\u00edstica\u00bbDocente de Taller 8: \u00abLa Residencia con distintos sujetos en contextos diversos\u00bb ERIC SLOBODJANAC EXPERIENCIA PROFESIONAL 2024: Profesorado de m\u00fasica de la ESEA en M\u00fasica \u201cJuan Pedro Esnaola\u201d Docente de Taller de Pr\u00e1cticas de la ense\u00f1anza en la modalidad art\u00edstica y Taller de Residencia. &#8230; <a title=\"ERIC SLOBODJANAC\" class=\"read-more\" href=\"https:\/\/esnaola-caba.infd.edu.ar\/sitio\/eric-slobodjanac\/\" aria-label=\"More on ERIC SLOBODJANAC\">[+]<\/a><\/p>\n","protected":false},"author":339,"featured_media":0,"parent":0,"menu_order":0,"comment_status":"closed","ping_status":"closed","template":"","meta":[],"acf":[],"_links":{"self":[{"href":"https:\/\/esnaola-caba.infd.edu.ar\/sitio\/wp-json\/wp\/v2\/pages\/4948"}],"collection":[{"href":"https:\/\/esnaola-caba.infd.edu.ar\/sitio\/wp-json\/wp\/v2\/pages"}],"about":[{"href":"https:\/\/esnaola-caba.infd.edu.ar\/sitio\/wp-json\/wp\/v2\/types\/page"}],"author":[{"embeddable":true,"href":"https:\/\/esnaola-caba.infd.edu.ar\/sitio\/wp-json\/wp\/v2\/users\/339"}],"replies":[{"embeddable":true,"href":"https:\/\/esnaola-caba.infd.edu.ar\/sitio\/wp-json\/wp\/v2\/comments?post=4948"}],"version-history":[{"count":1,"href":"https:\/\/esnaola-caba.infd.edu.ar\/sitio\/wp-json\/wp\/v2\/pages\/4948\/revisions"}],"predecessor-version":[{"id":4950,"href":"https:\/\/esnaola-caba.infd.edu.ar\/sitio\/wp-json\/wp\/v2\/pages\/4948\/revisions\/4950"}],"wp:attachment":[{"href":"https:\/\/esnaola-caba.infd.edu.ar\/sitio\/wp-json\/wp\/v2\/media?parent=4948"}],"curies":[{"name":"wp","href":"https:\/\/api.w.org\/{rel}","templated":true}]}}