{"id":4943,"date":"2024-08-28T19:01:58","date_gmt":"2024-08-28T22:01:58","guid":{"rendered":"https:\/\/esnaola-caba.infd.edu.ar\/sitio\/?page_id=4943"},"modified":"2024-10-01T18:49:52","modified_gmt":"2024-10-01T21:49:52","slug":"pablo-stocco","status":"publish","type":"page","link":"https:\/\/esnaola-caba.infd.edu.ar\/sitio\/pablo-stocco\/","title":{"rendered":"PABLO STOCCO"},"content":{"rendered":"\n<p><strong>Docente de R\u00edtmica Dalcroze<\/strong><\/p>\n\n\n\n<div class=\"wp-block-media-text alignwide is-stacked-on-mobile\"><figure class=\"wp-block-media-text__media\"><img decoding=\"async\" loading=\"lazy\" width=\"662\" height=\"1015\" src=\"https:\/\/esnaola-caba.infd.edu.ar\/sitio\/wp-content\/uploads\/2024\/08\/20190722_161757-1.jpg\" alt=\"\" class=\"wp-image-4944 size-full\" srcset=\"https:\/\/esnaola-caba.infd.edu.ar\/sitio\/wp-content\/uploads\/2024\/08\/20190722_161757-1.jpg 662w, https:\/\/esnaola-caba.infd.edu.ar\/sitio\/wp-content\/uploads\/2024\/08\/20190722_161757-1-652x1000.jpg 652w\" sizes=\"(max-width: 662px) 100vw, 662px\" \/><\/figure><div class=\"wp-block-media-text__content\">\n<p><strong>PABLO STOCCO<\/strong><\/p>\n\n\n\n<p>Es egresado del Conservatorio de M\u00fasica de Bah\u00eda Blanca en las carreras de Profesorado en Direcci\u00f3n Coral, Profesorado en Educaci\u00f3n Musical y Profesorado en Piano. Actualmente es Vicedirector del Conservatorio de M\u00fasica de San Mart\u00edn \u00abAlfredo Luis Schiuma\u00bb y profesor en diferentes niveles y modalidades.<br>Realiza una intensa labor en el desarrollo y fomento del Canto Colectivo en escuelas de ense\u00f1anza general como profesor titular de c\u00e1tedras afines.<br>Su certificaci\u00f3n en R\u00edtmica Dalcroze obtenida en la Escuela Moderna de Danza y M\u00fasica en Chile en convenio con el Institut Jaques Dalcroze (Ginebra), le permiti\u00f3 incorporar a las propuestas de formaci\u00f3n, aspectos vinculados al rol del cuerpo en el fomento del canto colectivo para escuelas de ense\u00f1anza general.<br>Forma parte del Consejo Editorial de la Revista de Did\u00e1ctica de la M\u00fasica Eufon\u00eda (Editorial GRAO) y participa como profesor en las Formaciones Superiores de R\u00edtmica Dalcroze en Espa\u00f1a, Chile y Argentina.<br>Dentro de la Asociaci\u00f3n de Directores de Coro de Argentina (ADICORA) se ha desempe\u00f1ado como Vocal (2020-2021) y Secretario del Interior (2021-2022) en la Comisi\u00f3n Nacional. Actualmente es Secretario de ADICORA Filial CABA.<\/p>\n<\/div><\/div>\n\n\n\n<hr class=\"wp-block-separator has-css-opacity\"\/>\n\n\n\n<div class=\"wp-block-buttons alignwide is-horizontal is-content-justification-center is-layout-flex wp-container-1\">\n<div class=\"wp-block-button\"><a class=\"wp-block-button__link has-black-color has-vivid-cyan-blue-background-color has-text-color has-background wp-element-button\" href=\"https:\/\/esnaola-caba.infd.edu.ar\/sitio\/equipo-docente\/\">VOLVER A LISTADO DE DOCENTES<\/a><\/div>\n<\/div>\n\n\n\n<p><\/p>\n","protected":false},"excerpt":{"rendered":"<p>Docente de R\u00edtmica Dalcroze PABLO STOCCO Es egresado del Conservatorio de M\u00fasica de Bah\u00eda Blanca en las carreras de Profesorado en Direcci\u00f3n Coral, Profesorado en Educaci\u00f3n Musical y Profesorado en Piano. Actualmente es Vicedirector del Conservatorio de M\u00fasica de San Mart\u00edn \u00abAlfredo Luis Schiuma\u00bb y profesor en diferentes niveles y modalidades.Realiza una intensa labor en &#8230; <a title=\"PABLO STOCCO\" class=\"read-more\" href=\"https:\/\/esnaola-caba.infd.edu.ar\/sitio\/pablo-stocco\/\" aria-label=\"More on PABLO STOCCO\">[+]<\/a><\/p>\n","protected":false},"author":339,"featured_media":0,"parent":0,"menu_order":0,"comment_status":"closed","ping_status":"closed","template":"","meta":[],"acf":[],"_links":{"self":[{"href":"https:\/\/esnaola-caba.infd.edu.ar\/sitio\/wp-json\/wp\/v2\/pages\/4943"}],"collection":[{"href":"https:\/\/esnaola-caba.infd.edu.ar\/sitio\/wp-json\/wp\/v2\/pages"}],"about":[{"href":"https:\/\/esnaola-caba.infd.edu.ar\/sitio\/wp-json\/wp\/v2\/types\/page"}],"author":[{"embeddable":true,"href":"https:\/\/esnaola-caba.infd.edu.ar\/sitio\/wp-json\/wp\/v2\/users\/339"}],"replies":[{"embeddable":true,"href":"https:\/\/esnaola-caba.infd.edu.ar\/sitio\/wp-json\/wp\/v2\/comments?post=4943"}],"version-history":[{"count":2,"href":"https:\/\/esnaola-caba.infd.edu.ar\/sitio\/wp-json\/wp\/v2\/pages\/4943\/revisions"}],"predecessor-version":[{"id":5113,"href":"https:\/\/esnaola-caba.infd.edu.ar\/sitio\/wp-json\/wp\/v2\/pages\/4943\/revisions\/5113"}],"wp:attachment":[{"href":"https:\/\/esnaola-caba.infd.edu.ar\/sitio\/wp-json\/wp\/v2\/media?parent=4943"}],"curies":[{"name":"wp","href":"https:\/\/api.w.org\/{rel}","templated":true}]}}