{"id":4830,"date":"2024-08-01T20:50:38","date_gmt":"2024-08-01T23:50:38","guid":{"rendered":"https:\/\/esnaola-caba.infd.edu.ar\/sitio\/?page_id=4830"},"modified":"2024-09-12T19:44:41","modified_gmt":"2024-09-12T22:44:41","slug":"eppem","status":"publish","type":"page","link":"https:\/\/esnaola-caba.infd.edu.ar\/sitio\/eppem\/","title":{"rendered":"EPPEM"},"content":{"rendered":"\n<p><strong>Encuentro sobre Pr\u00e1cticas Pedag\u00f3gicas en Educaci\u00f3n Musical (EPPEM)<\/strong><br><br>Estos encuentros fueron iniciados, en el marco del 10\u00b0 aniversario del nivel terciario de la ESEAM JPE en el a\u00f1o 2019.<br>Se trata de un espacio de reflexi\u00f3n e intercambio en el que poder revisar nuestros quehaceres como educadores musicales, poner en valor nuestra identidad institucional y articular miradas entre los diversos actores del campo de la especialidad sobre distintas tem\u00e1ticas que, ya sea desde fecundas tradiciones centenarias o desafiantes planteos contempor\u00e1neos, nos interpelan en nuestra actividad art\u00edstica y pedag\u00f3gica cotidiana.<\/p>\n\n\n\n<p><\/p>\n\n\n\n<ul class=\"has-large-font-size\">\n<li class=\"has-large-font-size\">EPPEM 2024\n<ul>\n<li class=\"has-medium-font-size\"><a href=\"https:\/\/esnaola-caba.infd.edu.ar\/sitio\/llamado-a-presentacion-de-trabajos-2024\/\">Llamado de presentaci\u00f3n de trabajos<\/a><\/li>\n\n\n\n<li class=\"has-medium-font-size\"><a href=\"https:\/\/esnaola-caba.infd.edu.ar\/sitio\/conferencias-charlas-y-talleres-3\/\">Conferencias, charlas y talleres<\/a><\/li>\n<\/ul>\n<\/li>\n<\/ul>\n\n\n\n<p><\/p>\n\n\n\n<div class=\"wp-block-group is-vertical is-layout-flex wp-container-1\">\n<p class=\"has-medium-font-size\"><strong>Ediciones anteriores<\/strong><\/p>\n\n\n\n<ul>\n<li class=\"has-medium-font-size\">2023\n<ul>\n<li class=\"has-medium-font-size\"><a href=\"https:\/\/esnaola-caba.infd.edu.ar\/sitio\/conferencias-charlas-y-talleres-2\/\">Conferencias, charlas y talleres<\/a><\/li>\n\n\n\n<li class=\"has-medium-font-size\"><a href=\"https:\/\/esnaola-caba.infd.edu.ar\/sitio\/llamado-a-presentacion-de-trabajos\/\">Llamado a presentaci\u00f3n de trabajos<\/a><\/li>\n\n\n\n<li class=\"has-medium-font-size\"><a href=\"https:\/\/esnaola-caba.infd.edu.ar\/sitio\/flyers\/\">Flyers<\/a><\/li>\n<\/ul>\n<\/li>\n\n\n\n<li class=\"has-medium-font-size\">2022\n<ul>\n<li class=\"has-medium-font-size\"><a href=\"https:\/\/esnaola-caba.infd.edu.ar\/sitio\/conferencias-charlas-y-talleres\/\">Conferencias, charlas y talleres<\/a><\/li>\n\n\n\n<li class=\"has-medium-font-size\"><a href=\"https:\/\/esnaola-caba.infd.edu.ar\/sitio\/eppem-2022-llamado-a-presentacion-de-trabajos\/\">Pr\u00f3rroga del llamado a presentaci\u00f3n de trabajos<\/a><\/li>\n<\/ul>\n<\/li>\n\n\n\n<li class=\"has-medium-font-size\">2021\n<ul>\n<li class=\"has-medium-font-size\"><a href=\"https:\/\/esnaola-caba.infd.edu.ar\/sitio\/programa\/\">Programa<\/a><\/li>\n\n\n\n<li class=\"has-medium-font-size\"><a href=\"https:\/\/esnaola-caba.infd.edu.ar\/sitio\/conferencistas-y-talleristas\/\">Conferencistas y talleristas<\/a><\/li>\n<\/ul>\n<\/li>\n\n\n\n<li class=\"has-medium-font-size\">2020\n<ul>\n<li class=\"has-medium-font-size\"><a href=\"https:\/\/esnaola-caba.infd.edu.ar\/sitio\/actividades-eppem-2020\/\">Panelistas EPPEM 2020<\/a><\/li>\n<\/ul>\n<\/li>\n\n\n\n<li class=\"has-medium-font-size\">2019\n<ul>\n<li class=\"has-medium-font-size\"><a href=\"https:\/\/esnaola-caba.infd.edu.ar\/sitio\/propuesta-eppem-2019\/\">Propuestas EPPEM 2019<\/a><\/li>\n\n\n\n<li class=\"has-medium-font-size\"><a href=\"https:\/\/esnaola-caba.infd.edu.ar\/sitio\/actividades-eppem-2019\/\">Actividades EMMEM 2019<\/a><\/li>\n<\/ul>\n<\/li>\n<\/ul>\n<\/div>\n","protected":false},"excerpt":{"rendered":"<p>Encuentro sobre Pr\u00e1cticas Pedag\u00f3gicas en Educaci\u00f3n Musical (EPPEM) Estos encuentros fueron iniciados, en el marco del 10\u00b0 aniversario del nivel terciario de la ESEAM JPE en el a\u00f1o 2019.Se trata de un espacio de reflexi\u00f3n e intercambio en el que poder revisar nuestros quehaceres como educadores musicales, poner en valor nuestra identidad institucional y articular &#8230; <a title=\"EPPEM\" class=\"read-more\" href=\"https:\/\/esnaola-caba.infd.edu.ar\/sitio\/eppem\/\" aria-label=\"More on EPPEM\">[+]<\/a><\/p>\n","protected":false},"author":586,"featured_media":0,"parent":0,"menu_order":0,"comment_status":"closed","ping_status":"closed","template":"","meta":[],"acf":[],"_links":{"self":[{"href":"https:\/\/esnaola-caba.infd.edu.ar\/sitio\/wp-json\/wp\/v2\/pages\/4830"}],"collection":[{"href":"https:\/\/esnaola-caba.infd.edu.ar\/sitio\/wp-json\/wp\/v2\/pages"}],"about":[{"href":"https:\/\/esnaola-caba.infd.edu.ar\/sitio\/wp-json\/wp\/v2\/types\/page"}],"author":[{"embeddable":true,"href":"https:\/\/esnaola-caba.infd.edu.ar\/sitio\/wp-json\/wp\/v2\/users\/586"}],"replies":[{"embeddable":true,"href":"https:\/\/esnaola-caba.infd.edu.ar\/sitio\/wp-json\/wp\/v2\/comments?post=4830"}],"version-history":[{"count":5,"href":"https:\/\/esnaola-caba.infd.edu.ar\/sitio\/wp-json\/wp\/v2\/pages\/4830\/revisions"}],"predecessor-version":[{"id":4984,"href":"https:\/\/esnaola-caba.infd.edu.ar\/sitio\/wp-json\/wp\/v2\/pages\/4830\/revisions\/4984"}],"wp:attachment":[{"href":"https:\/\/esnaola-caba.infd.edu.ar\/sitio\/wp-json\/wp\/v2\/media?parent=4830"}],"curies":[{"name":"wp","href":"https:\/\/api.w.org\/{rel}","templated":true}]}}