{"id":4290,"date":"2022-11-07T21:28:32","date_gmt":"2022-11-08T00:28:32","guid":{"rendered":"https:\/\/esnaola-caba.infd.edu.ar\/sitio\/?page_id=4290"},"modified":"2022-11-09T18:31:53","modified_gmt":"2022-11-09T21:31:53","slug":"sobre-cuenta-bue","status":"publish","type":"page","link":"https:\/\/esnaola-caba.infd.edu.ar\/sitio\/sobre-cuenta-bue\/","title":{"rendered":"Sobre cuenta \u00ab@bue\u00bb"},"content":{"rendered":"\n<p><strong>Si sos docente en ejercicio y todav\u00eda no ten\u00e9s una cuenta @bue.edu.ar, te informamos que existen dos maneras diferentes de solicitarla:<\/strong><\/p>\n\n\n\n<ul><li>Envi\u00e1 un correo electr\u00f3nico a soporte.cadentuescuela@bue.edu.ar solicitando la creaci\u00f3n de la cuenta y adjunt\u00e1 una foto de la constancia de CUIL y del DNI.<\/li><li>Contactate con la Mesa de Ayuda llamando al 0800-333-3382 (opci\u00f3n 1, 2 y 5).<\/li><\/ul>\n\n\n\n<p><strong>Si ya ten\u00e9s una cuenta bue pero no record\u00e1s el usuario o la clave, pod\u00e9s:<\/strong><\/p>\n\n\n\n<ul><li>Cambiar la contrase\u00f1a ingresando&nbsp;<a href=\"https:\/\/portal.bue.edu.ar\/recupero\/verificacion\">ac\u00e1<\/a>.<\/li><li>Verificar la cuenta desde&nbsp;<a href=\"https:\/\/portal.bue.edu.ar\/recupero\/cuenta\">ac\u00e1<\/a>.<\/li><li>Enviar un correo electr\u00f3nico a soporte.cadentuescuela@bue.edu.ar especificando el problema, y adjuntando una foto de la constancia de CUIL y del DNI.<\/li><\/ul>\n\n\n\n<p><\/p>\n","protected":false},"excerpt":{"rendered":"<p>Si sos docente en ejercicio y todav\u00eda no ten\u00e9s una cuenta @bue.edu.ar, te informamos que existen dos maneras diferentes de solicitarla: Envi\u00e1 un correo electr\u00f3nico a soporte.cadentuescuela@bue.edu.ar solicitando la creaci\u00f3n de la cuenta y adjunt\u00e1 una foto de la constancia de CUIL y del DNI. Contactate con la Mesa de Ayuda llamando al 0800-333-3382 (opci\u00f3n &#8230; <a title=\"Sobre cuenta \u00ab@bue\u00bb\" class=\"read-more\" href=\"https:\/\/esnaola-caba.infd.edu.ar\/sitio\/sobre-cuenta-bue\/\" aria-label=\"More on Sobre cuenta \u00ab@bue\u00bb\">[+]<\/a><\/p>\n","protected":false},"author":586,"featured_media":0,"parent":0,"menu_order":0,"comment_status":"closed","ping_status":"closed","template":"","meta":[],"acf":[],"_links":{"self":[{"href":"https:\/\/esnaola-caba.infd.edu.ar\/sitio\/wp-json\/wp\/v2\/pages\/4290"}],"collection":[{"href":"https:\/\/esnaola-caba.infd.edu.ar\/sitio\/wp-json\/wp\/v2\/pages"}],"about":[{"href":"https:\/\/esnaola-caba.infd.edu.ar\/sitio\/wp-json\/wp\/v2\/types\/page"}],"author":[{"embeddable":true,"href":"https:\/\/esnaola-caba.infd.edu.ar\/sitio\/wp-json\/wp\/v2\/users\/586"}],"replies":[{"embeddable":true,"href":"https:\/\/esnaola-caba.infd.edu.ar\/sitio\/wp-json\/wp\/v2\/comments?post=4290"}],"version-history":[{"count":2,"href":"https:\/\/esnaola-caba.infd.edu.ar\/sitio\/wp-json\/wp\/v2\/pages\/4290\/revisions"}],"predecessor-version":[{"id":4292,"href":"https:\/\/esnaola-caba.infd.edu.ar\/sitio\/wp-json\/wp\/v2\/pages\/4290\/revisions\/4292"}],"wp:attachment":[{"href":"https:\/\/esnaola-caba.infd.edu.ar\/sitio\/wp-json\/wp\/v2\/media?parent=4290"}],"curies":[{"name":"wp","href":"https:\/\/api.w.org\/{rel}","templated":true}]}}