{"id":4286,"date":"2022-11-07T21:16:49","date_gmt":"2022-11-08T00:16:49","guid":{"rendered":"https:\/\/esnaola-caba.infd.edu.ar\/sitio\/?page_id=4286"},"modified":"2022-11-09T18:58:57","modified_gmt":"2022-11-09T21:58:57","slug":"aplicacion-mia","status":"publish","type":"page","link":"https:\/\/esnaola-caba.infd.edu.ar\/sitio\/aplicacion-mia\/","title":{"rendered":"Aplicaci\u00f3n MIA"},"content":{"rendered":"\n<p class=\"has-medium-font-size\"><strong>Sobre Aplicaci\u00f3n MIA<\/strong><\/p>\n\n\n\n<p>A partir del 1 de diciembre 2020 se pone en funcionamiento la aplicaci\u00f3n MI Autogesti\u00f3n (MIA) para solicitar las licencias m\u00e9dicas.<\/p>\n\n\n\n<p>Se recomienda activarse como usuario para poder solucionar inconvenientes si existieran, ingresando a <a href=\"http:\/\/miautogestion.buenosaires.gov.ar\/\">miautogestion.buenosaires.gov.ar<\/a>&nbsp; (preferiblemente ingresar desde el buscador Mozila Firefox &nbsp;o &nbsp;Internet Explorer.)<\/p>\n\n\n\n<p>Se puede descargar la app desde el Play Store (Android). No se puede, por el momento, descargar desde IPhone pero s\u00ed los\/las usuarios\/as pueden registrarse como tales a trav\u00e9s de la web<\/p>\n\n\n\n<p>Los links a manual MIA <a href=\"https:\/\/drive.google.com\/drive\/folders\/1eBjsxmMl7DAthBWTMQbhszpZ8K_qMRVu\">https:\/\/drive.google.com\/drive\/folders\/1eBjsxmMl7DAthBWTMQbhszpZ8K_qMRVu<\/a><br>y link a tutorial &nbsp;               <a href=\"https:\/\/view.genial.ly\/5f3587944bbb6c0d79575a0e\">https:\/\/view.genial.ly\/5f3587944bbb6c0d79575a0e<\/a>&nbsp; &nbsp;&nbsp;<\/p>\n\n\n\n<p>Cualquier duda o consulta se debe hacer a trav\u00e9s de correo electr\u00f3nico a&nbsp;<a href=\"mailto:consulta.sial@bue.edu.ar\">consulta.sial@bue.edu.ar<\/a>&nbsp;o a los tel\u00e9fonos 6076-6000 internos 4047\/4052\/4053Descarg\u00e1 el instructivo para el uso de la app MIA&nbsp;<a href=\"https:\/\/drive.google.com\/file\/d\/15xUA_FMTEh8MDHUm8Af-84Th2d11GXha\/view?usp=sharing\">AQU\u00cd<\/a><\/p>\n\n\n\n<div class=\"wp-block-image\"><figure class=\"aligncenter\"><a href=\"https:\/\/1.bp.blogspot.com\/-GG2Ij3xYiPI\/X9qE7i9KCmI\/AAAAAAAABhQ\/HlsEIOk7M5wKduR_cgDSryTXHZPrU54JQCLcBGAsYHQ\/s620\/WhatsApp%2BImage%2B2020-12-16%2Bat%2B19.05.14.jpeg\"><img decoding=\"async\" src=\"https:\/\/1.bp.blogspot.com\/-GG2Ij3xYiPI\/X9qE7i9KCmI\/AAAAAAAABhQ\/HlsEIOk7M5wKduR_cgDSryTXHZPrU54JQCLcBGAsYHQ\/w530-h427\/WhatsApp%2BImage%2B2020-12-16%2Bat%2B19.05.14.jpeg\" alt=\"\"\/><\/a><\/figure><\/div>\n\n\n\n<p><\/p>\n","protected":false},"excerpt":{"rendered":"<p>Sobre Aplicaci\u00f3n MIA A partir del 1 de diciembre 2020 se pone en funcionamiento la aplicaci\u00f3n MI Autogesti\u00f3n (MIA) para solicitar las licencias m\u00e9dicas. Se recomienda activarse como usuario para poder solucionar inconvenientes si existieran, ingresando a miautogestion.buenosaires.gov.ar&nbsp; (preferiblemente ingresar desde el buscador Mozila Firefox &nbsp;o &nbsp;Internet Explorer.) Se puede descargar la app desde el &#8230; <a title=\"Aplicaci\u00f3n MIA\" class=\"read-more\" href=\"https:\/\/esnaola-caba.infd.edu.ar\/sitio\/aplicacion-mia\/\" aria-label=\"More on Aplicaci\u00f3n MIA\">[+]<\/a><\/p>\n","protected":false},"author":586,"featured_media":0,"parent":0,"menu_order":0,"comment_status":"closed","ping_status":"closed","template":"","meta":[],"acf":[],"_links":{"self":[{"href":"https:\/\/esnaola-caba.infd.edu.ar\/sitio\/wp-json\/wp\/v2\/pages\/4286"}],"collection":[{"href":"https:\/\/esnaola-caba.infd.edu.ar\/sitio\/wp-json\/wp\/v2\/pages"}],"about":[{"href":"https:\/\/esnaola-caba.infd.edu.ar\/sitio\/wp-json\/wp\/v2\/types\/page"}],"author":[{"embeddable":true,"href":"https:\/\/esnaola-caba.infd.edu.ar\/sitio\/wp-json\/wp\/v2\/users\/586"}],"replies":[{"embeddable":true,"href":"https:\/\/esnaola-caba.infd.edu.ar\/sitio\/wp-json\/wp\/v2\/comments?post=4286"}],"version-history":[{"count":2,"href":"https:\/\/esnaola-caba.infd.edu.ar\/sitio\/wp-json\/wp\/v2\/pages\/4286\/revisions"}],"predecessor-version":[{"id":4301,"href":"https:\/\/esnaola-caba.infd.edu.ar\/sitio\/wp-json\/wp\/v2\/pages\/4286\/revisions\/4301"}],"wp:attachment":[{"href":"https:\/\/esnaola-caba.infd.edu.ar\/sitio\/wp-json\/wp\/v2\/media?parent=4286"}],"curies":[{"name":"wp","href":"https:\/\/api.w.org\/{rel}","templated":true}]}}