{"id":318,"date":"2016-10-31T14:20:44","date_gmt":"2016-10-31T17:20:44","guid":{"rendered":"https:\/\/esnaola-caba.infd.edu.ar\/sitio\/?page_id=318"},"modified":"2025-11-11T19:30:08","modified_gmt":"2025-11-11T22:30:08","slug":"informacion","status":"publish","type":"page","link":"https:\/\/esnaola-caba.infd.edu.ar\/sitio\/informacion\/","title":{"rendered":"INFORMACI\u00d3N"},"content":{"rendered":"<div  class=\"lgc-column lgc-grid-parent lgc-grid-70 lgc-tablet-grid-60 lgc-mobile-grid-100 lgc-equal-heights \"><div  class=\"inside-grid-column\"><\/div><\/div>\n<h2>Informaci\u00f3n<\/h2>\n<p>V\u00edas de informaci\u00f3n\/comunicaci\u00f3n:<\/p>\n<p><strong>Nivel Terciario<\/strong> (2\u00b0 tramo de la carrera)<br \/>\n* Sitio web:\u00a0<a href=\"https:\/\/esnaola-caba.infd.edu.ar\/sitio\/\" target=\"_blank\" rel=\"noopener\">https:\/\/esnaola-caba.infd.edu.ar\/sitio\/<\/a><br \/>\n* E-mail: <a href=\"mailto:terciarioeseamjpesnaola@gmail.com\">terciarioeseamjpesnaola@gmail.com<\/a> (s\u00f3lo para consultas del Nivel Terciario)<br \/>\n* Tel\u00e9fono: no posee<br \/>\n* A trav\u00e9s del Formulario de Contacto (m\u00e1s abajo)<br \/>\n* Personalmente: Av. Cris\u00f3logo Larralde 5085, Saavedra (CABA). Secretar\u00eda de nivel terciario. Horario: 19:30 a 21:00 h.<\/p>\n<p><strong>Nivel Medio<\/strong> (1\u00b0 tramo de la carrera, Plan Int\u00e9rprete)<br \/>\n* Sitio web: <a href=\"http:\/\/www.escuelademusicajpesnaola.blogspot.com\" target=\"_blank\" rel=\"noopener\">www.escuelademusicajpesnaola.blogspot.com<\/a><br \/>\n* E-mail: <a href=\"mailto:dea_em400_de14@bue.edu.ar\">dea_em400_de14@bue.edu.ar<\/a><\/p>\n","protected":false},"excerpt":{"rendered":"<p>Informaci\u00f3n V\u00edas de informaci\u00f3n\/comunicaci\u00f3n: Nivel Terciario (2\u00b0 tramo de la carrera) * Sitio web:\u00a0https:\/\/esnaola-caba.infd.edu.ar\/sitio\/ * E-mail: terciarioeseamjpesnaola@gmail.com (s\u00f3lo para consultas del Nivel Terciario) * Tel\u00e9fono: no posee * A trav\u00e9s del Formulario de Contacto (m\u00e1s abajo) * Personalmente: Av. Cris\u00f3logo Larralde 5085, Saavedra (CABA). Secretar\u00eda de nivel terciario. Horario: 19:30 a 21:00 h. Nivel Medio &#8230; <a title=\"INFORMACI\u00d3N\" class=\"read-more\" href=\"https:\/\/esnaola-caba.infd.edu.ar\/sitio\/informacion\/\" aria-label=\"More on INFORMACI\u00d3N\">[+]<\/a><\/p>\n","protected":false},"author":1,"featured_media":0,"parent":0,"menu_order":0,"comment_status":"closed","ping_status":"closed","template":"","meta":[],"acf":[],"_links":{"self":[{"href":"https:\/\/esnaola-caba.infd.edu.ar\/sitio\/wp-json\/wp\/v2\/pages\/318"}],"collection":[{"href":"https:\/\/esnaola-caba.infd.edu.ar\/sitio\/wp-json\/wp\/v2\/pages"}],"about":[{"href":"https:\/\/esnaola-caba.infd.edu.ar\/sitio\/wp-json\/wp\/v2\/types\/page"}],"author":[{"embeddable":true,"href":"https:\/\/esnaola-caba.infd.edu.ar\/sitio\/wp-json\/wp\/v2\/users\/1"}],"replies":[{"embeddable":true,"href":"https:\/\/esnaola-caba.infd.edu.ar\/sitio\/wp-json\/wp\/v2\/comments?post=318"}],"version-history":[{"count":33,"href":"https:\/\/esnaola-caba.infd.edu.ar\/sitio\/wp-json\/wp\/v2\/pages\/318\/revisions"}],"predecessor-version":[{"id":5347,"href":"https:\/\/esnaola-caba.infd.edu.ar\/sitio\/wp-json\/wp\/v2\/pages\/318\/revisions\/5347"}],"wp:attachment":[{"href":"https:\/\/esnaola-caba.infd.edu.ar\/sitio\/wp-json\/wp\/v2\/media?parent=318"}],"curies":[{"name":"wp","href":"https:\/\/api.w.org\/{rel}","templated":true}]}}