{"id":3116,"date":"2022-06-09T20:19:52","date_gmt":"2022-06-09T23:19:52","guid":{"rendered":"https:\/\/esnaola-caba.infd.edu.ar\/sitio\/?page_id=3116"},"modified":"2024-09-16T18:51:01","modified_gmt":"2024-09-16T21:51:01","slug":"eva-wolff","status":"publish","type":"page","link":"https:\/\/esnaola-caba.infd.edu.ar\/sitio\/eva-wolff\/","title":{"rendered":"EVA WOLFF"},"content":{"rendered":"\n<p><strong>Docente de Bandone\u00f3n<\/strong><\/p>\n\n\n\n<div class=\"wp-block-buttons is-layout-flex\">\n<div class=\"wp-block-button\"><a class=\"wp-block-button__link has-black-color has-vivid-cyan-blue-background-color has-text-color has-background wp-element-button\" href=\"https:\/\/duowolffpossetti.com\/\" target=\"_blank\" rel=\"noreferrer noopener\">SITIO WEB DEL DOCENTE<\/a><\/div>\n<\/div>\n\n\n\n<div class=\"wp-block-media-text alignwide is-stacked-on-mobile\"><figure class=\"wp-block-media-text__media\"><img decoding=\"async\" loading=\"lazy\" width=\"683\" height=\"1024\" src=\"https:\/\/esnaola-caba.infd.edu.ar\/sitio\/wp-content\/uploads\/2022\/06\/foto-eva_media-683x1024-1.jpg\" alt=\"\" class=\"wp-image-3117 size-full\" srcset=\"https:\/\/esnaola-caba.infd.edu.ar\/sitio\/wp-content\/uploads\/2022\/06\/foto-eva_media-683x1024-1.jpg 683w, https:\/\/esnaola-caba.infd.edu.ar\/sitio\/wp-content\/uploads\/2022\/06\/foto-eva_media-683x1024-1-667x1000.jpg 667w\" sizes=\"(max-width: 683px) 100vw, 683px\" \/><\/figure><div class=\"wp-block-media-text__content\">\n<p><strong>Eva Wolff<\/strong><\/p>\n\n\n\n<p>Nacida en Gent, B\u00e9lgica.<br>&#8211; Es parte del elenco de Boulevard Tango, espect\u00e1culo de danza contempor\u00e1nea dirigido y protagonizado por Cecilia Figaredo.<br>&#8211; Integra la orquesta t\u00edpica de Guillermo Fern\u00e1ndez.<br>&#8211; Forma parte del elenco de Madero Tango.<br>-Integra el d\u00fao de tango Wolff-Possetti.<br>&#8211; Es autora del libro \u201cEl bandone\u00f3n en el tango\u201d, perteneciente a la colecci\u00f3n M\u00e9todo de Tango.<br>&#8211; Perteneci\u00f3 al elenco de \u201cTango para m\u00fasicos\u201d en Argentina y \u201cTango for Musicians\u201d en EEUU.<br>&#8211; Fue suplente en la Orquesta Juan de Dios Filiberto en el 2008. Con dicha orquesta grab\u00f3 un disco.<br>&#8211; De 2008 a 2009 integr\u00f3 el quinteto de Sonia Possetti.<br>&#8211; En 2008 integr\u00f3 la Orquesta T\u00edpica Sans Souci.<br>&#8211; En mayo de 2007 viaj\u00f3 a Suiza con la producci\u00f3n Estaci\u00f3n Tango, con un cuarteto dirigido por Paulina Fain y Exequiel Mantega, con m\u00fasica original de dicho d\u00fao.<br>&#8211; En diciembre 2006 actu\u00f3 en la obra \u00abHern\u00e1n Buenosayres\u00bb, protagonizada por el bailar\u00edn Hern\u00e1n Piqu\u00edn.<br>&#8211; En diciembre de 2005 actu\u00f3 como solista en Misa Tango, obra de Luis Bacalov, con la Orquesta Sinf\u00f3nica de Maastricht, Holanda.<br>&#8211; De julio a diciembre del 2003 y 2006 particip\u00f3 en el show Tangoservicio Tararira, bajo la direcci\u00f3n de Federico Mizrahi, con Guillermo Fern\u00e1ndez, Chino Laborde, Alfredo Piro, entre otros.<br>&#8211; En diciembre de 2003 viaj\u00f3 a M\u00e9xico, para tocar en el show Latin Tango.<br>&#8211; De 2002 a 2004 integr\u00f3 la Orquesta Escuela de Emilio Balcarce. Grab\u00f3 con la orquesta el disco \u00abBien compadre\u00bb.<br>&#8211; En el 2001 gan\u00f3 una beca que otorga el estado de Holanda, donde viv\u00eda en aquel momento, para estudiar un a\u00f1o en Buenos Aires.<br>&#8211; En mayo del mismo a\u00f1o egres\u00f3 del Conservatorio de Rotterdam, como bandoneonista. Ha estudiado de 1995 a 2001.<br>&#8211; Del 1999 a 2000 integr\u00f3 como segundo bandone\u00f3n el Sexteto Canyengue, dirigido por Carel Kraayenhof. Con el sexteto grab\u00f3 dos discos: \u00abTango M\u00e1xima\u00bb y \u00abTango Royal\u00bb y hizo varios viajes, a Estados Unidos, Italia, Turqu\u00eda, Alemania, con la Compa\u00f1\u00eda Tangueros.<br>&#8211; Del 1995 al 1997 integr\u00f3 la Orquesta T\u00edpica de Alfredo Marcucci, como segundo bandone\u00f3n.<br>&#8211; En 1993 empez\u00f3 a estudiar el bandone\u00f3n, con Leo Vervelde del Sexteto Canyengue.<br>&#8211; Desde los 8 a\u00f1os estudi\u00f3 piano en la Academia de M\u00fasica de Gent, B\u00e9lgica, hasta egresar en 1996<\/p>\n<\/div><\/div>\n\n\n\n<hr class=\"wp-block-separator has-css-opacity\"\/>\n\n\n\n<div class=\"wp-block-buttons alignwide is-horizontal is-content-justification-center is-layout-flex wp-container-2\">\n<div class=\"wp-block-button\"><a class=\"wp-block-button__link has-black-color has-vivid-cyan-blue-background-color has-text-color has-background wp-element-button\" href=\"https:\/\/esnaola-caba.infd.edu.ar\/sitio\/equipo-docente\/\">VOLVER A LISTADO DE DOCENTES<\/a><\/div>\n<\/div>\n\n\n\n<p><\/p>\n","protected":false},"excerpt":{"rendered":"<p>Docente de Bandone\u00f3n Eva Wolff Nacida en Gent, B\u00e9lgica.&#8211; Es parte del elenco de Boulevard Tango, espect\u00e1culo de danza contempor\u00e1nea dirigido y protagonizado por Cecilia Figaredo.&#8211; Integra la orquesta t\u00edpica de Guillermo Fern\u00e1ndez.&#8211; Forma parte del elenco de Madero Tango.-Integra el d\u00fao de tango Wolff-Possetti.&#8211; Es autora del libro \u201cEl bandone\u00f3n en el tango\u201d, perteneciente &#8230; <a title=\"EVA WOLFF\" class=\"read-more\" href=\"https:\/\/esnaola-caba.infd.edu.ar\/sitio\/eva-wolff\/\" aria-label=\"More on EVA WOLFF\">[+]<\/a><\/p>\n","protected":false},"author":339,"featured_media":0,"parent":0,"menu_order":0,"comment_status":"closed","ping_status":"closed","template":"","meta":[],"acf":[],"_links":{"self":[{"href":"https:\/\/esnaola-caba.infd.edu.ar\/sitio\/wp-json\/wp\/v2\/pages\/3116"}],"collection":[{"href":"https:\/\/esnaola-caba.infd.edu.ar\/sitio\/wp-json\/wp\/v2\/pages"}],"about":[{"href":"https:\/\/esnaola-caba.infd.edu.ar\/sitio\/wp-json\/wp\/v2\/types\/page"}],"author":[{"embeddable":true,"href":"https:\/\/esnaola-caba.infd.edu.ar\/sitio\/wp-json\/wp\/v2\/users\/339"}],"replies":[{"embeddable":true,"href":"https:\/\/esnaola-caba.infd.edu.ar\/sitio\/wp-json\/wp\/v2\/comments?post=3116"}],"version-history":[{"count":4,"href":"https:\/\/esnaola-caba.infd.edu.ar\/sitio\/wp-json\/wp\/v2\/pages\/3116\/revisions"}],"predecessor-version":[{"id":5029,"href":"https:\/\/esnaola-caba.infd.edu.ar\/sitio\/wp-json\/wp\/v2\/pages\/3116\/revisions\/5029"}],"wp:attachment":[{"href":"https:\/\/esnaola-caba.infd.edu.ar\/sitio\/wp-json\/wp\/v2\/media?parent=3116"}],"curies":[{"name":"wp","href":"https:\/\/api.w.org\/{rel}","templated":true}]}}