{"id":2965,"date":"2022-06-02T21:55:14","date_gmt":"2022-06-03T00:55:14","guid":{"rendered":"https:\/\/esnaola-caba.infd.edu.ar\/sitio\/?page_id=2965"},"modified":"2022-06-02T21:55:59","modified_gmt":"2022-06-03T00:55:59","slug":"audicion-de-musica-de-camara-2014","status":"publish","type":"page","link":"https:\/\/esnaola-caba.infd.edu.ar\/sitio\/audicion-de-musica-de-camara-2014\/","title":{"rendered":"Audici\u00f3n de M\u00fasica de C\u00e1mara (2014)"},"content":{"rendered":"\n<figure class=\"wp-block-gallery columns-5 is-cropped wp-block-gallery-1 is-layout-flex\"><ul class=\"blocks-gallery-grid\"><li class=\"blocks-gallery-item\"><figure><img decoding=\"async\" loading=\"lazy\" width=\"1900\" height=\"1268\" src=\"https:\/\/esnaola-caba.infd.edu.ar\/sitio\/wp-content\/uploads\/2022\/06\/IMG_1713-1900x1268.jpg\" alt=\"\" data-id=\"2966\" data-full-url=\"https:\/\/esnaola-caba.infd.edu.ar\/sitio\/wp-content\/uploads\/2022\/06\/IMG_1713-scaled.jpg\" data-link=\"https:\/\/esnaola-caba.infd.edu.ar\/sitio\/?attachment_id=2966#main\" class=\"wp-image-2966\" srcset=\"https:\/\/esnaola-caba.infd.edu.ar\/sitio\/wp-content\/uploads\/2022\/06\/IMG_1713-1900x1268.jpg 1900w, https:\/\/esnaola-caba.infd.edu.ar\/sitio\/wp-content\/uploads\/2022\/06\/IMG_1713-1000x668.jpg 1000w, https:\/\/esnaola-caba.infd.edu.ar\/sitio\/wp-content\/uploads\/2022\/06\/IMG_1713-768x513.jpg 768w, https:\/\/esnaola-caba.infd.edu.ar\/sitio\/wp-content\/uploads\/2022\/06\/IMG_1713-1536x1025.jpg 1536w, https:\/\/esnaola-caba.infd.edu.ar\/sitio\/wp-content\/uploads\/2022\/06\/IMG_1713-2048x1367.jpg 2048w\" sizes=\"(max-width: 1900px) 100vw, 1900px\" \/><\/figure><\/li><li class=\"blocks-gallery-item\"><figure><img decoding=\"async\" loading=\"lazy\" width=\"1900\" height=\"1268\" src=\"https:\/\/esnaola-caba.infd.edu.ar\/sitio\/wp-content\/uploads\/2022\/06\/IMG_1717-1900x1268.jpg\" alt=\"\" data-id=\"2967\" data-full-url=\"https:\/\/esnaola-caba.infd.edu.ar\/sitio\/wp-content\/uploads\/2022\/06\/IMG_1717-scaled.jpg\" data-link=\"https:\/\/esnaola-caba.infd.edu.ar\/sitio\/?attachment_id=2967#main\" class=\"wp-image-2967\" srcset=\"https:\/\/esnaola-caba.infd.edu.ar\/sitio\/wp-content\/uploads\/2022\/06\/IMG_1717-1900x1268.jpg 1900w, https:\/\/esnaola-caba.infd.edu.ar\/sitio\/wp-content\/uploads\/2022\/06\/IMG_1717-1000x668.jpg 1000w, https:\/\/esnaola-caba.infd.edu.ar\/sitio\/wp-content\/uploads\/2022\/06\/IMG_1717-768x513.jpg 768w, https:\/\/esnaola-caba.infd.edu.ar\/sitio\/wp-content\/uploads\/2022\/06\/IMG_1717-1536x1025.jpg 1536w, https:\/\/esnaola-caba.infd.edu.ar\/sitio\/wp-content\/uploads\/2022\/06\/IMG_1717-2048x1367.jpg 2048w\" sizes=\"(max-width: 1900px) 100vw, 1900px\" \/><\/figure><\/li><li class=\"blocks-gallery-item\"><figure><img decoding=\"async\" loading=\"lazy\" width=\"1900\" height=\"1268\" src=\"https:\/\/esnaola-caba.infd.edu.ar\/sitio\/wp-content\/uploads\/2022\/06\/IMG_1722-1900x1268.jpg\" alt=\"\" data-id=\"2968\" data-full-url=\"https:\/\/esnaola-caba.infd.edu.ar\/sitio\/wp-content\/uploads\/2022\/06\/IMG_1722-scaled.jpg\" data-link=\"https:\/\/esnaola-caba.infd.edu.ar\/sitio\/?attachment_id=2968#main\" class=\"wp-image-2968\" srcset=\"https:\/\/esnaola-caba.infd.edu.ar\/sitio\/wp-content\/uploads\/2022\/06\/IMG_1722-1900x1268.jpg 1900w, https:\/\/esnaola-caba.infd.edu.ar\/sitio\/wp-content\/uploads\/2022\/06\/IMG_1722-1000x668.jpg 1000w, https:\/\/esnaola-caba.infd.edu.ar\/sitio\/wp-content\/uploads\/2022\/06\/IMG_1722-768x513.jpg 768w, https:\/\/esnaola-caba.infd.edu.ar\/sitio\/wp-content\/uploads\/2022\/06\/IMG_1722-1536x1025.jpg 1536w, https:\/\/esnaola-caba.infd.edu.ar\/sitio\/wp-content\/uploads\/2022\/06\/IMG_1722-2048x1367.jpg 2048w\" sizes=\"(max-width: 1900px) 100vw, 1900px\" \/><\/figure><\/li><li class=\"blocks-gallery-item\"><figure><img decoding=\"async\" loading=\"lazy\" width=\"1900\" height=\"1268\" src=\"https:\/\/esnaola-caba.infd.edu.ar\/sitio\/wp-content\/uploads\/2022\/06\/IMG_1726-1900x1268.jpg\" alt=\"\" data-id=\"2969\" data-full-url=\"https:\/\/esnaola-caba.infd.edu.ar\/sitio\/wp-content\/uploads\/2022\/06\/IMG_1726-scaled.jpg\" data-link=\"https:\/\/esnaola-caba.infd.edu.ar\/sitio\/?attachment_id=2969#main\" class=\"wp-image-2969\" srcset=\"https:\/\/esnaola-caba.infd.edu.ar\/sitio\/wp-content\/uploads\/2022\/06\/IMG_1726-1900x1268.jpg 1900w, https:\/\/esnaola-caba.infd.edu.ar\/sitio\/wp-content\/uploads\/2022\/06\/IMG_1726-1000x668.jpg 1000w, https:\/\/esnaola-caba.infd.edu.ar\/sitio\/wp-content\/uploads\/2022\/06\/IMG_1726-768x513.jpg 768w, https:\/\/esnaola-caba.infd.edu.ar\/sitio\/wp-content\/uploads\/2022\/06\/IMG_1726-1536x1025.jpg 1536w, https:\/\/esnaola-caba.infd.edu.ar\/sitio\/wp-content\/uploads\/2022\/06\/IMG_1726-2048x1367.jpg 2048w\" sizes=\"(max-width: 1900px) 100vw, 1900px\" \/><\/figure><\/li><li class=\"blocks-gallery-item\"><figure><img decoding=\"async\" loading=\"lazy\" width=\"1900\" height=\"1268\" src=\"https:\/\/esnaola-caba.infd.edu.ar\/sitio\/wp-content\/uploads\/2022\/06\/IMG_1727-1900x1268.jpg\" alt=\"\" data-id=\"2970\" data-full-url=\"https:\/\/esnaola-caba.infd.edu.ar\/sitio\/wp-content\/uploads\/2022\/06\/IMG_1727-scaled.jpg\" data-link=\"https:\/\/esnaola-caba.infd.edu.ar\/sitio\/?attachment_id=2970#main\" class=\"wp-image-2970\" srcset=\"https:\/\/esnaola-caba.infd.edu.ar\/sitio\/wp-content\/uploads\/2022\/06\/IMG_1727-1900x1268.jpg 1900w, https:\/\/esnaola-caba.infd.edu.ar\/sitio\/wp-content\/uploads\/2022\/06\/IMG_1727-1000x668.jpg 1000w, https:\/\/esnaola-caba.infd.edu.ar\/sitio\/wp-content\/uploads\/2022\/06\/IMG_1727-768x513.jpg 768w, https:\/\/esnaola-caba.infd.edu.ar\/sitio\/wp-content\/uploads\/2022\/06\/IMG_1727-1536x1025.jpg 1536w, https:\/\/esnaola-caba.infd.edu.ar\/sitio\/wp-content\/uploads\/2022\/06\/IMG_1727-2048x1367.jpg 2048w\" sizes=\"(max-width: 1900px) 100vw, 1900px\" \/><\/figure><\/li><li class=\"blocks-gallery-item\"><figure><img decoding=\"async\" loading=\"lazy\" width=\"1900\" height=\"1268\" src=\"https:\/\/esnaola-caba.infd.edu.ar\/sitio\/wp-content\/uploads\/2022\/06\/IMG_1730-1900x1268.jpg\" alt=\"\" data-id=\"2972\" data-full-url=\"https:\/\/esnaola-caba.infd.edu.ar\/sitio\/wp-content\/uploads\/2022\/06\/IMG_1730-scaled.jpg\" data-link=\"https:\/\/esnaola-caba.infd.edu.ar\/sitio\/?attachment_id=2972#main\" class=\"wp-image-2972\" srcset=\"https:\/\/esnaola-caba.infd.edu.ar\/sitio\/wp-content\/uploads\/2022\/06\/IMG_1730-1900x1268.jpg 1900w, https:\/\/esnaola-caba.infd.edu.ar\/sitio\/wp-content\/uploads\/2022\/06\/IMG_1730-1000x668.jpg 1000w, https:\/\/esnaola-caba.infd.edu.ar\/sitio\/wp-content\/uploads\/2022\/06\/IMG_1730-768x513.jpg 768w, https:\/\/esnaola-caba.infd.edu.ar\/sitio\/wp-content\/uploads\/2022\/06\/IMG_1730-1536x1025.jpg 1536w, https:\/\/esnaola-caba.infd.edu.ar\/sitio\/wp-content\/uploads\/2022\/06\/IMG_1730-2048x1367.jpg 2048w\" sizes=\"(max-width: 1900px) 100vw, 1900px\" \/><\/figure><\/li><li class=\"blocks-gallery-item\"><figure><img decoding=\"async\" loading=\"lazy\" width=\"1900\" height=\"1268\" src=\"https:\/\/esnaola-caba.infd.edu.ar\/sitio\/wp-content\/uploads\/2022\/06\/IMG_1734-1900x1268.jpg\" alt=\"\" data-id=\"2973\" data-full-url=\"https:\/\/esnaola-caba.infd.edu.ar\/sitio\/wp-content\/uploads\/2022\/06\/IMG_1734-scaled.jpg\" data-link=\"https:\/\/esnaola-caba.infd.edu.ar\/sitio\/?attachment_id=2973#main\" class=\"wp-image-2973\" srcset=\"https:\/\/esnaola-caba.infd.edu.ar\/sitio\/wp-content\/uploads\/2022\/06\/IMG_1734-1900x1268.jpg 1900w, https:\/\/esnaola-caba.infd.edu.ar\/sitio\/wp-content\/uploads\/2022\/06\/IMG_1734-1000x668.jpg 1000w, https:\/\/esnaola-caba.infd.edu.ar\/sitio\/wp-content\/uploads\/2022\/06\/IMG_1734-768x513.jpg 768w, https:\/\/esnaola-caba.infd.edu.ar\/sitio\/wp-content\/uploads\/2022\/06\/IMG_1734-1536x1025.jpg 1536w, https:\/\/esnaola-caba.infd.edu.ar\/sitio\/wp-content\/uploads\/2022\/06\/IMG_1734-2048x1367.jpg 2048w\" sizes=\"(max-width: 1900px) 100vw, 1900px\" \/><\/figure><\/li><li class=\"blocks-gallery-item\"><figure><img decoding=\"async\" loading=\"lazy\" width=\"1900\" height=\"1268\" src=\"https:\/\/esnaola-caba.infd.edu.ar\/sitio\/wp-content\/uploads\/2022\/06\/IMG_1736-1900x1268.jpg\" alt=\"\" data-id=\"2974\" data-full-url=\"https:\/\/esnaola-caba.infd.edu.ar\/sitio\/wp-content\/uploads\/2022\/06\/IMG_1736-scaled.jpg\" data-link=\"https:\/\/esnaola-caba.infd.edu.ar\/sitio\/?attachment_id=2974#main\" class=\"wp-image-2974\" srcset=\"https:\/\/esnaola-caba.infd.edu.ar\/sitio\/wp-content\/uploads\/2022\/06\/IMG_1736-1900x1268.jpg 1900w, https:\/\/esnaola-caba.infd.edu.ar\/sitio\/wp-content\/uploads\/2022\/06\/IMG_1736-1000x668.jpg 1000w, https:\/\/esnaola-caba.infd.edu.ar\/sitio\/wp-content\/uploads\/2022\/06\/IMG_1736-768x513.jpg 768w, https:\/\/esnaola-caba.infd.edu.ar\/sitio\/wp-content\/uploads\/2022\/06\/IMG_1736-1536x1025.jpg 1536w, https:\/\/esnaola-caba.infd.edu.ar\/sitio\/wp-content\/uploads\/2022\/06\/IMG_1736-2048x1367.jpg 2048w\" sizes=\"(max-width: 1900px) 100vw, 1900px\" \/><\/figure><\/li><li class=\"blocks-gallery-item\"><figure><img decoding=\"async\" loading=\"lazy\" width=\"1900\" height=\"1268\" src=\"https:\/\/esnaola-caba.infd.edu.ar\/sitio\/wp-content\/uploads\/2022\/06\/IMG_1738-1900x1268.jpg\" alt=\"\" data-id=\"2975\" data-full-url=\"https:\/\/esnaola-caba.infd.edu.ar\/sitio\/wp-content\/uploads\/2022\/06\/IMG_1738-scaled.jpg\" data-link=\"https:\/\/esnaola-caba.infd.edu.ar\/sitio\/?attachment_id=2975#main\" class=\"wp-image-2975\" srcset=\"https:\/\/esnaola-caba.infd.edu.ar\/sitio\/wp-content\/uploads\/2022\/06\/IMG_1738-1900x1268.jpg 1900w, https:\/\/esnaola-caba.infd.edu.ar\/sitio\/wp-content\/uploads\/2022\/06\/IMG_1738-1000x668.jpg 1000w, https:\/\/esnaola-caba.infd.edu.ar\/sitio\/wp-content\/uploads\/2022\/06\/IMG_1738-768x513.jpg 768w, https:\/\/esnaola-caba.infd.edu.ar\/sitio\/wp-content\/uploads\/2022\/06\/IMG_1738-1536x1025.jpg 1536w, https:\/\/esnaola-caba.infd.edu.ar\/sitio\/wp-content\/uploads\/2022\/06\/IMG_1738-2048x1367.jpg 2048w\" sizes=\"(max-width: 1900px) 100vw, 1900px\" \/><\/figure><\/li><li class=\"blocks-gallery-item\"><figure><img decoding=\"async\" loading=\"lazy\" width=\"1900\" height=\"1268\" src=\"https:\/\/esnaola-caba.infd.edu.ar\/sitio\/wp-content\/uploads\/2022\/06\/IMG_1741-1900x1268.jpg\" alt=\"\" data-id=\"2976\" data-full-url=\"https:\/\/esnaola-caba.infd.edu.ar\/sitio\/wp-content\/uploads\/2022\/06\/IMG_1741-scaled.jpg\" data-link=\"https:\/\/esnaola-caba.infd.edu.ar\/sitio\/?attachment_id=2976#main\" class=\"wp-image-2976\" srcset=\"https:\/\/esnaola-caba.infd.edu.ar\/sitio\/wp-content\/uploads\/2022\/06\/IMG_1741-1900x1268.jpg 1900w, https:\/\/esnaola-caba.infd.edu.ar\/sitio\/wp-content\/uploads\/2022\/06\/IMG_1741-1000x668.jpg 1000w, https:\/\/esnaola-caba.infd.edu.ar\/sitio\/wp-content\/uploads\/2022\/06\/IMG_1741-768x513.jpg 768w, https:\/\/esnaola-caba.infd.edu.ar\/sitio\/wp-content\/uploads\/2022\/06\/IMG_1741-1536x1025.jpg 1536w, https:\/\/esnaola-caba.infd.edu.ar\/sitio\/wp-content\/uploads\/2022\/06\/IMG_1741-2048x1367.jpg 2048w\" sizes=\"(max-width: 1900px) 100vw, 1900px\" \/><\/figure><\/li><li class=\"blocks-gallery-item\"><figure><img decoding=\"async\" loading=\"lazy\" width=\"1900\" height=\"1268\" src=\"https:\/\/esnaola-caba.infd.edu.ar\/sitio\/wp-content\/uploads\/2022\/06\/IMG_1745-1900x1268.jpg\" alt=\"\" data-id=\"2977\" data-full-url=\"https:\/\/esnaola-caba.infd.edu.ar\/sitio\/wp-content\/uploads\/2022\/06\/IMG_1745-scaled.jpg\" data-link=\"https:\/\/esnaola-caba.infd.edu.ar\/sitio\/?attachment_id=2977#main\" class=\"wp-image-2977\" srcset=\"https:\/\/esnaola-caba.infd.edu.ar\/sitio\/wp-content\/uploads\/2022\/06\/IMG_1745-1900x1268.jpg 1900w, https:\/\/esnaola-caba.infd.edu.ar\/sitio\/wp-content\/uploads\/2022\/06\/IMG_1745-1000x668.jpg 1000w, https:\/\/esnaola-caba.infd.edu.ar\/sitio\/wp-content\/uploads\/2022\/06\/IMG_1745-768x513.jpg 768w, https:\/\/esnaola-caba.infd.edu.ar\/sitio\/wp-content\/uploads\/2022\/06\/IMG_1745-1536x1025.jpg 1536w, https:\/\/esnaola-caba.infd.edu.ar\/sitio\/wp-content\/uploads\/2022\/06\/IMG_1745-2048x1367.jpg 2048w\" sizes=\"(max-width: 1900px) 100vw, 1900px\" \/><\/figure><\/li><li class=\"blocks-gallery-item\"><figure><img decoding=\"async\" loading=\"lazy\" width=\"1900\" height=\"1268\" src=\"https:\/\/esnaola-caba.infd.edu.ar\/sitio\/wp-content\/uploads\/2022\/06\/IMG_1746-1900x1268.jpg\" alt=\"\" data-id=\"2978\" data-full-url=\"https:\/\/esnaola-caba.infd.edu.ar\/sitio\/wp-content\/uploads\/2022\/06\/IMG_1746-scaled.jpg\" data-link=\"https:\/\/esnaola-caba.infd.edu.ar\/sitio\/?attachment_id=2978#main\" class=\"wp-image-2978\" srcset=\"https:\/\/esnaola-caba.infd.edu.ar\/sitio\/wp-content\/uploads\/2022\/06\/IMG_1746-1900x1268.jpg 1900w, https:\/\/esnaola-caba.infd.edu.ar\/sitio\/wp-content\/uploads\/2022\/06\/IMG_1746-1000x668.jpg 1000w, https:\/\/esnaola-caba.infd.edu.ar\/sitio\/wp-content\/uploads\/2022\/06\/IMG_1746-768x513.jpg 768w, https:\/\/esnaola-caba.infd.edu.ar\/sitio\/wp-content\/uploads\/2022\/06\/IMG_1746-1536x1025.jpg 1536w, https:\/\/esnaola-caba.infd.edu.ar\/sitio\/wp-content\/uploads\/2022\/06\/IMG_1746-2048x1367.jpg 2048w\" sizes=\"(max-width: 1900px) 100vw, 1900px\" \/><\/figure><\/li><li class=\"blocks-gallery-item\"><figure><img decoding=\"async\" loading=\"lazy\" width=\"1900\" height=\"1268\" src=\"https:\/\/esnaola-caba.infd.edu.ar\/sitio\/wp-content\/uploads\/2022\/06\/IMG_1751-1900x1268.jpg\" alt=\"\" data-id=\"2979\" data-full-url=\"https:\/\/esnaola-caba.infd.edu.ar\/sitio\/wp-content\/uploads\/2022\/06\/IMG_1751-scaled.jpg\" data-link=\"https:\/\/esnaola-caba.infd.edu.ar\/sitio\/?attachment_id=2979#main\" class=\"wp-image-2979\" srcset=\"https:\/\/esnaola-caba.infd.edu.ar\/sitio\/wp-content\/uploads\/2022\/06\/IMG_1751-1900x1268.jpg 1900w, https:\/\/esnaola-caba.infd.edu.ar\/sitio\/wp-content\/uploads\/2022\/06\/IMG_1751-1000x668.jpg 1000w, https:\/\/esnaola-caba.infd.edu.ar\/sitio\/wp-content\/uploads\/2022\/06\/IMG_1751-768x513.jpg 768w, https:\/\/esnaola-caba.infd.edu.ar\/sitio\/wp-content\/uploads\/2022\/06\/IMG_1751-1536x1025.jpg 1536w, https:\/\/esnaola-caba.infd.edu.ar\/sitio\/wp-content\/uploads\/2022\/06\/IMG_1751-2048x1367.jpg 2048w\" sizes=\"(max-width: 1900px) 100vw, 1900px\" \/><\/figure><\/li><li class=\"blocks-gallery-item\"><figure><img decoding=\"async\" loading=\"lazy\" width=\"1900\" height=\"1268\" src=\"https:\/\/esnaola-caba.infd.edu.ar\/sitio\/wp-content\/uploads\/2022\/06\/IMG_1758-1900x1268.jpg\" alt=\"\" data-id=\"2980\" data-full-url=\"https:\/\/esnaola-caba.infd.edu.ar\/sitio\/wp-content\/uploads\/2022\/06\/IMG_1758-scaled.jpg\" data-link=\"https:\/\/esnaola-caba.infd.edu.ar\/sitio\/?attachment_id=2980#main\" class=\"wp-image-2980\" srcset=\"https:\/\/esnaola-caba.infd.edu.ar\/sitio\/wp-content\/uploads\/2022\/06\/IMG_1758-1900x1268.jpg 1900w, https:\/\/esnaola-caba.infd.edu.ar\/sitio\/wp-content\/uploads\/2022\/06\/IMG_1758-1000x668.jpg 1000w, https:\/\/esnaola-caba.infd.edu.ar\/sitio\/wp-content\/uploads\/2022\/06\/IMG_1758-768x513.jpg 768w, https:\/\/esnaola-caba.infd.edu.ar\/sitio\/wp-content\/uploads\/2022\/06\/IMG_1758-1536x1025.jpg 1536w, https:\/\/esnaola-caba.infd.edu.ar\/sitio\/wp-content\/uploads\/2022\/06\/IMG_1758-2048x1367.jpg 2048w\" sizes=\"(max-width: 1900px) 100vw, 1900px\" \/><\/figure><\/li><li class=\"blocks-gallery-item\"><figure><img decoding=\"async\" loading=\"lazy\" width=\"1900\" height=\"1268\" src=\"https:\/\/esnaola-caba.infd.edu.ar\/sitio\/wp-content\/uploads\/2022\/06\/IMG_1759-1900x1268.jpg\" alt=\"\" data-id=\"2981\" data-full-url=\"https:\/\/esnaola-caba.infd.edu.ar\/sitio\/wp-content\/uploads\/2022\/06\/IMG_1759-scaled.jpg\" data-link=\"https:\/\/esnaola-caba.infd.edu.ar\/sitio\/?attachment_id=2981#main\" class=\"wp-image-2981\" srcset=\"https:\/\/esnaola-caba.infd.edu.ar\/sitio\/wp-content\/uploads\/2022\/06\/IMG_1759-1900x1268.jpg 1900w, https:\/\/esnaola-caba.infd.edu.ar\/sitio\/wp-content\/uploads\/2022\/06\/IMG_1759-1000x668.jpg 1000w, https:\/\/esnaola-caba.infd.edu.ar\/sitio\/wp-content\/uploads\/2022\/06\/IMG_1759-768x513.jpg 768w, https:\/\/esnaola-caba.infd.edu.ar\/sitio\/wp-content\/uploads\/2022\/06\/IMG_1759-1536x1025.jpg 1536w, https:\/\/esnaola-caba.infd.edu.ar\/sitio\/wp-content\/uploads\/2022\/06\/IMG_1759-2048x1367.jpg 2048w\" sizes=\"(max-width: 1900px) 100vw, 1900px\" \/><\/figure><\/li><li class=\"blocks-gallery-item\"><figure><img decoding=\"async\" loading=\"lazy\" width=\"1900\" height=\"1268\" src=\"https:\/\/esnaola-caba.infd.edu.ar\/sitio\/wp-content\/uploads\/2022\/06\/IMG_1760-1900x1268.jpg\" alt=\"\" data-id=\"2982\" data-full-url=\"https:\/\/esnaola-caba.infd.edu.ar\/sitio\/wp-content\/uploads\/2022\/06\/IMG_1760-scaled.jpg\" data-link=\"https:\/\/esnaola-caba.infd.edu.ar\/sitio\/?attachment_id=2982#main\" class=\"wp-image-2982\" srcset=\"https:\/\/esnaola-caba.infd.edu.ar\/sitio\/wp-content\/uploads\/2022\/06\/IMG_1760-1900x1268.jpg 1900w, https:\/\/esnaola-caba.infd.edu.ar\/sitio\/wp-content\/uploads\/2022\/06\/IMG_1760-1000x668.jpg 1000w, https:\/\/esnaola-caba.infd.edu.ar\/sitio\/wp-content\/uploads\/2022\/06\/IMG_1760-768x513.jpg 768w, https:\/\/esnaola-caba.infd.edu.ar\/sitio\/wp-content\/uploads\/2022\/06\/IMG_1760-1536x1025.jpg 1536w, https:\/\/esnaola-caba.infd.edu.ar\/sitio\/wp-content\/uploads\/2022\/06\/IMG_1760-2048x1367.jpg 2048w\" sizes=\"(max-width: 1900px) 100vw, 1900px\" \/><\/figure><\/li><li class=\"blocks-gallery-item\"><figure><img decoding=\"async\" loading=\"lazy\" width=\"1900\" height=\"1268\" src=\"https:\/\/esnaola-caba.infd.edu.ar\/sitio\/wp-content\/uploads\/2022\/06\/IMG_1765-1900x1268.jpg\" alt=\"\" data-id=\"2983\" data-full-url=\"https:\/\/esnaola-caba.infd.edu.ar\/sitio\/wp-content\/uploads\/2022\/06\/IMG_1765-scaled.jpg\" data-link=\"https:\/\/esnaola-caba.infd.edu.ar\/sitio\/?attachment_id=2983#main\" class=\"wp-image-2983\" srcset=\"https:\/\/esnaola-caba.infd.edu.ar\/sitio\/wp-content\/uploads\/2022\/06\/IMG_1765-1900x1268.jpg 1900w, https:\/\/esnaola-caba.infd.edu.ar\/sitio\/wp-content\/uploads\/2022\/06\/IMG_1765-1000x668.jpg 1000w, https:\/\/esnaola-caba.infd.edu.ar\/sitio\/wp-content\/uploads\/2022\/06\/IMG_1765-768x513.jpg 768w, https:\/\/esnaola-caba.infd.edu.ar\/sitio\/wp-content\/uploads\/2022\/06\/IMG_1765-1536x1025.jpg 1536w, https:\/\/esnaola-caba.infd.edu.ar\/sitio\/wp-content\/uploads\/2022\/06\/IMG_1765-2048x1367.jpg 2048w\" sizes=\"(max-width: 1900px) 100vw, 1900px\" \/><\/figure><\/li><li class=\"blocks-gallery-item\"><figure><img decoding=\"async\" loading=\"lazy\" width=\"1900\" height=\"1268\" src=\"https:\/\/esnaola-caba.infd.edu.ar\/sitio\/wp-content\/uploads\/2022\/06\/IMG_1766-1900x1268.jpg\" alt=\"\" data-id=\"2984\" data-full-url=\"https:\/\/esnaola-caba.infd.edu.ar\/sitio\/wp-content\/uploads\/2022\/06\/IMG_1766-scaled.jpg\" data-link=\"https:\/\/esnaola-caba.infd.edu.ar\/sitio\/?attachment_id=2984#main\" class=\"wp-image-2984\" srcset=\"https:\/\/esnaola-caba.infd.edu.ar\/sitio\/wp-content\/uploads\/2022\/06\/IMG_1766-1900x1268.jpg 1900w, https:\/\/esnaola-caba.infd.edu.ar\/sitio\/wp-content\/uploads\/2022\/06\/IMG_1766-1000x668.jpg 1000w, https:\/\/esnaola-caba.infd.edu.ar\/sitio\/wp-content\/uploads\/2022\/06\/IMG_1766-768x513.jpg 768w, https:\/\/esnaola-caba.infd.edu.ar\/sitio\/wp-content\/uploads\/2022\/06\/IMG_1766-1536x1025.jpg 1536w, https:\/\/esnaola-caba.infd.edu.ar\/sitio\/wp-content\/uploads\/2022\/06\/IMG_1766-2048x1367.jpg 2048w\" sizes=\"(max-width: 1900px) 100vw, 1900px\" \/><\/figure><\/li><li class=\"blocks-gallery-item\"><figure><img decoding=\"async\" loading=\"lazy\" width=\"1900\" height=\"1268\" src=\"https:\/\/esnaola-caba.infd.edu.ar\/sitio\/wp-content\/uploads\/2022\/06\/IMG_1770-1900x1268.jpg\" alt=\"\" data-id=\"2985\" data-full-url=\"https:\/\/esnaola-caba.infd.edu.ar\/sitio\/wp-content\/uploads\/2022\/06\/IMG_1770-scaled.jpg\" data-link=\"https:\/\/esnaola-caba.infd.edu.ar\/sitio\/?attachment_id=2985#main\" class=\"wp-image-2985\" srcset=\"https:\/\/esnaola-caba.infd.edu.ar\/sitio\/wp-content\/uploads\/2022\/06\/IMG_1770-1900x1268.jpg 1900w, https:\/\/esnaola-caba.infd.edu.ar\/sitio\/wp-content\/uploads\/2022\/06\/IMG_1770-1000x668.jpg 1000w, https:\/\/esnaola-caba.infd.edu.ar\/sitio\/wp-content\/uploads\/2022\/06\/IMG_1770-768x513.jpg 768w, https:\/\/esnaola-caba.infd.edu.ar\/sitio\/wp-content\/uploads\/2022\/06\/IMG_1770-1536x1025.jpg 1536w, https:\/\/esnaola-caba.infd.edu.ar\/sitio\/wp-content\/uploads\/2022\/06\/IMG_1770-2048x1367.jpg 2048w\" sizes=\"(max-width: 1900px) 100vw, 1900px\" \/><\/figure><\/li><\/ul><\/figure>\n","protected":false},"excerpt":{"rendered":"","protected":false},"author":339,"featured_media":0,"parent":0,"menu_order":0,"comment_status":"closed","ping_status":"closed","template":"","meta":[],"acf":[],"_links":{"self":[{"href":"https:\/\/esnaola-caba.infd.edu.ar\/sitio\/wp-json\/wp\/v2\/pages\/2965"}],"collection":[{"href":"https:\/\/esnaola-caba.infd.edu.ar\/sitio\/wp-json\/wp\/v2\/pages"}],"about":[{"href":"https:\/\/esnaola-caba.infd.edu.ar\/sitio\/wp-json\/wp\/v2\/types\/page"}],"author":[{"embeddable":true,"href":"https:\/\/esnaola-caba.infd.edu.ar\/sitio\/wp-json\/wp\/v2\/users\/339"}],"replies":[{"embeddable":true,"href":"https:\/\/esnaola-caba.infd.edu.ar\/sitio\/wp-json\/wp\/v2\/comments?post=2965"}],"version-history":[{"count":1,"href":"https:\/\/esnaola-caba.infd.edu.ar\/sitio\/wp-json\/wp\/v2\/pages\/2965\/revisions"}],"predecessor-version":[{"id":2986,"href":"https:\/\/esnaola-caba.infd.edu.ar\/sitio\/wp-json\/wp\/v2\/pages\/2965\/revisions\/2986"}],"wp:attachment":[{"href":"https:\/\/esnaola-caba.infd.edu.ar\/sitio\/wp-json\/wp\/v2\/media?parent=2965"}],"curies":[{"name":"wp","href":"https:\/\/api.w.org\/{rel}","templated":true}]}}