{"id":2839,"date":"2022-03-12T13:09:25","date_gmt":"2022-03-12T16:09:25","guid":{"rendered":"https:\/\/esnaola-caba.infd.edu.ar\/sitio\/?page_id=2839"},"modified":"2024-10-01T19:53:10","modified_gmt":"2024-10-01T22:53:10","slug":"aulas","status":"publish","type":"page","link":"https:\/\/esnaola-caba.infd.edu.ar\/sitio\/aulas\/","title":{"rendered":"AULAS"},"content":{"rendered":"\n<p>Compartimos aqu\u00ed el listado de materias para cada d\u00eda de la semana, incluyendo las aulas designadas para cada una. <\/p>\n\n\n\n<div class=\"wp-block-buttons is-layout-flex\">\n<div class=\"wp-block-button\"><a class=\"wp-block-button__link has-vivid-cyan-blue-background-color has-background wp-element-button\" href=\"https:\/\/docs.google.com\/spreadsheets\/d\/1O4vagpP2gAgVhGAsvKU-_wBLG61Z1UGo?rtpof=true&amp;authuser=santiagofernandezsaxo%40gmail.com&amp;usp=drive_fs\" target=\"_blank\" rel=\"noreferrer noopener\">LUNES<\/a><\/div>\n\n\n\n<div class=\"wp-block-button\"><a class=\"wp-block-button__link has-vivid-cyan-blue-background-color has-background wp-element-button\" href=\"https:\/\/docs.google.com\/spreadsheets\/d\/1Oa5RVePQsE3gxGESsU3OcuwMOd34WFZT?rtpof=true&amp;authuser=ayudantia.terciarioeseam%40gmail.com&amp;usp=drive_fs\" target=\"_blank\" rel=\"noreferrer noopener\">MARTES<\/a><\/div>\n\n\n\n<div class=\"wp-block-button\"><a class=\"wp-block-button__link has-vivid-cyan-blue-background-color has-background wp-element-button\" href=\"https:\/\/docs.google.com\/spreadsheets\/d\/1OhFuRrinvyTMcZuB3r2bvgLou_W1I2pZ?rtpof=true&amp;authuser=santiagofernandezsaxo%40gmail.com&amp;usp=drive_fs\" target=\"_blank\" rel=\"noreferrer noopener\">MI\u00c9RCOLES<\/a><\/div>\n\n\n\n<div class=\"wp-block-button\"><a class=\"wp-block-button__link has-vivid-cyan-blue-background-color has-background wp-element-button\" href=\"https:\/\/docs.google.com\/spreadsheets\/d\/1OkohKigcJazlIQt2T3m3vS-ECm2FAElP?rtpof=true&amp;authuser=santiagofernandezsaxo%40gmail.com&amp;usp=drive_fs\" target=\"_blank\" rel=\"noreferrer noopener\">JUEVES<\/a><\/div>\n\n\n\n<div class=\"wp-block-button\"><a class=\"wp-block-button__link has-vivid-cyan-blue-background-color has-background wp-element-button\" href=\"https:\/\/docs.google.com\/spreadsheets\/d\/1Ow5yqHHPHu0HTQ_OhHNI9J8F_nhbgVAf?rtpof=true&amp;authuser=santiagofernandezsaxo%40gmail.com&amp;usp=drive_fs\" target=\"_blank\" rel=\"noreferrer noopener\">VIERNES<\/a><\/div>\n<\/div>\n\n\n\n<hr class=\"wp-block-separator has-css-opacity\"\/>\n\n\n\n<p class=\"has-black-color has-text-color has-large-font-size\">MATERIAS Y MODALIDAD DE CURSADA<\/p>\n\n\n\n<p>Compartimos el listado de materias, y su modalidad (esto es, virtual, semipresencial, o presencial). <\/p>\n\n\n\n<div class=\"wp-block-buttons is-layout-flex\">\n<div class=\"wp-block-button\"><a class=\"wp-block-button__link has-vivid-cyan-blue-background-color has-background wp-element-button\" href=\"https:\/\/docs.google.com\/spreadsheets\/d\/1gipNZ8oMbbTyNhm-TwO0oQCYBrLsNshf?rtpof=true&amp;authuser=santiagofernandezsaxo%40gmail.com&amp;usp=drive_fs\" target=\"_blank\" rel=\"noreferrer noopener\">LISTADO DE MATERIAS, Y SU MODALIDAD<\/a><\/div>\n<\/div>\n\n\n\n<hr class=\"wp-block-separator has-alpha-channel-opacity\"\/>\n\n\n\n<p class=\"has-large-font-size\">UBICACI\u00d3N DE AULAS<\/p>\n\n\n\n<p>Compartimos aqu\u00ed la ubicaci\u00f3n de las aulas, de los 3 pisos de la escuela. En cada pesta\u00f1a del archivo, encuentran el plano de un piso.<\/p>\n\n\n\n<div class=\"wp-block-buttons is-layout-flex\">\n<div class=\"wp-block-button\"><a class=\"wp-block-button__link has-base-3-color has-accent-background-color has-text-color has-background wp-element-button\" href=\"https:\/\/docs.google.com\/spreadsheets\/d\/1RDJZWGIZVmvYEXJx8dXdG7uZjTab0zWy?rtpof=true&amp;authuser=ayudantia.terciarioeseam%40gmail.com&amp;usp=drive_fs\" target=\"_blank\" rel=\"noreferrer noopener\">UBICACI\u00d3N DE AULAS<\/a><\/div>\n<\/div>\n","protected":false},"excerpt":{"rendered":"<p>Compartimos aqu\u00ed el listado de materias para cada d\u00eda de la semana, incluyendo las aulas designadas para cada una. MATERIAS Y MODALIDAD DE CURSADA Compartimos el listado de materias, y su modalidad (esto es, virtual, semipresencial, o presencial). UBICACI\u00d3N DE AULAS Compartimos aqu\u00ed la ubicaci\u00f3n de las aulas, de los 3 pisos de la escuela. &#8230; <a title=\"AULAS\" class=\"read-more\" href=\"https:\/\/esnaola-caba.infd.edu.ar\/sitio\/aulas\/\" aria-label=\"More on AULAS\">[+]<\/a><\/p>\n","protected":false},"author":339,"featured_media":0,"parent":0,"menu_order":0,"comment_status":"closed","ping_status":"closed","template":"","meta":[],"acf":[],"_links":{"self":[{"href":"https:\/\/esnaola-caba.infd.edu.ar\/sitio\/wp-json\/wp\/v2\/pages\/2839"}],"collection":[{"href":"https:\/\/esnaola-caba.infd.edu.ar\/sitio\/wp-json\/wp\/v2\/pages"}],"about":[{"href":"https:\/\/esnaola-caba.infd.edu.ar\/sitio\/wp-json\/wp\/v2\/types\/page"}],"author":[{"embeddable":true,"href":"https:\/\/esnaola-caba.infd.edu.ar\/sitio\/wp-json\/wp\/v2\/users\/339"}],"replies":[{"embeddable":true,"href":"https:\/\/esnaola-caba.infd.edu.ar\/sitio\/wp-json\/wp\/v2\/comments?post=2839"}],"version-history":[{"count":10,"href":"https:\/\/esnaola-caba.infd.edu.ar\/sitio\/wp-json\/wp\/v2\/pages\/2839\/revisions"}],"predecessor-version":[{"id":5131,"href":"https:\/\/esnaola-caba.infd.edu.ar\/sitio\/wp-json\/wp\/v2\/pages\/2839\/revisions\/5131"}],"wp:attachment":[{"href":"https:\/\/esnaola-caba.infd.edu.ar\/sitio\/wp-json\/wp\/v2\/media?parent=2839"}],"curies":[{"name":"wp","href":"https:\/\/api.w.org\/{rel}","templated":true}]}}