{"id":2789,"date":"2021-12-21T19:12:04","date_gmt":"2021-12-21T22:12:04","guid":{"rendered":"https:\/\/esnaola-caba.infd.edu.ar\/sitio\/?page_id=2789"},"modified":"2021-12-21T19:13:16","modified_gmt":"2021-12-21T22:13:16","slug":"maria-belen-almada","status":"publish","type":"page","link":"https:\/\/esnaola-caba.infd.edu.ar\/sitio\/maria-belen-almada\/","title":{"rendered":"MAR\u00cdA BEL\u00c9N ALMADA"},"content":{"rendered":"\n<p><strong>Docente de Viol\u00edn<\/strong><\/p>\n\n\n\n<div class=\"wp-block-media-text alignwide is-stacked-on-mobile\"><figure class=\"wp-block-media-text__media\"><img decoding=\"async\" loading=\"lazy\" width=\"284\" height=\"336\" src=\"https:\/\/esnaola-caba.infd.edu.ar\/sitio\/wp-content\/uploads\/2021\/12\/Almada.jpg\" alt=\"\" class=\"wp-image-2790 size-full\"\/><\/figure><div class=\"wp-block-media-text__content\">\n<p><strong>Mar\u00eda Bel\u00e9n Almada<\/strong><\/p>\n\n\n\n<p>Mar\u00eda Bel\u00e9n Almada naci\u00f3 en C\u00f3rdoba, Argentina. Comenz\u00f3 sus estudios musicales a la edad de 7.<br>Estudi\u00f3 en Argentina con los Maestros Rafael G\u00edntoli y Rolando Prusak.<br>En el a\u00f1o 2006 se traslad\u00f3 a Alemania para continuar su perfeccionamiento en la Hochschule f\u00fcr K\u00fcnste Bremen bajo la supervisi\u00f3n de los Maestros Thomas Klug y Katrin Scholz, experiencia que repite entre los a\u00f1os 2016 a 2019 para obtener un Master en Viol\u00edn bajo los mismos maestros.<br>Fue becaria del DAAD (Servicio Alem\u00e1n de Intercambio Acad\u00e9mico) y del Fondo Nacional de las Artes.<br>Durante los a\u00f1os 2009 a 2018 se desempe\u00f1a como Suplente Concertino de la Orquesta Nacional de M\u00fasica Argentina \u201cJuan de Dios Filiberto\u201d.<br>Ofreci\u00f3 numerosos recitales como solista en Argentina, como en el Sal\u00f3n Dorado del Teatro Col\u00f3n, Pasaje Dardo Rocha (La Plata), Teatro del Libertador San Martn (Cba), Semana Musical del Llao Llao, como as\u00ed tambi\u00e9n en Berlin, Hamburg, Amsterdam y Bremen (Alemania).<br>Realiz\u00f3 cursos de perfeccionamiento con los maestros Schlomo Minz, Felix Ayo e Itzhak Rashkovsky, Virginie Robilliard y Nicol\u00e1s Chumachenco.<br>Durante la temporada 2018\/2019 fue miembro de la Bremer Philharmoniker, Alemania.<br>Actualmente se desempe\u00f1a como violinista contratada de la Orquesta Filarm\u00f3nica de Buenos Aires.<\/p>\n<\/div><\/div>\n\n\n\n<hr class=\"wp-block-separator\"\/>\n\n\n\n<div class=\"wp-block-buttons alignwide is-content-justification-center is-layout-flex\">\n<div class=\"wp-block-button\"><a class=\"wp-block-button__link has-black-color has-vivid-cyan-blue-background-color has-text-color has-background\" href=\"https:\/\/esnaola-caba.infd.edu.ar\/sitio\/cuerpo-docente\/\">VOLVER A LISTADO DE DOCENTES<\/a><\/div>\n<\/div>\n\n\n\n<p><\/p>\n","protected":false},"excerpt":{"rendered":"<p>Docente de Viol\u00edn Mar\u00eda Bel\u00e9n Almada Mar\u00eda Bel\u00e9n Almada naci\u00f3 en C\u00f3rdoba, Argentina. Comenz\u00f3 sus estudios musicales a la edad de 7.Estudi\u00f3 en Argentina con los Maestros Rafael G\u00edntoli y Rolando Prusak.En el a\u00f1o 2006 se traslad\u00f3 a Alemania para continuar su perfeccionamiento en la Hochschule f\u00fcr K\u00fcnste Bremen bajo la supervisi\u00f3n de los Maestros &#8230; <a title=\"MAR\u00cdA BEL\u00c9N ALMADA\" class=\"read-more\" href=\"https:\/\/esnaola-caba.infd.edu.ar\/sitio\/maria-belen-almada\/\" aria-label=\"More on MAR\u00cdA BEL\u00c9N ALMADA\">[+]<\/a><\/p>\n","protected":false},"author":339,"featured_media":0,"parent":0,"menu_order":0,"comment_status":"closed","ping_status":"closed","template":"","meta":[],"acf":[],"_links":{"self":[{"href":"https:\/\/esnaola-caba.infd.edu.ar\/sitio\/wp-json\/wp\/v2\/pages\/2789"}],"collection":[{"href":"https:\/\/esnaola-caba.infd.edu.ar\/sitio\/wp-json\/wp\/v2\/pages"}],"about":[{"href":"https:\/\/esnaola-caba.infd.edu.ar\/sitio\/wp-json\/wp\/v2\/types\/page"}],"author":[{"embeddable":true,"href":"https:\/\/esnaola-caba.infd.edu.ar\/sitio\/wp-json\/wp\/v2\/users\/339"}],"replies":[{"embeddable":true,"href":"https:\/\/esnaola-caba.infd.edu.ar\/sitio\/wp-json\/wp\/v2\/comments?post=2789"}],"version-history":[{"count":1,"href":"https:\/\/esnaola-caba.infd.edu.ar\/sitio\/wp-json\/wp\/v2\/pages\/2789\/revisions"}],"predecessor-version":[{"id":2791,"href":"https:\/\/esnaola-caba.infd.edu.ar\/sitio\/wp-json\/wp\/v2\/pages\/2789\/revisions\/2791"}],"wp:attachment":[{"href":"https:\/\/esnaola-caba.infd.edu.ar\/sitio\/wp-json\/wp\/v2\/media?parent=2789"}],"curies":[{"name":"wp","href":"https:\/\/api.w.org\/{rel}","templated":true}]}}