{"id":2784,"date":"2021-12-21T19:00:58","date_gmt":"2021-12-21T22:00:58","guid":{"rendered":"https:\/\/esnaola-caba.infd.edu.ar\/sitio\/?page_id=2784"},"modified":"2025-12-22T16:31:18","modified_gmt":"2025-12-22T19:31:18","slug":"revista-coda","status":"publish","type":"page","link":"https:\/\/esnaola-caba.infd.edu.ar\/sitio\/revista-coda\/","title":{"rendered":"REVISTA CODA"},"content":{"rendered":"\n<p class=\"has-medium-font-size\">(<strong>ISSN 2953-3465<\/strong>)<\/p>\n\n\n\n<p class=\"has-normal-font-size\">Revista del Nivel terciario de la Escuela Superior de Educaci\u00f3n Art\u00edstica en M\u00fasica \u201cJuan Pedro Esnaola\u201d.<br>&#8211; Experiencias, ensayos e investigaci\u00f3n en Educaci\u00f3n Musical &#8211; <\/p>\n\n\n\n<div class=\"wp-block-buttons is-layout-flex\">\n<div class=\"wp-block-button\"><a class=\"wp-block-button__link has-base-3-color has-vivid-cyan-blue-background-color has-text-color has-background wp-element-button\" href=\"https:\/\/drive.google.com\/file\/d\/1XC6GCJ4sTA91LaqNBBXW4BoGcrFdNFLD\/view?usp=sharing\" target=\"_blank\" rel=\"noreferrer noopener\">EDICI\u00d3N DICIEMBRE 2025<\/a><\/div>\n<\/div>\n\n\n\n<div class=\"wp-block-buttons is-layout-flex\">\n<div class=\"wp-block-button\"><a class=\"wp-block-button__link has-base-3-color has-vivid-cyan-blue-background-color has-text-color has-background wp-element-button\" href=\"https:\/\/drive.google.com\/file\/d\/1VZ5GzuNTYxqSlXuSDDLQjbflTxelQ5pK\/view?usp=drive_link\" target=\"_blank\" rel=\"noreferrer noopener\">EDICI\u00d3N DICIEMBRE 2024<\/a><\/div>\n<\/div>\n\n\n\n<div class=\"wp-block-buttons is-layout-flex\">\n<div class=\"wp-block-button\"><a class=\"wp-block-button__link has-base-3-color has-vivid-cyan-blue-background-color has-text-color has-background wp-element-button\" href=\"https:\/\/drive.google.com\/open?id=1iwDVpOakcXbqd0njqVt4Wrt81VsiK6JV&amp;usp=drive_fs\" target=\"_blank\" rel=\"noreferrer noopener\">EDICI\u00d3N DICIEMBRE 2023<\/a><\/div>\n<\/div>\n\n\n\n<div class=\"wp-block-buttons is-layout-flex\">\n<div class=\"wp-block-button\"><a class=\"wp-block-button__link has-base-3-color has-vivid-cyan-blue-background-color has-text-color has-background wp-element-button\" href=\"https:\/\/drive.google.com\/open?id=1P-IZwQoUFXwwBGVXHUQH3bHRhMpQs-Xu&amp;usp=drive_fs\" target=\"_blank\" rel=\"noreferrer noopener\">EDICI\u00d3N DICIEMBRE 2022<\/a><\/div>\n<\/div>\n\n\n\n<div class=\"wp-block-buttons is-layout-flex\">\n<div class=\"wp-block-button\"><a class=\"wp-block-button__link has-base-3-color has-vivid-cyan-blue-background-color has-text-color has-background wp-element-button\" href=\"https:\/\/drive.google.com\/open?id=1G8DDIx-2DNNu2HoB14k6FVeiiOIhc1Ss&amp;usp=drive_fs\" target=\"_blank\" rel=\"noreferrer noopener\">EDICI\u00d3N DICIEMBRE 2021<\/a><\/div>\n<\/div>\n\n\n\n<hr class=\"wp-block-separator has-alpha-channel-opacity\"\/>\n\n\n\n<p><strong>Llamado a presentaci\u00f3n de art\u00edculos<\/strong><\/p>\n\n\n\n<p>  El presente llamado es continuo. Se recibir\u00e1n propuestas con variedad de tem\u00e1ticas vinculadas con la educaci\u00f3n musical en todo momento del a\u00f1o, y se publicar\u00e1n aquellas que sean seleccionadas en la edici\u00f3n m\u00e1s pr\u00f3xima a la finalizaci\u00f3n del proceso de aceptaci\u00f3n.<br>  Los trabajos deben enviarse en formato Microsoft Word o compatible (NO en formato PDF), exclusivamente al correo electr\u00f3nico <a rel=\"noreferrer noopener\" href=\"mailto:revistacoda.esnaolaterciario@gmail.com\" target=\"_blank\">revistacoda.esnaolaterciario@gmail.com<\/a> <\/p>\n\n\n\n<p>  <strong>M\u00e1s informaci\u00f3n<\/strong>: consultar Revista Coda Ed. Diciembre 2022 (p\u00e1ginas 70 a 73)<\/p>\n\n\n\n<hr class=\"wp-block-separator has-css-opacity\"\/>\n\n\n\n<p><\/p>\n","protected":false},"excerpt":{"rendered":"<p>(ISSN 2953-3465) Revista del Nivel terciario de la Escuela Superior de Educaci\u00f3n Art\u00edstica en M\u00fasica \u201cJuan Pedro Esnaola\u201d.&#8211; Experiencias, ensayos e investigaci\u00f3n en Educaci\u00f3n Musical &#8211; Llamado a presentaci\u00f3n de art\u00edculos El presente llamado es continuo. Se recibir\u00e1n propuestas con variedad de tem\u00e1ticas vinculadas con la educaci\u00f3n musical en todo momento del a\u00f1o, y se &#8230; <a title=\"REVISTA CODA\" class=\"read-more\" href=\"https:\/\/esnaola-caba.infd.edu.ar\/sitio\/revista-coda\/\" aria-label=\"More on REVISTA CODA\">[+]<\/a><\/p>\n","protected":false},"author":339,"featured_media":0,"parent":0,"menu_order":0,"comment_status":"closed","ping_status":"closed","template":"","meta":[],"acf":[],"_links":{"self":[{"href":"https:\/\/esnaola-caba.infd.edu.ar\/sitio\/wp-json\/wp\/v2\/pages\/2784"}],"collection":[{"href":"https:\/\/esnaola-caba.infd.edu.ar\/sitio\/wp-json\/wp\/v2\/pages"}],"about":[{"href":"https:\/\/esnaola-caba.infd.edu.ar\/sitio\/wp-json\/wp\/v2\/types\/page"}],"author":[{"embeddable":true,"href":"https:\/\/esnaola-caba.infd.edu.ar\/sitio\/wp-json\/wp\/v2\/users\/339"}],"replies":[{"embeddable":true,"href":"https:\/\/esnaola-caba.infd.edu.ar\/sitio\/wp-json\/wp\/v2\/comments?post=2784"}],"version-history":[{"count":16,"href":"https:\/\/esnaola-caba.infd.edu.ar\/sitio\/wp-json\/wp\/v2\/pages\/2784\/revisions"}],"predecessor-version":[{"id":5393,"href":"https:\/\/esnaola-caba.infd.edu.ar\/sitio\/wp-json\/wp\/v2\/pages\/2784\/revisions\/5393"}],"wp:attachment":[{"href":"https:\/\/esnaola-caba.infd.edu.ar\/sitio\/wp-json\/wp\/v2\/media?parent=2784"}],"curies":[{"name":"wp","href":"https:\/\/api.w.org\/{rel}","templated":true}]}}