{"id":2755,"date":"2021-12-03T19:04:11","date_gmt":"2021-12-03T22:04:11","guid":{"rendered":"https:\/\/esnaola-caba.infd.edu.ar\/sitio\/?page_id=2755"},"modified":"2024-09-17T18:47:10","modified_gmt":"2024-09-17T21:47:10","slug":"samara-pierpaoli-2","status":"publish","type":"page","link":"https:\/\/esnaola-caba.infd.edu.ar\/sitio\/samara-pierpaoli-2\/","title":{"rendered":"SAMARA PIERPAOLI"},"content":{"rendered":"\n<p><strong>Docente de Flauta Traversa<\/strong><\/p>\n\n\n\n<div class=\"wp-block-buttons is-layout-flex\">\n<div class=\"wp-block-button\"><a class=\"wp-block-button__link has-black-color has-vivid-cyan-blue-background-color has-text-color has-background wp-element-button\" href=\"https:\/\/www.facebook.com\/samara.pierpaoli\" target=\"_blank\" rel=\"noreferrer noopener\">SITIO WEB DEL DOCENTE<\/a><\/div>\n<\/div>\n\n\n\n<div class=\"wp-block-media-text alignwide is-stacked-on-mobile\"><figure class=\"wp-block-media-text__media\"><img decoding=\"async\" loading=\"lazy\" width=\"1608\" height=\"1071\" src=\"https:\/\/esnaola-caba.infd.edu.ar\/sitio\/wp-content\/uploads\/2021\/12\/sam.jpg\" alt=\"\" class=\"wp-image-2759 size-full\" srcset=\"https:\/\/esnaola-caba.infd.edu.ar\/sitio\/wp-content\/uploads\/2021\/12\/sam.jpg 1608w, https:\/\/esnaola-caba.infd.edu.ar\/sitio\/wp-content\/uploads\/2021\/12\/sam-1000x666.jpg 1000w, https:\/\/esnaola-caba.infd.edu.ar\/sitio\/wp-content\/uploads\/2021\/12\/sam-768x512.jpg 768w, https:\/\/esnaola-caba.infd.edu.ar\/sitio\/wp-content\/uploads\/2021\/12\/sam-1536x1023.jpg 1536w\" sizes=\"(max-width: 1608px) 100vw, 1608px\" \/><\/figure><div class=\"wp-block-media-text__content\">\n<p><strong>Sobre Samara Pierpaoli<\/strong><\/p>\n\n\n\n<p>Flautista y docente, egresada del IUNA. Sus maestros fueron Laura Falcone, Oscar Piluso, Ra\u00fal Becerra, Cecilia Mu\u00f1oz y Amalia P\u00e9rez en flauta, y Claudio Aristimu\u00f1o en flauta tango.<br>Integr\u00f3 diversos grupos de c\u00e1mara y orquestales; actualmente es parte de la Orquesta Sinf\u00f3nica Municipal de Avellaneda, del Ensamble de M\u00fasica Contempor\u00e1nea del DAMus\/UNA dirigido por<br>Santiago Santero y Luis Belforte, y del d\u00fao de flauta y piano Pascua &#8211; Pierpaoli.<br>Se desempe\u00f1a como docente de flauta (ayudante) en la c\u00e1tedra de la Prof. Laura Falcone del DAMus\/UNA, en el Profesorado Superior de M\u00fasica J. P. Esnaola y en el Programa de Orquestas infantiles y juveniles de la Ciudad de Bs As.<\/p>\n<\/div><\/div>\n\n\n\n<hr class=\"wp-block-separator has-css-opacity\"\/>\n\n\n\n<div class=\"wp-block-buttons alignwide is-horizontal is-content-justification-center is-layout-flex wp-container-2\">\n<div class=\"wp-block-button\"><a class=\"wp-block-button__link has-black-color has-vivid-cyan-blue-background-color has-text-color has-background wp-element-button\" href=\"https:\/\/esnaola-caba.infd.edu.ar\/sitio\/cuerpo-docente\/\">VOLVER A LISTADO DE DOCENTES<\/a><\/div>\n<\/div>\n\n\n\n<p><\/p>\n","protected":false},"excerpt":{"rendered":"<p>Docente de Flauta Traversa Sobre Samara Pierpaoli Flautista y docente, egresada del IUNA. Sus maestros fueron Laura Falcone, Oscar Piluso, Ra\u00fal Becerra, Cecilia Mu\u00f1oz y Amalia P\u00e9rez en flauta, y Claudio Aristimu\u00f1o en flauta tango.Integr\u00f3 diversos grupos de c\u00e1mara y orquestales; actualmente es parte de la Orquesta Sinf\u00f3nica Municipal de Avellaneda, del Ensamble de M\u00fasica &#8230; <a title=\"SAMARA PIERPAOLI\" class=\"read-more\" href=\"https:\/\/esnaola-caba.infd.edu.ar\/sitio\/samara-pierpaoli-2\/\" aria-label=\"More on SAMARA PIERPAOLI\">[+]<\/a><\/p>\n","protected":false},"author":339,"featured_media":0,"parent":0,"menu_order":0,"comment_status":"closed","ping_status":"closed","template":"","meta":[],"acf":[],"_links":{"self":[{"href":"https:\/\/esnaola-caba.infd.edu.ar\/sitio\/wp-json\/wp\/v2\/pages\/2755"}],"collection":[{"href":"https:\/\/esnaola-caba.infd.edu.ar\/sitio\/wp-json\/wp\/v2\/pages"}],"about":[{"href":"https:\/\/esnaola-caba.infd.edu.ar\/sitio\/wp-json\/wp\/v2\/types\/page"}],"author":[{"embeddable":true,"href":"https:\/\/esnaola-caba.infd.edu.ar\/sitio\/wp-json\/wp\/v2\/users\/339"}],"replies":[{"embeddable":true,"href":"https:\/\/esnaola-caba.infd.edu.ar\/sitio\/wp-json\/wp\/v2\/comments?post=2755"}],"version-history":[{"count":2,"href":"https:\/\/esnaola-caba.infd.edu.ar\/sitio\/wp-json\/wp\/v2\/pages\/2755\/revisions"}],"predecessor-version":[{"id":4999,"href":"https:\/\/esnaola-caba.infd.edu.ar\/sitio\/wp-json\/wp\/v2\/pages\/2755\/revisions\/4999"}],"wp:attachment":[{"href":"https:\/\/esnaola-caba.infd.edu.ar\/sitio\/wp-json\/wp\/v2\/media?parent=2755"}],"curies":[{"name":"wp","href":"https:\/\/api.w.org\/{rel}","templated":true}]}}