{"id":2733,"date":"2021-12-01T17:53:33","date_gmt":"2021-12-01T20:53:33","guid":{"rendered":"https:\/\/esnaola-caba.infd.edu.ar\/sitio\/?page_id=2733"},"modified":"2024-09-17T18:47:48","modified_gmt":"2024-09-17T21:47:48","slug":"juan-pablo-bujia","status":"publish","type":"page","link":"https:\/\/esnaola-caba.infd.edu.ar\/sitio\/juan-pablo-bujia\/","title":{"rendered":"JUAN PABLO BUJ\u00cdA"},"content":{"rendered":"\n<p><strong>Docente de Guitarra<\/strong><\/p>\n\n\n\n<div class=\"wp-block-buttons is-layout-flex\">\n<div class=\"wp-block-button\"><a class=\"wp-block-button__link has-black-color has-vivid-cyan-blue-background-color has-text-color has-background wp-element-button\" href=\"http:\/\/www.increscendocuarteto.com\" target=\"_blank\" rel=\"noreferrer noopener\">SITIO WEB DEL DOCENTE<\/a><\/div>\n<\/div>\n\n\n\n<div class=\"wp-block-media-text alignwide is-stacked-on-mobile\"><figure class=\"wp-block-media-text__media\"><img decoding=\"async\" loading=\"lazy\" width=\"1900\" height=\"905\" src=\"https:\/\/esnaola-caba.infd.edu.ar\/sitio\/wp-content\/uploads\/2021\/12\/bujia-1900x905.jpg\" alt=\"\" class=\"wp-image-2734 size-full\" srcset=\"https:\/\/esnaola-caba.infd.edu.ar\/sitio\/wp-content\/uploads\/2021\/12\/bujia-1900x905.jpg 1900w, https:\/\/esnaola-caba.infd.edu.ar\/sitio\/wp-content\/uploads\/2021\/12\/bujia-1000x476.jpg 1000w, https:\/\/esnaola-caba.infd.edu.ar\/sitio\/wp-content\/uploads\/2021\/12\/bujia-768x366.jpg 768w, https:\/\/esnaola-caba.infd.edu.ar\/sitio\/wp-content\/uploads\/2021\/12\/bujia-1536x731.jpg 1536w, https:\/\/esnaola-caba.infd.edu.ar\/sitio\/wp-content\/uploads\/2021\/12\/bujia-2048x975.jpg 2048w\" sizes=\"(max-width: 1900px) 100vw, 1900px\" \/><\/figure><div class=\"wp-block-media-text__content\">\n<p><strong>Sobre Juan Pablo Buj\u00eda<\/strong><\/p>\n\n\n\n<p class=\"has-small-font-size\">Es Licenciado en Artes Sonoras (UNA) y Profesor Superior de M\u00fasica con especialidad en Guitarra y M\u00fasica de C\u00e1mara del Conservatorio de la Ciudad de Buenos Aires \u201cAstor Piazzolla\u201d. Ha sido becado para realizar cursos de perfeccionamiento instrumental en Santiago de Compostela (Espa\u00f1a).<br>En su estad\u00eda en Europa fue premiado en diversos concursos de guitarra y ha sido distinguido con el premio \u201cJoaqu\u00edn Rodrigo\u201d.<br>Ha sido premiado en todos los concursos de m\u00fasica de c\u00e1mara del \u00e1mbito nacional y en diversos del \u00e1mbito internacional.<br>Realiz\u00f3 conciertos en las salas m\u00e1s prestigiosas de nuestro pa\u00eds, destacando la sala principal del Teatro Col\u00f3n, Teatro Gran Rex, CCK, entre otras.<br>Actu\u00f3 como solista junto a la Orquesta Sinf\u00f3nica Nacional bajo la batuta del Maestro Pedro Ignacio Calder\u00f3n.<br>En el exterior, realiz\u00f3 conciertos en EE UU, Espa\u00f1a, Italia, Portugal, Francia, Alemania, Holanda, Rep\u00fablica Checa M\u00e9xico, Colombia, Uruguay, Chile, Paraguay y Brasil.<br>Junto con el cuarteto IN CRESCENDO ha recibido el m\u00e9rito de \u201cmejor cuarteto de guitarras del continente americano.\u201d<\/p>\n<\/div><\/div>\n\n\n\n<hr class=\"wp-block-separator has-css-opacity\"\/>\n\n\n\n<div class=\"wp-block-buttons alignwide is-horizontal is-content-justification-center is-layout-flex wp-container-2\">\n<div class=\"wp-block-button\"><a class=\"wp-block-button__link has-black-color has-vivid-cyan-blue-background-color has-text-color has-background wp-element-button\" href=\"https:\/\/esnaola-caba.infd.edu.ar\/sitio\/cuerpo-docente\/\">VOLVER A LISTADO DE DOCENTES<\/a><\/div>\n<\/div>\n\n\n\n<p><\/p>\n","protected":false},"excerpt":{"rendered":"<p>Docente de Guitarra Sobre Juan Pablo Buj\u00eda Es Licenciado en Artes Sonoras (UNA) y Profesor Superior de M\u00fasica con especialidad en Guitarra y M\u00fasica de C\u00e1mara del Conservatorio de la Ciudad de Buenos Aires \u201cAstor Piazzolla\u201d. Ha sido becado para realizar cursos de perfeccionamiento instrumental en Santiago de Compostela (Espa\u00f1a).En su estad\u00eda en Europa fue &#8230; <a title=\"JUAN PABLO BUJ\u00cdA\" class=\"read-more\" href=\"https:\/\/esnaola-caba.infd.edu.ar\/sitio\/juan-pablo-bujia\/\" aria-label=\"More on JUAN PABLO BUJ\u00cdA\">[+]<\/a><\/p>\n","protected":false},"author":339,"featured_media":0,"parent":0,"menu_order":0,"comment_status":"closed","ping_status":"closed","template":"","meta":[],"acf":[],"_links":{"self":[{"href":"https:\/\/esnaola-caba.infd.edu.ar\/sitio\/wp-json\/wp\/v2\/pages\/2733"}],"collection":[{"href":"https:\/\/esnaola-caba.infd.edu.ar\/sitio\/wp-json\/wp\/v2\/pages"}],"about":[{"href":"https:\/\/esnaola-caba.infd.edu.ar\/sitio\/wp-json\/wp\/v2\/types\/page"}],"author":[{"embeddable":true,"href":"https:\/\/esnaola-caba.infd.edu.ar\/sitio\/wp-json\/wp\/v2\/users\/339"}],"replies":[{"embeddable":true,"href":"https:\/\/esnaola-caba.infd.edu.ar\/sitio\/wp-json\/wp\/v2\/comments?post=2733"}],"version-history":[{"count":2,"href":"https:\/\/esnaola-caba.infd.edu.ar\/sitio\/wp-json\/wp\/v2\/pages\/2733\/revisions"}],"predecessor-version":[{"id":5000,"href":"https:\/\/esnaola-caba.infd.edu.ar\/sitio\/wp-json\/wp\/v2\/pages\/2733\/revisions\/5000"}],"wp:attachment":[{"href":"https:\/\/esnaola-caba.infd.edu.ar\/sitio\/wp-json\/wp\/v2\/media?parent=2733"}],"curies":[{"name":"wp","href":"https:\/\/api.w.org\/{rel}","templated":true}]}}