{"id":2694,"date":"2021-11-26T20:30:06","date_gmt":"2021-11-26T23:30:06","guid":{"rendered":"https:\/\/esnaola-caba.infd.edu.ar\/sitio\/?page_id=2694"},"modified":"2024-10-01T18:50:45","modified_gmt":"2024-10-01T21:50:45","slug":"eliana-marina-seinturia","status":"publish","type":"page","link":"https:\/\/esnaola-caba.infd.edu.ar\/sitio\/eliana-marina-seinturia\/","title":{"rendered":"ELIANA MARINA SEINTURIA"},"content":{"rendered":"\n<p><strong><strong>Docente de Taller III: \u201cDise\u00f1o y programaci\u00f3n de la ense\u00f1anza\u201d<\/strong><br><strong>Docente de Taller IV: \u00abPr\u00e1cticas de la ense\u00f1anza en el nivel inicial\u00bb<\/strong><\/strong><\/p>\n\n\n\n<div class=\"wp-block-buttons is-layout-flex\">\n<div class=\"wp-block-button\"><a class=\"wp-block-button__link has-black-color has-vivid-cyan-blue-background-color has-text-color has-background wp-element-button\" href=\"https:\/\/www.facebook.com\/eliana.seinturia\" target=\"_blank\" rel=\"noreferrer noopener\">SITIO WEB DEL DOCENTE<\/a><\/div>\n<\/div>\n\n\n\n<div class=\"wp-block-media-text alignwide is-stacked-on-mobile\"><figure class=\"wp-block-media-text__media\"><img decoding=\"async\" loading=\"lazy\" width=\"305\" height=\"316\" src=\"https:\/\/esnaola-caba.infd.edu.ar\/sitio\/wp-content\/uploads\/2021\/10\/Eliana.png\" alt=\"\" class=\"wp-image-2478 size-full\"\/><\/figure><div class=\"wp-block-media-text__content\">\n<p><strong>Sobre Eliana Marina Seinturia<\/strong><\/p>\n\n\n\n<p>Es profesora de Educaci\u00f3n Musical y Flauta Dulce graduada del Conservatorio Superior de M\u00fasica \u201cManuel de Falla\u201d (Bs. As.). Se especializ\u00f3 en Pedagog\u00eda Orff.<br>Desarrolla su labor como docente de m\u00fasica y profesora de Flauta Dulce en instituciones educativas del \u00e1mbito p\u00fablico y privado y en distintos niveles de la educaci\u00f3n.<br>Socia fundadora y miembro activo de la \u201cAsociaci\u00f3n Orff &#8211; Schulwerk Argentina\u201d, donde brinda cursos de capacitaci\u00f3n. Desde el a\u00f1o 2010 tiene a su cargo c\u00e1tedras de formaci\u00f3n docente en el C.S.M. \u201cManuel de Falla\u201d y en la ESEAM \u201cJ. P. Esnaola\u201d.<br>Es capacitadora de la Escuela de Maestros del G.C.B.A. Dirige el Conjunto Vocal-Instrumental Orff del Colegio Pestalozzi e integra el Conjunto de flautas dulces \u201cA la flauta!\u201d.<\/p>\n<\/div><\/div>\n\n\n\n<hr class=\"wp-block-separator has-css-opacity\"\/>\n\n\n\n<div class=\"wp-block-buttons alignwide is-horizontal is-content-justification-center is-layout-flex wp-container-2\">\n<div class=\"wp-block-button\"><a class=\"wp-block-button__link has-black-color has-vivid-cyan-blue-background-color has-text-color has-background wp-element-button\" href=\"https:\/\/esnaola-caba.infd.edu.ar\/sitio\/equipo-docente\/\">VOLVER A LISTADO DE DOCENTES<\/a><\/div>\n<\/div>\n\n\n\n<p><\/p>\n","protected":false},"excerpt":{"rendered":"<p>Docente de Taller III: \u201cDise\u00f1o y programaci\u00f3n de la ense\u00f1anza\u201dDocente de Taller IV: \u00abPr\u00e1cticas de la ense\u00f1anza en el nivel inicial\u00bb Sobre Eliana Marina Seinturia Es profesora de Educaci\u00f3n Musical y Flauta Dulce graduada del Conservatorio Superior de M\u00fasica \u201cManuel de Falla\u201d (Bs. As.). Se especializ\u00f3 en Pedagog\u00eda Orff.Desarrolla su labor como docente de m\u00fasica &#8230; <a title=\"ELIANA MARINA SEINTURIA\" class=\"read-more\" href=\"https:\/\/esnaola-caba.infd.edu.ar\/sitio\/eliana-marina-seinturia\/\" aria-label=\"More on ELIANA MARINA SEINTURIA\">[+]<\/a><\/p>\n","protected":false},"author":339,"featured_media":0,"parent":0,"menu_order":0,"comment_status":"closed","ping_status":"closed","template":"","meta":[],"acf":[],"_links":{"self":[{"href":"https:\/\/esnaola-caba.infd.edu.ar\/sitio\/wp-json\/wp\/v2\/pages\/2694"}],"collection":[{"href":"https:\/\/esnaola-caba.infd.edu.ar\/sitio\/wp-json\/wp\/v2\/pages"}],"about":[{"href":"https:\/\/esnaola-caba.infd.edu.ar\/sitio\/wp-json\/wp\/v2\/types\/page"}],"author":[{"embeddable":true,"href":"https:\/\/esnaola-caba.infd.edu.ar\/sitio\/wp-json\/wp\/v2\/users\/339"}],"replies":[{"embeddable":true,"href":"https:\/\/esnaola-caba.infd.edu.ar\/sitio\/wp-json\/wp\/v2\/comments?post=2694"}],"version-history":[{"count":2,"href":"https:\/\/esnaola-caba.infd.edu.ar\/sitio\/wp-json\/wp\/v2\/pages\/2694\/revisions"}],"predecessor-version":[{"id":5114,"href":"https:\/\/esnaola-caba.infd.edu.ar\/sitio\/wp-json\/wp\/v2\/pages\/2694\/revisions\/5114"}],"wp:attachment":[{"href":"https:\/\/esnaola-caba.infd.edu.ar\/sitio\/wp-json\/wp\/v2\/media?parent=2694"}],"curies":[{"name":"wp","href":"https:\/\/api.w.org\/{rel}","templated":true}]}}