{"id":2691,"date":"2021-11-26T20:23:45","date_gmt":"2021-11-26T23:23:45","guid":{"rendered":"https:\/\/esnaola-caba.infd.edu.ar\/sitio\/?page_id=2691"},"modified":"2024-10-01T18:51:22","modified_gmt":"2024-10-01T21:51:22","slug":"carla-grosso","status":"publish","type":"page","link":"https:\/\/esnaola-caba.infd.edu.ar\/sitio\/carla-grosso\/","title":{"rendered":"CARLA GROSSO"},"content":{"rendered":"\n<p><strong>Docente de Taller III: \u201cDise\u00f1o y programaci\u00f3n de la ense\u00f1anza\u201d<\/strong><br><strong>Docente de Taller IV: \u00abPr\u00e1cticas de la ense\u00f1anza en el nivel inicial\u00bb<\/strong><br><strong>Ayudante de C\u00e1tedra<\/strong><\/p>\n\n\n\n<div class=\"wp-block-media-text alignwide is-stacked-on-mobile\"><figure class=\"wp-block-media-text__media\"><img decoding=\"async\" loading=\"lazy\" width=\"249\" height=\"308\" src=\"https:\/\/esnaola-caba.infd.edu.ar\/sitio\/wp-content\/uploads\/2021\/10\/Carla.png\" alt=\"\" class=\"wp-image-2477 size-full\"\/><\/figure><div class=\"wp-block-media-text__content\">\n<p><strong>CARLA GROSSO<\/strong><\/p>\n\n\n\n<p>Nacida en la Ciudad de Buenos Aires, es Egresada del Conservatorio Manuel de Falla con el t\u00edtulo de Profesora de Educaci\u00f3n Musical. Se form\u00f3 como cantante con diversos docentes en forma particular, especializada en la Pedagog\u00eda Orff.<br>Se ha desempe\u00f1ado como profesora de M\u00fasica en todos los niveles de la educaci\u00f3n formal, tanto en el \u00e1mbito p\u00fablico como privado. Es socia fundadora y miembro activo de la \u201cAsociaci\u00f3n Orff- Schulwerk Argentina\u201d, donde brinda cursos de capacitaci\u00f3n.Es docente de los Talleres de Pr\u00e1cticas de la ESEAM Esnaola.<\/p>\n<\/div><\/div>\n\n\n\n<hr class=\"wp-block-separator has-css-opacity\"\/>\n\n\n\n<div class=\"wp-block-buttons alignwide is-horizontal is-content-justification-center is-layout-flex wp-container-1\">\n<div class=\"wp-block-button\"><a class=\"wp-block-button__link has-black-color has-vivid-cyan-blue-background-color has-text-color has-background wp-element-button\" href=\"https:\/\/esnaola-caba.infd.edu.ar\/sitio\/equipo-docente\/\">VOLVER A LISTADO DE DOCENTES<\/a><\/div>\n<\/div>\n\n\n\n<p><\/p>\n","protected":false},"excerpt":{"rendered":"<p>Docente de Taller III: \u201cDise\u00f1o y programaci\u00f3n de la ense\u00f1anza\u201dDocente de Taller IV: \u00abPr\u00e1cticas de la ense\u00f1anza en el nivel inicial\u00bbAyudante de C\u00e1tedra CARLA GROSSO Nacida en la Ciudad de Buenos Aires, es Egresada del Conservatorio Manuel de Falla con el t\u00edtulo de Profesora de Educaci\u00f3n Musical. Se form\u00f3 como cantante con diversos docentes en &#8230; <a title=\"CARLA GROSSO\" class=\"read-more\" href=\"https:\/\/esnaola-caba.infd.edu.ar\/sitio\/carla-grosso\/\" aria-label=\"More on CARLA GROSSO\">[+]<\/a><\/p>\n","protected":false},"author":339,"featured_media":0,"parent":0,"menu_order":0,"comment_status":"closed","ping_status":"closed","template":"","meta":[],"acf":[],"_links":{"self":[{"href":"https:\/\/esnaola-caba.infd.edu.ar\/sitio\/wp-json\/wp\/v2\/pages\/2691"}],"collection":[{"href":"https:\/\/esnaola-caba.infd.edu.ar\/sitio\/wp-json\/wp\/v2\/pages"}],"about":[{"href":"https:\/\/esnaola-caba.infd.edu.ar\/sitio\/wp-json\/wp\/v2\/types\/page"}],"author":[{"embeddable":true,"href":"https:\/\/esnaola-caba.infd.edu.ar\/sitio\/wp-json\/wp\/v2\/users\/339"}],"replies":[{"embeddable":true,"href":"https:\/\/esnaola-caba.infd.edu.ar\/sitio\/wp-json\/wp\/v2\/comments?post=2691"}],"version-history":[{"count":3,"href":"https:\/\/esnaola-caba.infd.edu.ar\/sitio\/wp-json\/wp\/v2\/pages\/2691\/revisions"}],"predecessor-version":[{"id":5116,"href":"https:\/\/esnaola-caba.infd.edu.ar\/sitio\/wp-json\/wp\/v2\/pages\/2691\/revisions\/5116"}],"wp:attachment":[{"href":"https:\/\/esnaola-caba.infd.edu.ar\/sitio\/wp-json\/wp\/v2\/media?parent=2691"}],"curies":[{"name":"wp","href":"https:\/\/api.w.org\/{rel}","templated":true}]}}