{"id":2672,"date":"2021-11-26T18:55:19","date_gmt":"2021-11-26T21:55:19","guid":{"rendered":"https:\/\/esnaola-caba.infd.edu.ar\/sitio\/?page_id=2672"},"modified":"2024-09-17T18:48:38","modified_gmt":"2024-09-17T21:48:38","slug":"fernando-perez","status":"publish","type":"page","link":"https:\/\/esnaola-caba.infd.edu.ar\/sitio\/fernando-perez\/","title":{"rendered":"FERNANDO P\u00c9REZ"},"content":{"rendered":"\n<p><strong>Docente de Piano<\/strong><\/p>\n\n\n\n<div class=\"wp-block-buttons is-layout-flex\">\n<div class=\"wp-block-button\"><a class=\"wp-block-button__link has-black-color has-vivid-cyan-blue-background-color has-text-color has-background wp-element-button\" href=\"http:\/\/fernandoperezpianista.com\/\" target=\"_blank\" rel=\"noreferrer noopener\">SITIO WEB DEL DOCENTE<\/a><\/div>\n<\/div>\n\n\n\n<div class=\"wp-block-media-text alignwide is-stacked-on-mobile\"><figure class=\"wp-block-media-text__media\"><img decoding=\"async\" loading=\"lazy\" width=\"1900\" height=\"1267\" src=\"https:\/\/esnaola-caba.infd.edu.ar\/sitio\/wp-content\/uploads\/2021\/11\/Fernando-Perez-7-1900x1267.jpg\" alt=\"\" class=\"wp-image-2673 size-full\" srcset=\"https:\/\/esnaola-caba.infd.edu.ar\/sitio\/wp-content\/uploads\/2021\/11\/Fernando-Perez-7-1900x1267.jpg 1900w, https:\/\/esnaola-caba.infd.edu.ar\/sitio\/wp-content\/uploads\/2021\/11\/Fernando-Perez-7-1000x667.jpg 1000w, https:\/\/esnaola-caba.infd.edu.ar\/sitio\/wp-content\/uploads\/2021\/11\/Fernando-Perez-7-768x512.jpg 768w, https:\/\/esnaola-caba.infd.edu.ar\/sitio\/wp-content\/uploads\/2021\/11\/Fernando-Perez-7-1536x1024.jpg 1536w, https:\/\/esnaola-caba.infd.edu.ar\/sitio\/wp-content\/uploads\/2021\/11\/Fernando-Perez-7.jpg 2008w\" sizes=\"(max-width: 1900px) 100vw, 1900px\" \/><\/figure><div class=\"wp-block-media-text__content\">\n<p><strong>Sobre Fernando P\u00e9rez<\/strong><\/p>\n\n\n\n<p class=\"has-small-font-size\">Fernando P\u00e9rez ha sido mencionado por la prensa como uno de los m\u00e1s activos y prestigiosos m\u00fasicos de su pa\u00eds. Su versatilidad interpretativa lo hace due\u00f1o de un ampl\u00edsimo repertorio que abarca desde obras cl\u00e1sicas hasta el vanguardismo contempor\u00e1neo, ya sea en m\u00fasica para piano solo, con orquesta o en distintas formaciones de c\u00e1mara instrumental y vocal.<br>Su actividad internacional comenz\u00f3 en 1991, haciendo posteriormente su debut europeo en Italia en el Festival \u201cTrieste Prima\u201d de m\u00fasica contempor\u00e1nea (1995), y el mismo a\u00f1o en Eslovenia (Capodistria). En 2001, y como solista junto a la Orquesta de C\u00e1mara Mayo, realiz\u00f3 una gira por M\u00e9xico, actuando por todo el pa\u00eds en el Festival Internacional Cervantino y Festival Internacional de Tamaulipas. A partir de 2002 y en reiteradas giras europeas se present\u00f3 en el Concertgebouw de \u00c1msterdam, Holanda; \u00d3pera de Lausanne y Gran Th\u00e9\u00e2tre de Gen\u00e9ve, Suiza. En 2008 fue invitado al Festival Vancouver, Canad\u00e1. En el mismo a\u00f1o se present\u00f3 en el Festival Iberoamericano de la Universidad de Pretoria, Sud\u00e1frica, como parte de las celebraciones del cumplea\u00f1os de Nelson Mandela.<br>Como solista, se ha presentado junto a la Camerata Bariloche; Orquesta Estable del Teatro Col\u00f3n de Bs. As.; Filarm\u00f3nica de Bs. As.; Orquesta Municipal de C\u00e1mara de La Plata; Orquesta Sinf\u00f3nica del SODRE (Uruguay) Orquesta Sinf\u00f3nica Prov. de Rosario, Orquesta Sinf\u00f3nica prov. de Sta. Fe y Orquesta Sinf\u00f3nica Nacional en reiteradas oportunidades.<br>Desarrolla una amplia actividad pedag\u00f3gica, teniendo a su cargo la formaci\u00f3n de varios j\u00f3venes pianistas y m\u00fasicos camaristas, algunos de los cuales han obtenido prestigiosos reconocimientos en conciertos, becas y concursos internacionales. Ha dictado masterclass y cursos de m\u00fasica de c\u00e1mara en la Escuela de M\u00fasica de la Universidad Nacional de Rosario para la Asociaci\u00f3n Camar\u00edstica; Festival Internacional de M\u00fasica de Buenos Aires; Casa de la Cultura de General Roca (R\u00edo Negro); Fundaci\u00f3n Antorchas, Camping Musical Bariloche (R\u00edo Negro); Conservatorio de S. M. de Tucum\u00e1n; Universidad Cat\u00f3lica Argentina (Bs. As.); Universidad Aut\u00f3noma de Entre R\u00edos (Paran\u00e1); Universidad Nacional del Litoral (Santa Fe); Asociaci\u00f3n Bosque de Gesell (Prov. de Bs. As.); Instituto Universitario Patag\u00f3nico de las Artes, y Municipalidad de Buenos Aires. Desde 2014 tiene a su cargo la C\u00e1tedra de Piano en la Escuela Superior de M\u00fasica \u00abJuan Pedro Esnaola\u00bb, y desde 2015 dicta el Seminario de Interpretaci\u00f3n de la M\u00fasica de C\u00e1mara en Facultad de Humanidades y Artes de la Universidad Nacional de Rosario (Maestr\u00eda de M\u00fasica de C\u00e1mara).<\/p>\n<\/div><\/div>\n\n\n\n<hr class=\"wp-block-separator has-css-opacity\"\/>\n\n\n\n<div class=\"wp-block-buttons alignwide is-horizontal is-content-justification-center is-layout-flex wp-container-2\">\n<div class=\"wp-block-button\"><a class=\"wp-block-button__link has-black-color has-vivid-cyan-blue-background-color has-text-color has-background wp-element-button\" href=\"https:\/\/esnaola-caba.infd.edu.ar\/sitio\/cuerpo-docente\/\">VOLVER A LISTADO DE DOCENTES<\/a><\/div>\n<\/div>\n\n\n\n<p><\/p>\n","protected":false},"excerpt":{"rendered":"<p>Docente de Piano Sobre Fernando P\u00e9rez Fernando P\u00e9rez ha sido mencionado por la prensa como uno de los m\u00e1s activos y prestigiosos m\u00fasicos de su pa\u00eds. Su versatilidad interpretativa lo hace due\u00f1o de un ampl\u00edsimo repertorio que abarca desde obras cl\u00e1sicas hasta el vanguardismo contempor\u00e1neo, ya sea en m\u00fasica para piano solo, con orquesta o &#8230; <a title=\"FERNANDO P\u00c9REZ\" class=\"read-more\" href=\"https:\/\/esnaola-caba.infd.edu.ar\/sitio\/fernando-perez\/\" aria-label=\"More on FERNANDO P\u00c9REZ\">[+]<\/a><\/p>\n","protected":false},"author":339,"featured_media":0,"parent":0,"menu_order":0,"comment_status":"closed","ping_status":"closed","template":"","meta":[],"acf":[],"_links":{"self":[{"href":"https:\/\/esnaola-caba.infd.edu.ar\/sitio\/wp-json\/wp\/v2\/pages\/2672"}],"collection":[{"href":"https:\/\/esnaola-caba.infd.edu.ar\/sitio\/wp-json\/wp\/v2\/pages"}],"about":[{"href":"https:\/\/esnaola-caba.infd.edu.ar\/sitio\/wp-json\/wp\/v2\/types\/page"}],"author":[{"embeddable":true,"href":"https:\/\/esnaola-caba.infd.edu.ar\/sitio\/wp-json\/wp\/v2\/users\/339"}],"replies":[{"embeddable":true,"href":"https:\/\/esnaola-caba.infd.edu.ar\/sitio\/wp-json\/wp\/v2\/comments?post=2672"}],"version-history":[{"count":2,"href":"https:\/\/esnaola-caba.infd.edu.ar\/sitio\/wp-json\/wp\/v2\/pages\/2672\/revisions"}],"predecessor-version":[{"id":5002,"href":"https:\/\/esnaola-caba.infd.edu.ar\/sitio\/wp-json\/wp\/v2\/pages\/2672\/revisions\/5002"}],"wp:attachment":[{"href":"https:\/\/esnaola-caba.infd.edu.ar\/sitio\/wp-json\/wp\/v2\/media?parent=2672"}],"curies":[{"name":"wp","href":"https:\/\/api.w.org\/{rel}","templated":true}]}}