{"id":2665,"date":"2021-11-26T18:12:38","date_gmt":"2021-11-26T21:12:38","guid":{"rendered":"https:\/\/esnaola-caba.infd.edu.ar\/sitio\/?page_id=2665"},"modified":"2024-09-17T18:49:30","modified_gmt":"2024-09-17T21:49:30","slug":"ezequiel-mendez","status":"publish","type":"page","link":"https:\/\/esnaola-caba.infd.edu.ar\/sitio\/ezequiel-mendez\/","title":{"rendered":"EZEQUIEL M\u00c9NDEZ"},"content":{"rendered":"\n<p><strong>Docente de Trompeta<\/strong><\/p>\n\n\n\n<div class=\"wp-block-media-text alignwide is-stacked-on-mobile\"><figure class=\"wp-block-media-text__media\"><img decoding=\"async\" loading=\"lazy\" width=\"768\" height=\"1024\" src=\"https:\/\/esnaola-caba.infd.edu.ar\/sitio\/wp-content\/uploads\/2021\/11\/Ezequiel_Mendez.jpg\" alt=\"\" class=\"wp-image-2666 size-full\" srcset=\"https:\/\/esnaola-caba.infd.edu.ar\/sitio\/wp-content\/uploads\/2021\/11\/Ezequiel_Mendez.jpg 768w, https:\/\/esnaola-caba.infd.edu.ar\/sitio\/wp-content\/uploads\/2021\/11\/Ezequiel_Mendez-750x1000.jpg 750w\" sizes=\"(max-width: 768px) 100vw, 768px\" \/><\/figure><div class=\"wp-block-media-text__content\">\n<p><strong>Sobre Ezequiel M\u00e9ndez<\/strong><\/p>\n\n\n\n<p class=\"has-small-font-size\">Nacido en el a\u00f1o 1983, en el partido de San Isidro de la Provincia de Buenos Aires. Comienza sus estudios de trompeta a la temprana edad de 5 a\u00f1os con el Profesor Jos\u00e9 M\u00e9ndez. A los 15 a\u00f1os comienza sus estudios en el Conservatorio \u201cJuan Jos\u00e9 Castro\u201d con el Profesor Hugo Lozano (Solista de la Orquesta Sinf\u00f3nica Nacional). A la edad de 18 a\u00f1os, contin\u00faa sus estudios en el Conservatorio de M\u00fasica de la Ciudad de Buenos Aires \u201cAstor Piazzolla\u201d, con el Profesor Osvaldo Lacunza (Solista de la Orquesta Estable del Teatro Colon), obteniendo as\u00ed, en el a\u00f1o 2007, el t\u00edtulo de Profesor Superior de M\u00fasica con Especialidad en Trompeta. En el a\u00f1o 2008 viaja a Francia para perfeccionarse con el solista internacional Eric Aubier en el Conservatorio Nacional de Regi\u00f3n de Amiens, Obteniendo el Dipl\u00f4me d\u2019Etudes Musicales en Trompette en 2009.<br>En el a\u00f1o 2012 es convocado para formar parte del Ensamble \u201cMetales de Buenos Aires\u201d, formaci\u00f3n que incursiona at\u00edpicamente en un repertorio que abarca desde el renacimiento hasta la m\u00fasica popular latinoamericana. En el a\u00f1o 2013 se le asigna la c\u00e1tedra de trompeta del Nivel Superior, del Instituto de Formaci\u00f3n Art\u00edstica de M\u00fasica \u201cJuan Pedro Esnaola\u201d.<br>Toma en forma particular clases con los maestros Ezzio Verrochi (Solista de la Orquesta del Teatro Argentino de La Plata), Valent\u00edn Garvie y Sava Stoianov (Integrantes del \u201cEnsemble Modern\u201d de Frankfurt, Alemania), Reinhold Friedrich (Solista Internacional y Profesor en el Conservatorio de Karlsruhe, Alemania), Matthias H\u00f6fs (Profesor en el Conservatorio de Hamburgo, Solista internacional e integrante del German Brass), y Gustavo Bergalli (Solista internacional de Jazz y director de Big Band).<br>Entre el a\u00f1o 2006 y 2008 se lo contrata reiteradamente en la Orquesta Estable del Teatro Colon, y la Orquesta Filarm\u00f3nica de Buenos Aires. Actualmente y desde el a\u00f1o 2004 se desempe\u00f1a como solista en la Orquesta Nacional de M\u00fasica Argentina \u201cJuan de Dios Filiberto\u201d.<br>Act\u00faa como Solista en reiteradas ocasiones junto a la Orquesta Sinf\u00f3nica de la Universidad del Salvador (Concierto en Fa Menor de Georg P. Telemann TWV51:f2, a\u00f1o 2004), la Orquesta de la Facultad de Medicina (Concierto en Do mayor para dos trompetas de Antonio Vivaldi RV537, a\u00f1o 2006), la Orquesta del Conservatorio Superior de M\u00fasica de la Ciudad de Buenos Aires \u201cAstor Piazzolla\u201d (\u201cTrompetunia\u201d de Roger Boutry &#8211; Ed. Leduc AL21648, a\u00f1o 2008), y la Orquesta Nacional de M\u00fasica Argentina \u201cJuan de Dios Filiberto\u201d (bajo la direcci\u00f3n del Maestro Jos\u00e9 Carli, a\u00f1o 2012).<\/p>\n<\/div><\/div>\n\n\n\n<hr class=\"wp-block-separator has-css-opacity\"\/>\n\n\n\n<div class=\"wp-block-buttons alignwide is-horizontal is-content-justification-center is-layout-flex wp-container-1\">\n<div class=\"wp-block-button\"><a class=\"wp-block-button__link has-black-color has-vivid-cyan-blue-background-color has-text-color has-background wp-element-button\" href=\"https:\/\/esnaola-caba.infd.edu.ar\/sitio\/cuerpo-docente\/\">VOLVER A LISTADO DE DOCENTES<\/a><\/div>\n<\/div>\n\n\n\n<p><\/p>\n","protected":false},"excerpt":{"rendered":"<p>Docente de Trompeta Sobre Ezequiel M\u00e9ndez Nacido en el a\u00f1o 1983, en el partido de San Isidro de la Provincia de Buenos Aires. Comienza sus estudios de trompeta a la temprana edad de 5 a\u00f1os con el Profesor Jos\u00e9 M\u00e9ndez. A los 15 a\u00f1os comienza sus estudios en el Conservatorio \u201cJuan Jos\u00e9 Castro\u201d con el &#8230; <a title=\"EZEQUIEL M\u00c9NDEZ\" class=\"read-more\" href=\"https:\/\/esnaola-caba.infd.edu.ar\/sitio\/ezequiel-mendez\/\" aria-label=\"More on EZEQUIEL M\u00c9NDEZ\">[+]<\/a><\/p>\n","protected":false},"author":339,"featured_media":0,"parent":0,"menu_order":0,"comment_status":"closed","ping_status":"closed","template":"","meta":[],"acf":[],"_links":{"self":[{"href":"https:\/\/esnaola-caba.infd.edu.ar\/sitio\/wp-json\/wp\/v2\/pages\/2665"}],"collection":[{"href":"https:\/\/esnaola-caba.infd.edu.ar\/sitio\/wp-json\/wp\/v2\/pages"}],"about":[{"href":"https:\/\/esnaola-caba.infd.edu.ar\/sitio\/wp-json\/wp\/v2\/types\/page"}],"author":[{"embeddable":true,"href":"https:\/\/esnaola-caba.infd.edu.ar\/sitio\/wp-json\/wp\/v2\/users\/339"}],"replies":[{"embeddable":true,"href":"https:\/\/esnaola-caba.infd.edu.ar\/sitio\/wp-json\/wp\/v2\/comments?post=2665"}],"version-history":[{"count":3,"href":"https:\/\/esnaola-caba.infd.edu.ar\/sitio\/wp-json\/wp\/v2\/pages\/2665\/revisions"}],"predecessor-version":[{"id":5005,"href":"https:\/\/esnaola-caba.infd.edu.ar\/sitio\/wp-json\/wp\/v2\/pages\/2665\/revisions\/5005"}],"wp:attachment":[{"href":"https:\/\/esnaola-caba.infd.edu.ar\/sitio\/wp-json\/wp\/v2\/media?parent=2665"}],"curies":[{"name":"wp","href":"https:\/\/api.w.org\/{rel}","templated":true}]}}