{"id":2608,"date":"2021-11-25T19:32:38","date_gmt":"2021-11-25T22:32:38","guid":{"rendered":"https:\/\/esnaola-caba.infd.edu.ar\/sitio\/?page_id=2608"},"modified":"2025-11-12T18:33:26","modified_gmt":"2025-11-12T21:33:26","slug":"victor-torres","status":"publish","type":"page","link":"https:\/\/esnaola-caba.infd.edu.ar\/sitio\/victor-torres\/","title":{"rendered":"V\u00cdCTOR TORRES"},"content":{"rendered":"\n<p><strong>Docente de Canto<\/strong><\/p>\n\n\n\n<div class=\"wp-block-buttons is-layout-flex\">\n<div class=\"wp-block-button\"><a class=\"wp-block-button__link has-black-color has-vivid-cyan-blue-background-color has-text-color has-background wp-element-button\" href=\"https:\/\/es.wikipedia.org\/wiki\/Victor_Torres\" target=\"_blank\" rel=\"noreferrer noopener\">SITIO WEB DEL DOCENTE<\/a><\/div>\n<\/div>\n\n\n\n<div class=\"wp-block-media-text alignwide is-stacked-on-mobile\"><figure class=\"wp-block-media-text__media\"><img decoding=\"async\" loading=\"lazy\" width=\"666\" height=\"1000\" src=\"https:\/\/esnaola-caba.infd.edu.ar\/sitio\/wp-content\/uploads\/2021\/11\/Victor-Torres-666x1000-1.jpg\" alt=\"\" class=\"wp-image-2610 size-full\"\/><\/figure><div class=\"wp-block-media-text__content\">\n<p><strong>V\u00edctor Torres, bar\u00edtono<\/strong><\/p>\n\n\n\n<p>Oriundo de Buenos Aires, egresa del ISA del Teatro Col\u00f3n en 1991. En 1990 se acredita tres galardones en los concursos internacionales de Bilbao y Pretoria. De larga trayectoria coral, debuta en Bs. As. en 1988 en el rol de Germont, en Traviata de Verdi , y en 1990 en Sud\u00e1frica en el rol de Posa, en Don Carlo de Verdi. Entre su debut parisino en 1993 en el Chatelet, con Traviata y la actualidad, su actividad se desarrolla ininterrumpidamente entre nuestro pa\u00eds y el exterior, trabajando en importantes teatros, principalmente en nuestro pa\u00eds, Francia, Alemania, Austria, Espa\u00f1a, Holanda, B\u00e9lgica, Italia, Suiza como tambi\u00e9n en Chile, Colombia, Jap\u00f3n, Israel y USA. Un amplio espectro abarca su repertorio, que va desde los m\u00e1s importantes roles de Verdi, Puccini, Mozart, Monteverdi, Cavallila, canci\u00f3n de c\u00e1mara y el oratorio.<\/p>\n<\/div><\/div>\n\n\n\n<hr class=\"wp-block-separator has-css-opacity\"\/>\n\n\n\n<div class=\"wp-block-buttons alignwide is-horizontal is-content-justification-center is-layout-flex wp-container-2\">\n<div class=\"wp-block-button\"><a class=\"wp-block-button__link has-black-color has-vivid-cyan-blue-background-color has-text-color has-background wp-element-button\" href=\"https:\/\/esnaola-caba.infd.edu.ar\/sitio\/equipo-docente\/\">VOLVER A LISTADO DE DOCENTES<\/a><\/div>\n<\/div>\n\n\n\n<p><\/p>\n","protected":false},"excerpt":{"rendered":"<p>Docente de Canto V\u00edctor Torres, bar\u00edtono Oriundo de Buenos Aires, egresa del ISA del Teatro Col\u00f3n en 1991. En 1990 se acredita tres galardones en los concursos internacionales de Bilbao y Pretoria. De larga trayectoria coral, debuta en Bs. As. en 1988 en el rol de Germont, en Traviata de Verdi , y en 1990 &#8230; <a title=\"V\u00cdCTOR TORRES\" class=\"read-more\" href=\"https:\/\/esnaola-caba.infd.edu.ar\/sitio\/victor-torres\/\" aria-label=\"More on V\u00cdCTOR TORRES\">[+]<\/a><\/p>\n","protected":false},"author":339,"featured_media":0,"parent":0,"menu_order":0,"comment_status":"closed","ping_status":"closed","template":"","meta":[],"acf":[],"_links":{"self":[{"href":"https:\/\/esnaola-caba.infd.edu.ar\/sitio\/wp-json\/wp\/v2\/pages\/2608"}],"collection":[{"href":"https:\/\/esnaola-caba.infd.edu.ar\/sitio\/wp-json\/wp\/v2\/pages"}],"about":[{"href":"https:\/\/esnaola-caba.infd.edu.ar\/sitio\/wp-json\/wp\/v2\/types\/page"}],"author":[{"embeddable":true,"href":"https:\/\/esnaola-caba.infd.edu.ar\/sitio\/wp-json\/wp\/v2\/users\/339"}],"replies":[{"embeddable":true,"href":"https:\/\/esnaola-caba.infd.edu.ar\/sitio\/wp-json\/wp\/v2\/comments?post=2608"}],"version-history":[{"count":2,"href":"https:\/\/esnaola-caba.infd.edu.ar\/sitio\/wp-json\/wp\/v2\/pages\/2608\/revisions"}],"predecessor-version":[{"id":4995,"href":"https:\/\/esnaola-caba.infd.edu.ar\/sitio\/wp-json\/wp\/v2\/pages\/2608\/revisions\/4995"}],"wp:attachment":[{"href":"https:\/\/esnaola-caba.infd.edu.ar\/sitio\/wp-json\/wp\/v2\/media?parent=2608"}],"curies":[{"name":"wp","href":"https:\/\/api.w.org\/{rel}","templated":true}]}}