{"id":2548,"date":"2021-11-04T19:55:45","date_gmt":"2021-11-04T22:55:45","guid":{"rendered":"https:\/\/esnaola-caba.infd.edu.ar\/sitio\/?page_id=2548"},"modified":"2024-02-20T20:17:07","modified_gmt":"2024-02-20T23:17:07","slug":"horarios-de-materias","status":"publish","type":"page","link":"https:\/\/esnaola-caba.infd.edu.ar\/sitio\/horarios-de-materias\/","title":{"rendered":"Horarios de materias"},"content":{"rendered":"\n<p>Aqu\u00ed, pueden consultar los horarios de las c\u00e1tedras de las distintas materias. Por si hubiera alg\u00fan cambio, sugerimos consultar estos horarios peri\u00f3dicamente. <\/p>\n\n\n\n<div class=\"wp-block-buttons is-layout-flex\">\n<div class=\"wp-block-button\"><a class=\"wp-block-button__link has-black-color has-vivid-cyan-blue-background-color has-text-color has-background wp-element-button\" href=\"https:\/\/drive.google.com\/open?id=1WGnRAgKONkIXGAAJ7P-gR2UG32V6LnXL&amp;authuser=ayudantia.terciarioeseam%40gmail.com&amp;usp=drive_fs\" target=\"_blank\" rel=\"noreferrer noopener\">Profesorado de M\u00fasica Orientaci\u00f3n Instrumento &#8211; Horarios<\/a><\/div>\n<\/div>\n\n\n\n<div class=\"wp-block-buttons is-layout-flex\">\n<div class=\"wp-block-button\"><a class=\"wp-block-button__link has-black-color has-vivid-cyan-blue-background-color has-text-color has-background wp-element-button\" href=\"https:\/\/drive.google.com\/open?id=1WGnRAgKONkIXGAAJ7P-gR2UG32V6LnXL&amp;authuser=ayudantia.terciarioeseam%40gmail.com&amp;usp=drive_fs\" target=\"_blank\" rel=\"noreferrer noopener\">Profesorado de M\u00fasica Orientaci\u00f3n Canto &#8211; Horarios<\/a><\/div>\n<\/div>\n\n\n\n<div class=\"wp-block-buttons is-layout-flex\">\n<div class=\"wp-block-button\"><a class=\"wp-block-button__link has-black-color has-vivid-cyan-blue-background-color has-text-color has-background wp-element-button\" href=\"https:\/\/drive.google.com\/open?id=1WFznv_0-h-jaPZhN412XJr8UJ3yjUpF9&amp;authuser=ayudantia.terciarioeseam%40gmail.com&amp;usp=drive_fs\" target=\"_blank\" rel=\"noreferrer noopener\">Profesorado de M\u00fasica Orientaci\u00f3n Educaci\u00f3n Musical &#8211; Horarios<\/a><\/div>\n<\/div>\n\n\n\n<div class=\"wp-block-buttons is-layout-flex\">\n<div class=\"wp-block-button\"><a class=\"wp-block-button__link has-black-color has-vivid-cyan-blue-background-color has-text-color has-background wp-element-button\" href=\"https:\/\/drive.google.com\/open?id=1WEeTziENYXuj9iBXH_cwnqT6R_db_Vs0&amp;authuser=ayudantia.terciarioeseam%40gmail.com&amp;usp=drive_fs\" target=\"_blank\" rel=\"noreferrer noopener\">Materias Instrumento\/Canto &#8211; Horarios<\/a><\/div>\n<\/div>\n\n\n\n<hr class=\"wp-block-separator has-css-opacity\"\/>\n\n\n\n<p><strong>Para alumnos que hayan ingresado en ciclos 2014 o anteriores (Planes de estudios Resoluci\u00f3n 7648 MEGC )<\/strong><\/p>\n\n\n\n<div class=\"wp-block-buttons is-layout-flex\">\n<div class=\"wp-block-button\"><a class=\"wp-block-button__link has-black-color has-vivid-cyan-blue-background-color has-text-color has-background wp-element-button\" href=\"https:\/\/drive.google.com\/open?id=1WIq0-szPyn8ld0Qzu3jTJKUWBPGOPdUA&amp;authuser=ayudantia.terciarioeseam%40gmail.com&amp;usp=drive_fs\" target=\"_blank\" rel=\"noreferrer noopener\">Profesorados de M\u00fasica Orientaci\u00f3n Instrumento\/Canto (planes 7648) &#8211; Horarios<\/a><\/div>\n<\/div>\n\n\n\n<div class=\"wp-block-buttons is-layout-flex\">\n<div class=\"wp-block-button\"><a class=\"wp-block-button__link has-black-color has-vivid-cyan-blue-background-color has-text-color has-background wp-element-button\" href=\"https:\/\/drive.google.com\/open?id=1WIIxu1wLocWxIGezG5kgAAzr_j9NEgf9&amp;authuser=ayudantia.terciarioeseam%40gmail.com&amp;usp=drive_fs\" target=\"_blank\" rel=\"noreferrer noopener\">Profesorado de M\u00fasica Orientaci\u00f3n Educaci\u00f3n Musical (planes 7648) &#8211; Horarios<\/a><\/div>\n<\/div>\n\n\n\n<p><\/p>\n","protected":false},"excerpt":{"rendered":"<p>Aqu\u00ed, pueden consultar los horarios de las c\u00e1tedras de las distintas materias. Por si hubiera alg\u00fan cambio, sugerimos consultar estos horarios peri\u00f3dicamente. Para alumnos que hayan ingresado en ciclos 2014 o anteriores (Planes de estudios Resoluci\u00f3n 7648 MEGC )<\/p>\n","protected":false},"author":339,"featured_media":0,"parent":0,"menu_order":0,"comment_status":"closed","ping_status":"closed","template":"","meta":[],"acf":[],"_links":{"self":[{"href":"https:\/\/esnaola-caba.infd.edu.ar\/sitio\/wp-json\/wp\/v2\/pages\/2548"}],"collection":[{"href":"https:\/\/esnaola-caba.infd.edu.ar\/sitio\/wp-json\/wp\/v2\/pages"}],"about":[{"href":"https:\/\/esnaola-caba.infd.edu.ar\/sitio\/wp-json\/wp\/v2\/types\/page"}],"author":[{"embeddable":true,"href":"https:\/\/esnaola-caba.infd.edu.ar\/sitio\/wp-json\/wp\/v2\/users\/339"}],"replies":[{"embeddable":true,"href":"https:\/\/esnaola-caba.infd.edu.ar\/sitio\/wp-json\/wp\/v2\/comments?post=2548"}],"version-history":[{"count":12,"href":"https:\/\/esnaola-caba.infd.edu.ar\/sitio\/wp-json\/wp\/v2\/pages\/2548\/revisions"}],"predecessor-version":[{"id":4734,"href":"https:\/\/esnaola-caba.infd.edu.ar\/sitio\/wp-json\/wp\/v2\/pages\/2548\/revisions\/4734"}],"wp:attachment":[{"href":"https:\/\/esnaola-caba.infd.edu.ar\/sitio\/wp-json\/wp\/v2\/media?parent=2548"}],"curies":[{"name":"wp","href":"https:\/\/api.w.org\/{rel}","templated":true}]}}