{"id":2324,"date":"2021-07-02T19:56:37","date_gmt":"2021-07-02T22:56:37","guid":{"rendered":"https:\/\/esnaola-caba.infd.edu.ar\/sitio\/?page_id=2324"},"modified":"2023-05-24T18:57:21","modified_gmt":"2023-05-24T21:57:21","slug":"eppem-2022-llamado-a-presentacion-de-trabajos","status":"publish","type":"page","link":"https:\/\/esnaola-caba.infd.edu.ar\/sitio\/eppem-2022-llamado-a-presentacion-de-trabajos\/","title":{"rendered":"Pr\u00f3rroga del Llamado a presentaci\u00f3n de trabajos"},"content":{"rendered":"<p><strong>Se prorroga hasta la medianoche del jueves 8 de septiembre de 2022 el llamado a presentaci\u00f3n de trabajos para el 4\u00b0 ENCUENTRO SOBRE PR\u00c1CTICAS PEDAG\u00d3GICAS EN EDUCACI\u00d3N MUSICAL<\/strong><br \/>\n17, 18, 19 y 20 de octubre de 2022; Nivel Terciario, ESEAM Juan Pedro Esnaola, CABA \u2013 Argentina<\/p>\n<p>Los Encuentros sobre Pr\u00e1cticas Pedag\u00f3gicas en Educaci\u00f3n Musical fueron iniciados, en el marco de su 10\u00b0 aniversario, por el Nivel Terciario de la Escuela Superior de Educaci\u00f3n Art\u00edstica en M\u00fasica \u201cJuan Pedro Esnaola\u201d de la Ciudad Aut\u00f3noma de Buenos Aires en el a\u00f1o 2019.<\/p>\n<p>Se trata de un espacio de reflexi\u00f3n e intercambio en el que poder revisar nuestros quehaceres como educadores musicales, poner en valor nuestra identidad institucional y articular miradas entre los diversos actores del campo de la especialidad sobre distintas tem\u00e1ticas que, ya sea desde fecundas tradiciones centenarias o desafiantes planteos contempor\u00e1neos, nos interpelan en nuestra actividad art\u00edstica y pedag\u00f3gica cotidiana.<\/p>\n<p>Para esta cuarta edici\u00f3n, llamamos a la <strong>presentaci\u00f3n de res\u00famenes de trabajos <\/strong>que, en caso de ser aprobados por los evaluadores del Comit\u00e9 Cient\u00edfico, <strong>ser\u00e1n expuestos oralmente como parte del programa del <em>EPPEM 2022<\/em><\/strong><em>.<\/em> Si bien el eje tem\u00e1tico central del <em>Encuentro<\/em> ser\u00e1 la <u>diversidad, equidad e inclusi\u00f3n en las pr\u00e1cticas art\u00edsticas y pedag\u00f3gicas<\/u>, se invita tambi\u00e9n a la presentaci\u00f3n de art\u00edculos sobre temas libres.<\/p>\n<p><a href=\"https:\/\/drive.google.com\/open?id=1Rxad8klVTY10oDFXlEhvI0833tW11mAk&amp;authuser=ayudantia.terciarioeseam%40gmail.com&amp;usp=drive_fs\" target=\"_blank\" rel=\"noopener\">Llamado a presentaci\u00f3n de trabajos<\/a><\/p>\n","protected":false},"excerpt":{"rendered":"<p>Se prorroga hasta la medianoche del jueves 8 de septiembre de 2022 el llamado a presentaci\u00f3n de trabajos para el 4\u00b0 ENCUENTRO SOBRE PR\u00c1CTICAS PEDAG\u00d3GICAS EN EDUCACI\u00d3N MUSICAL 17, 18, 19 y 20 de octubre de 2022; Nivel Terciario, ESEAM Juan Pedro Esnaola, CABA \u2013 Argentina Los Encuentros sobre Pr\u00e1cticas Pedag\u00f3gicas en Educaci\u00f3n Musical fueron &#8230; <a title=\"Pr\u00f3rroga del Llamado a presentaci\u00f3n de trabajos\" class=\"read-more\" href=\"https:\/\/esnaola-caba.infd.edu.ar\/sitio\/eppem-2022-llamado-a-presentacion-de-trabajos\/\" aria-label=\"More on Pr\u00f3rroga del Llamado a presentaci\u00f3n de trabajos\">[+]<\/a><\/p>\n","protected":false},"author":339,"featured_media":0,"parent":0,"menu_order":0,"comment_status":"closed","ping_status":"closed","template":"","meta":[],"acf":[],"_links":{"self":[{"href":"https:\/\/esnaola-caba.infd.edu.ar\/sitio\/wp-json\/wp\/v2\/pages\/2324"}],"collection":[{"href":"https:\/\/esnaola-caba.infd.edu.ar\/sitio\/wp-json\/wp\/v2\/pages"}],"about":[{"href":"https:\/\/esnaola-caba.infd.edu.ar\/sitio\/wp-json\/wp\/v2\/types\/page"}],"author":[{"embeddable":true,"href":"https:\/\/esnaola-caba.infd.edu.ar\/sitio\/wp-json\/wp\/v2\/users\/339"}],"replies":[{"embeddable":true,"href":"https:\/\/esnaola-caba.infd.edu.ar\/sitio\/wp-json\/wp\/v2\/comments?post=2324"}],"version-history":[{"count":6,"href":"https:\/\/esnaola-caba.infd.edu.ar\/sitio\/wp-json\/wp\/v2\/pages\/2324\/revisions"}],"predecessor-version":[{"id":4199,"href":"https:\/\/esnaola-caba.infd.edu.ar\/sitio\/wp-json\/wp\/v2\/pages\/2324\/revisions\/4199"}],"wp:attachment":[{"href":"https:\/\/esnaola-caba.infd.edu.ar\/sitio\/wp-json\/wp\/v2\/media?parent=2324"}],"curies":[{"name":"wp","href":"https:\/\/api.w.org\/{rel}","templated":true}]}}