{"id":2061,"date":"2020-10-30T20:54:07","date_gmt":"2020-10-30T23:54:07","guid":{"rendered":"https:\/\/esnaola-caba.infd.edu.ar\/sitio\/?page_id=2061"},"modified":"2020-10-30T22:36:23","modified_gmt":"2020-10-31T01:36:23","slug":"actividades-eppem-2020","status":"publish","type":"page","link":"https:\/\/esnaola-caba.infd.edu.ar\/sitio\/actividades-eppem-2020\/","title":{"rendered":"Panelistas EPPEM 2020"},"content":{"rendered":"<p><img decoding=\"async\" loading=\"lazy\" class=\"wp-image-2066 alignleft\" src=\"https:\/\/esnaola-caba.infd.edu.ar\/sitio\/wp-content\/uploads\/2020\/10\/Carola-Rodr\u00edguez-Alba.jpg\" alt=\"\" width=\"208\" height=\"180\" \/><\/p>\n<p><strong>Carola Rodr\u00edguez Alba<\/strong><\/p>\n<p>Profesora y Licenciada en Ciencia Pol\u00edtica por la UBA. Especialista en Gesti\u00f3n Educativa y maestranda en Ciencias Sociales con orientaci\u00f3n en Educaci\u00f3n por la FLACSO. Amplia experiencia como docente y en el dise\u00f1o, organizaci\u00f3n y planificaci\u00f3n de contenidos y estrategias de ense\u00f1anza para la Educaci\u00f3n a Distancia en nivel medio y superior. Profesora del campo de la Formaci\u00f3n General en el ESEAM \u201cJuan Pedro Esnaola\u201d y en otros Profesorados de \u00e1mbito p\u00fablico y privado.<\/p>\n<p>&nbsp;<\/p>\n<p>&nbsp;<\/p>\n<p><b style=\"color: #000000; font-family: Arial, serif;\"><img decoding=\"async\" loading=\"lazy\" class=\"wp-image-2067 alignleft\" src=\"https:\/\/esnaola-caba.infd.edu.ar\/sitio\/wp-content\/uploads\/2020\/10\/Julio-Lastra-Sheridan-750x1000.jpg\" alt=\"\" width=\"182\" height=\"243\" srcset=\"https:\/\/esnaola-caba.infd.edu.ar\/sitio\/wp-content\/uploads\/2020\/10\/Julio-Lastra-Sheridan-750x1000.jpg 750w, https:\/\/esnaola-caba.infd.edu.ar\/sitio\/wp-content\/uploads\/2020\/10\/Julio-Lastra-Sheridan.jpg 768w\" sizes=\"(max-width: 182px) 100vw, 182px\" \/><\/b><\/p>\n<p>&nbsp;<\/p>\n<p><strong>Julio Lastra Sheridan<\/strong><\/p>\n<p>Profesor de Ense\u00f1anza media y superior en Filosof\u00eda (Universidad de Buenos Aires). Especialista Docente de nivel superior en Problem\u00e1ticas de las Ciencias Sociales y su ense\u00f1anza. Especialista Docente de nivel superior en Educaci\u00f3n y TIC. Administrador webmaster de aulas virtuales. Docente de \u201cFilosof\u00eda y Teor\u00edas Est\u00e9ticas\u201d en la Escuela Superior de Educaci\u00f3n Art\u00edstica en M\u00fasica \u201cJ.P. Esnaola\u201d y en el Conservatorio Superior de M\u00fasica de Buenos Aires \u201c\u00c1. Piazzolla\u201d.<\/p>\n<p><b style=\"font-family: Arial, serif;\"> \u00a0 \u00a0 \u00a0 \u00a0 \u00a0 \u00a0 \u00a0 \u00a0 \u00a0 \u00a0 \u00a0 \u00a0 \u00a0 \u00a0 \u00a0 \u00a0 \u00a0 \u00a0 \u00a0 \u00a0 \u00a0 \u00a0 \u00a0 \u00a0 \u00a0 \u00a0 \u00a0 \u00a0 \u00a0 \u00a0 \u00a0 \u00a0 \u00a0 \u00a0 \u00a0 \u00a0 \u00a0 \u00a0 \u00a0 \u00a0 \u00a0 \u00a0 \u00a0 \u00a0 \u00a0 \u00a0 \u00a0 \u00a0 \u00a0 \u00a0 \u00a0 \u00a0 \u00a0 \u00a0 \u00a0 \u00a0 \u00a0 \u00a0 \u00a0 \u00a0 \u00a0 \u00a0 \u00a0 \u00a0 \u00a0 \u00a0 \u00a0 \u00a0 \u00a0 \u00a0 \u00a0 \u00a0 \u00a0 \u00a0 \u00a0 \u00a0 \u00a0 \u00a0 \u00a0 \u00a0 \u00a0 \u00a0 \u00a0 \u00a0 \u00a0 \u00a0 \u00a0 \u00a0 \u00a0 \u00a0 \u00a0 \u00a0 \u00a0 \u00a0 \u00a0 \u00a0 \u00a0 \u00a0 \u00a0 \u00a0 \u00a0<\/b><\/p>\n<p>&nbsp;<\/p>\n<p><span style=\"font-family: Arial, serif;\">\u00a0<\/span><\/p>\n<p><img decoding=\"async\" loading=\"lazy\" class=\"wp-image-2069 alignleft\" src=\"https:\/\/esnaola-caba.infd.edu.ar\/sitio\/wp-content\/uploads\/2020\/10\/Santiago-Bevilacua.jpg\" alt=\"\" width=\"192\" height=\"210\" \/><\/p>\n<p><strong>Santiago Bevilacua<\/strong><\/p>\n<p>Prof. Sup. de M\u00fasica con Especialidad en Producci\u00f3n Musical Did\u00e1ctica graduado con Honores en el Conservatorio de M\u00fasica Manuel de Falla. Es Licenciado en Artes graduado en la Universidad Nacional de San Mart\u00edn. Graduado en Posgrado de R\u00edtmica Jaques-Dalcroze (UNA-AjdAR) y Actualizaci\u00f3n Acad\u00e9mica en Did\u00e1ctica de las Artes (M\u00fasica) en la Escuela de Maestros. Actualmente cursa la Maestr\u00eda en Pr\u00e1ctica Docente en la Universidad Nacional de Rosario.<\/p>\n<p>Es profesor de C\u00e1tedras de Pr\u00e1ctica y\u00a0Did\u00e1ctica en E.S.E.A.M. J.P. Esnaola, Conservatorio de la Ciudad de Buenos Aires \u201cAstor Piazzolla\u201d y Conservatorio Superior de M\u00fasica Manuel de Falla. Es Capacitador en Escuela de Maestros. Es coordinador en Escuela 12 DE 16 \u201cIntensificada en Musica\u201d. Profesor de Conjuntos Instrumentales y Coordinador de Proyectos en Collegium Musicum. Integrante del grupo infantil SongRysas.<\/p>\n<p>&nbsp;<\/p>\n<p><img decoding=\"async\" loading=\"lazy\" class=\"wp-image-2068 alignleft\" src=\"https:\/\/esnaola-caba.infd.edu.ar\/sitio\/wp-content\/uploads\/2020\/10\/Patricia-Gonz\u00e1lez-Moreno-1000x1000.jpg\" alt=\"\" width=\"205\" height=\"205\" srcset=\"https:\/\/esnaola-caba.infd.edu.ar\/sitio\/wp-content\/uploads\/2020\/10\/Patricia-Gonz\u00e1lez-Moreno-1000x1000.jpg 1000w, https:\/\/esnaola-caba.infd.edu.ar\/sitio\/wp-content\/uploads\/2020\/10\/Patricia-Gonz\u00e1lez-Moreno-500x500.jpg 500w, https:\/\/esnaola-caba.infd.edu.ar\/sitio\/wp-content\/uploads\/2020\/10\/Patricia-Gonz\u00e1lez-Moreno-768x768.jpg 768w, https:\/\/esnaola-caba.infd.edu.ar\/sitio\/wp-content\/uploads\/2020\/10\/Patricia-Gonz\u00e1lez-Moreno.jpg 1088w\" sizes=\"(max-width: 205px) 100vw, 205px\" \/><\/p>\n<p><strong>Dra. Patricia A. Gonz\u00e1lez Moreno<\/strong><\/p>\n<p>Profesora e investigadora de la Universidad Aut\u00f3noma de Chihuahua, M\u00e9xico. En 2009, se gradu\u00f3 como Doctora en Educaci\u00f3n Musical\u00a0por la\u00a0Universidad de Illinois. Desde 2013, pertenece al Sistema Nacional de Investigadores (SNI Nivel 1, CONACYT). Adem\u00e1s, es asesora de tesis en el Doctorado en Educaci\u00f3n Musical de la Universidad de\u00a0Boston (2016-a la fecha). De 2012 a 2016, fue miembro del Comit\u00e9 de Directores de la Sociedad Internacional de Educaci\u00f3n Musical (ISME), asociaci\u00f3n en la que adem\u00e1s presidi\u00f3 el Advocacy Standing Committee (2012-2014), particip\u00f3 como Comisionada de Investigaci\u00f3n por Latinoam\u00e9rica (2014-2020) y co-presidi\u00f3 la Comisi\u00f3n de Investigaci\u00f3n (2018-2020).<\/p>\n<p>Sus investigaciones se encuentran publicadas en revistas y editoriales de prestigio internacional tales como Oxford University Press, Routledge, Research Studies in Music Education, Music Education Research, Revista Internacional de Educaci\u00f3n Musical, entre otras. Ha pertenecido a diversos comit\u00e9s editoriales de revistas internacionales en educaci\u00f3n musical incluidos el International Journal for Music Education, Revista Electr\u00f3nica Complutense de Investigaci\u00f3n en Educaci\u00f3n Musical, RIEM, Revista NUPEART, Revista Portuguesa de Educa\u00e7\u00e3o Art\u00edstica, entre otras. Sus intereses en investigaci\u00f3n incluyen la psicolog\u00eda educativa y musical, motivaci\u00f3n\u00a0y creatividad, efectos de la m\u00fasica en el desarrollo cognitivo, aspectos psicol\u00f3gicos en la eje\u00a0\u00a0cuci\u00f3n musical y desarrollo profesional docente.<\/p>\n<p><span style=\"font-family: Arial, serif;\">\u00a0 \u00a0 \u00a0 \u00a0 \u00a0 \u00a0 \u00a0 \u00a0 \u00a0 \u00a0 \u00a0 \u00a0 \u00a0 \u00a0 \u00a0 \u00a0 \u00a0 \u00a0 \u00a0 \u00a0 \u00a0 \u00a0 \u00a0 \u00a0 \u00a0 \u00a0 \u00a0 \u00a0 \u00a0 \u00a0 \u00a0 \u00a0 \u00a0 \u00a0 \u00a0 \u00a0 \u00a0 \u00a0 \u00a0 \u00a0 \u00a0 \u00a0 \u00a0 \u00a0 \u00a0 \u00a0 \u00a0 \u00a0 \u00a0 \u00a0 \u00a0 \u00a0 \u00a0 \u00a0 \u00a0 \u00a0 \u00a0 \u00a0 \u00a0 \u00a0 \u00a0 \u00a0 \u00a0 \u00a0 \u00a0 \u00a0 \u00a0 \u00a0 \u00a0 \u00a0 \u00a0 \u00a0 \u00a0 \u00a0 \u00a0 \u00a0 \u00a0 \u00a0 \u00a0 \u00a0 \u00a0 \u00a0 \u00a0 \u00a0 \u00a0 \u00a0 \u00a0 \u00a0 \u00a0 \u00a0 \u00a0 \u00a0 \u00a0 \u00a0 \u00a0 \u00a0 \u00a0 \u00a0 \u00a0 \u00a0 \u00a0 \u00a0 \u00a0 \u00a0 \u00a0 \u00a0 \u00a0 \u00a0 \u00a0 \u00a0 \u00a0 \u00a0 \u00a0 \u00a0 \u00a0 \u00a0 \u00a0 \u00a0 \u00a0 \u00a0 \u00a0 \u00a0 \u00a0 \u00a0 \u00a0 \u00a0 \u00a0 \u00a0 \u00a0 \u00a0 \u00a0 \u00a0 \u00a0 \u00a0 \u00a0 \u00a0\u00a0<\/span><\/p>\n<p><img decoding=\"async\" loading=\"lazy\" class=\"wp-image-2070 alignleft\" src=\"https:\/\/esnaola-caba.infd.edu.ar\/sitio\/wp-content\/uploads\/2020\/10\/Susana-Sarfson.jpg\" alt=\"\" width=\"260\" height=\"204\" \/><\/p>\n<p><strong>Susana Sarfson<\/strong><\/p>\n<p>Doctora en\u00a0Filosof\u00eda y Ciencias de la Educaci\u00f3n. Licenciada en Filolog\u00eda Hisp\u00e1nica. Profesora Superior de Piano y de Clave (Premio de Honor, Conservatorio Nacional de M\u00fasica \u201cCarlos L\u00f3pez Buchardo). Diploma en Pedagog\u00eda Musical Kodaly (Universidad de Esztergom). Premios \u201cAndr\u00e9s Segovia y Jos\u00e9 M. Ruiz de Morales\u201d (M\u00fasica en Compostela). Es Profesora Titular e investigadora del Instituto de Investigaci\u00f3n en Patrimonio y Humanidades de la Universidad de Zaragoza. Miembro de la Sociedad Espa\u00f1ola de Musicolog\u00eda, de la International Society of Music Education y de la Asociaci\u00f3n Internacional de Hispanistas.<\/p>\n<p>Como investigadora, sus l\u00edneas de investigaci\u00f3n se refieren a diversos aspectos de la recuperaci\u00f3n de patrimonio musical hist\u00f3rico y su ense\u00f1anza en distintos niveles y contextos formativos, as\u00ed como a las vinculaciones entre las artes (m\u00fasica y literatura, m\u00fasica y artes pl\u00e1sticas, m\u00fasica y mitolog\u00eda). Ha participado en congresos\u00a0y en actividades acad\u00e9micas universitarias en distintos pa\u00edses de Europa, Am\u00e9rica, Asia y \u00c1frica. Autora de publicaciones (libros, cap\u00edtulos, art\u00edculos).<\/p>\n<p>Ha sido profesora del Conservatorio Nacional de M\u00fasica \u201cC. L. Buchardo\u201d, del Collegium Musicum y del Instituto Superior de Arte del Teatro Col\u00f3n (en Argentina) y del Conservatorio de M\u00fasica de Huesca (Espa\u00f1a). Directora de tesis doctorales, trabajos fin de grado y trabajos fin de m\u00e1ster. Participa en Comit\u00e9s cient\u00edficos de revistas acad\u00e9micas.<\/p>\n<p>&nbsp;<\/p>\n<p style=\"text-align: left;\"><span style=\"font-family: Arial, serif;\"><b>\u00a0<\/b><\/span><img decoding=\"async\" loading=\"lazy\" class=\"wp-image-2065 alignleft\" src=\"https:\/\/esnaola-caba.infd.edu.ar\/sitio\/wp-content\/uploads\/2020\/10\/Carlos-Poblete-Lagos.jpg\" alt=\"\" width=\"247\" height=\"310\" \/><strong>Carlos Poblete Lagos\u00a0 \u00a0 \u00a0 \u00a0 \u00a0 \u00a0 \u00a0 \u00a0 \u00a0 \u00a0 \u00a0 \u00a0 \u00a0 \u00a0 \u00a0 \u00a0 \u00a0 \u00a0 \u00a0 \u00a0 \u00a0 \u00a0 \u00a0 \u00a0 \u00a0 \u00a0 \u00a0 \u00a0 \u00a0 \u00a0 \u00a0 \u00a0 \u00a0 \u00a0 \u00a0 \u00a0 \u00a0 \u00a0 \u00a0 \u00a0 \u00a0 \u00a0 \u00a0 \u00a0 \u00a0 \u00a0 \u00a0 \u00a0 \u00a0<\/strong><\/p>\n<p>\u00a0 Doctor en Ciencias de la Educaci\u00f3n e Int\u00e9rprete Musical por la Pontificia Universidad Cat\u00f3lica de Chile. Se desempe\u00f1\u00f3 como Experto asesor para evaluaci\u00f3n en educaci\u00f3n musical en el Centro de Medici\u00f3n de esa instituci\u00f3n. Fue Coordinador Acad\u00e9mico de la Escuela de Postgrado y Subdirector Acad\u00e9mico de la Facultad de Artes de la Universidad de Chile, y Director de Extensi\u00f3n de la Universidad de O\u2019Higgins. Ha sido acad\u00e9mico visitante en la Universidad Simon Fraser (Canad\u00e1) y actualmente realiza su investigaci\u00f3n de postdoctorado en la Universidad Ludwig-Maximilian en Munich (Alemania).<\/p>\n<p>Recientemente se ha incorporado al plantel docente del Departamento de M\u00fasica de la Universidad Metropolitana de Ciencias de la Educaci\u00f3n (Chile). Es miembro de la Sociedad Internacional de Educaci\u00f3n Musical (ISME) desde 2010. Presidi\u00f3 el Comit\u00e9 organizativo de la 9\u00aa Conferencia Regional Latinoamericana y 2\u00aa Panamericana de dicha sociedad y es integrante de su Comisi\u00f3n de Pol\u00edticas sobre M\u00fasica: Cultura, Educaci\u00f3n y Medios de comunicaci\u00f3n. Especialmente interesado en estas tem\u00e1ticas, como m\u00fasico, docente e investigador, busca conectar pr\u00e1cticas musicales, contextos sociales y trayectorias culturales, con foco en la historia y su influencia en los procesos de cambio social de personas y comunidades.<\/p>\n","protected":false},"excerpt":{"rendered":"<p>Carola Rodr\u00edguez Alba Profesora y Licenciada en Ciencia Pol\u00edtica por la UBA. Especialista en Gesti\u00f3n Educativa y maestranda en Ciencias Sociales con orientaci\u00f3n en Educaci\u00f3n por la FLACSO. Amplia experiencia como docente y en el dise\u00f1o, organizaci\u00f3n y planificaci\u00f3n de contenidos y estrategias de ense\u00f1anza para la Educaci\u00f3n a Distancia en nivel medio y superior. &#8230; <a title=\"Panelistas EPPEM 2020\" class=\"read-more\" href=\"https:\/\/esnaola-caba.infd.edu.ar\/sitio\/actividades-eppem-2020\/\" aria-label=\"More on Panelistas EPPEM 2020\">[+]<\/a><\/p>\n","protected":false},"author":339,"featured_media":0,"parent":0,"menu_order":0,"comment_status":"closed","ping_status":"closed","template":"","meta":[],"acf":[],"_links":{"self":[{"href":"https:\/\/esnaola-caba.infd.edu.ar\/sitio\/wp-json\/wp\/v2\/pages\/2061"}],"collection":[{"href":"https:\/\/esnaola-caba.infd.edu.ar\/sitio\/wp-json\/wp\/v2\/pages"}],"about":[{"href":"https:\/\/esnaola-caba.infd.edu.ar\/sitio\/wp-json\/wp\/v2\/types\/page"}],"author":[{"embeddable":true,"href":"https:\/\/esnaola-caba.infd.edu.ar\/sitio\/wp-json\/wp\/v2\/users\/339"}],"replies":[{"embeddable":true,"href":"https:\/\/esnaola-caba.infd.edu.ar\/sitio\/wp-json\/wp\/v2\/comments?post=2061"}],"version-history":[{"count":6,"href":"https:\/\/esnaola-caba.infd.edu.ar\/sitio\/wp-json\/wp\/v2\/pages\/2061\/revisions"}],"predecessor-version":[{"id":2076,"href":"https:\/\/esnaola-caba.infd.edu.ar\/sitio\/wp-json\/wp\/v2\/pages\/2061\/revisions\/2076"}],"wp:attachment":[{"href":"https:\/\/esnaola-caba.infd.edu.ar\/sitio\/wp-json\/wp\/v2\/media?parent=2061"}],"curies":[{"name":"wp","href":"https:\/\/api.w.org\/{rel}","templated":true}]}}