{"id":1961,"date":"2020-10-05T13:58:11","date_gmt":"2020-10-05T16:58:11","guid":{"rendered":"https:\/\/esnaola-caba.infd.edu.ar\/sitio\/?page_id=1961"},"modified":"2025-12-04T19:16:59","modified_gmt":"2025-12-04T22:16:59","slug":"rom","status":"publish","type":"page","link":"https:\/\/esnaola-caba.infd.edu.ar\/sitio\/rom\/","title":{"rendered":"ROM"},"content":{"rendered":"<p>Puede descargar aqu\u00ed el \u00abReglamento Org\u00e1nico Marco de las Escuelas Superiores de Educaci\u00f3n Art\u00edstica CABA\u00bb (ROM)<\/p>\n\n\n<div class=\"wp-block-buttons is-layout-flex\">\n<div class=\"wp-block-button\"><a class=\"wp-block-button__link has-base-3-color has-accent-background-color has-text-color has-background wp-element-button\" href=\"https:\/\/drive.google.com\/open?id=1jK6h7ZxUzYF_GyKH6z8sjIUyKnN1rKpY&amp;usp=drive_fs\" target=\"_blank\" rel=\"noreferrer noopener\">Descargar ROM<\/a><\/div>\n<\/div>\n","protected":false},"excerpt":{"rendered":"<p>Puede descargar aqu\u00ed el \u00abReglamento Org\u00e1nico Marco de las Escuelas Superiores de Educaci\u00f3n Art\u00edstica CABA\u00bb (ROM)<\/p>\n","protected":false},"author":339,"featured_media":0,"parent":0,"menu_order":0,"comment_status":"closed","ping_status":"closed","template":"","meta":[],"acf":[],"_links":{"self":[{"href":"https:\/\/esnaola-caba.infd.edu.ar\/sitio\/wp-json\/wp\/v2\/pages\/1961"}],"collection":[{"href":"https:\/\/esnaola-caba.infd.edu.ar\/sitio\/wp-json\/wp\/v2\/pages"}],"about":[{"href":"https:\/\/esnaola-caba.infd.edu.ar\/sitio\/wp-json\/wp\/v2\/types\/page"}],"author":[{"embeddable":true,"href":"https:\/\/esnaola-caba.infd.edu.ar\/sitio\/wp-json\/wp\/v2\/users\/339"}],"replies":[{"embeddable":true,"href":"https:\/\/esnaola-caba.infd.edu.ar\/sitio\/wp-json\/wp\/v2\/comments?post=1961"}],"version-history":[{"count":4,"href":"https:\/\/esnaola-caba.infd.edu.ar\/sitio\/wp-json\/wp\/v2\/pages\/1961\/revisions"}],"predecessor-version":[{"id":5383,"href":"https:\/\/esnaola-caba.infd.edu.ar\/sitio\/wp-json\/wp\/v2\/pages\/1961\/revisions\/5383"}],"wp:attachment":[{"href":"https:\/\/esnaola-caba.infd.edu.ar\/sitio\/wp-json\/wp\/v2\/media?parent=1961"}],"curies":[{"name":"wp","href":"https:\/\/api.w.org\/{rel}","templated":true}]}}