{"id":1458,"date":"2019-02-27T19:41:56","date_gmt":"2019-02-27T22:41:56","guid":{"rendered":"https:\/\/esnaola-caba.infd.edu.ar\/sitio\/?page_id=1458"},"modified":"2024-03-01T20:40:07","modified_gmt":"2024-03-01T23:40:07","slug":"matriculacion-online","status":"publish","type":"page","link":"https:\/\/esnaola-caba.infd.edu.ar\/sitio\/matriculacion-online\/","title":{"rendered":"Matriculaci\u00f3n Online"},"content":{"rendered":"<p><strong>Sobre la matriculaci\u00f3n online &#8211; Ciclo 2024<\/strong><\/p>\n<p>Toda la informaci\u00f3n sobre la matriculaci\u00f3n online, se encuentra en la secci\u00f3n \u00abCronograma de matriculaci\u00f3n\u00bb<\/p>\n\n\n<div class=\"wp-block-buttons is-layout-flex\">\n<div class=\"wp-block-button\"><a class=\"wp-block-button__link has-base-3-color has-accent-background-color has-text-color has-background wp-element-button\" href=\"https:\/\/esnaola-caba.infd.edu.ar\/sitio\/cronograma-de-matriculacion\/\">Cronograma de matriculaci\u00f3n<\/a><\/div>\n<\/div>\n\n\n\n<div class=\"wp-block-buttons is-layout-flex\">\n<div class=\"wp-block-button\"><a class=\"wp-block-button__link has-base-3-color has-accent-background-color has-text-color has-background wp-element-button\" href=\"https:\/\/esnaola-caba.infd.edu.ar\/sitio\/sobre-la-cooperadora\/\">Informaci\u00f3n sobre el pago de Cooperadora<\/a><\/div>\n<\/div>\n\n\n\n<p><\/p>\n\n\n\n<p><\/p>\n\n\n\n<p><\/p>\n\n\n\n<p><\/p>\n","protected":false},"excerpt":{"rendered":"<p>Sobre la matriculaci\u00f3n online &#8211; Ciclo 2024 Toda la informaci\u00f3n sobre la matriculaci\u00f3n online, se encuentra en la secci\u00f3n \u00abCronograma de matriculaci\u00f3n\u00bb<\/p>\n","protected":false},"author":339,"featured_media":0,"parent":0,"menu_order":0,"comment_status":"closed","ping_status":"closed","template":"","meta":[],"acf":[],"_links":{"self":[{"href":"https:\/\/esnaola-caba.infd.edu.ar\/sitio\/wp-json\/wp\/v2\/pages\/1458"}],"collection":[{"href":"https:\/\/esnaola-caba.infd.edu.ar\/sitio\/wp-json\/wp\/v2\/pages"}],"about":[{"href":"https:\/\/esnaola-caba.infd.edu.ar\/sitio\/wp-json\/wp\/v2\/types\/page"}],"author":[{"embeddable":true,"href":"https:\/\/esnaola-caba.infd.edu.ar\/sitio\/wp-json\/wp\/v2\/users\/339"}],"replies":[{"embeddable":true,"href":"https:\/\/esnaola-caba.infd.edu.ar\/sitio\/wp-json\/wp\/v2\/comments?post=1458"}],"version-history":[{"count":36,"href":"https:\/\/esnaola-caba.infd.edu.ar\/sitio\/wp-json\/wp\/v2\/pages\/1458\/revisions"}],"predecessor-version":[{"id":4768,"href":"https:\/\/esnaola-caba.infd.edu.ar\/sitio\/wp-json\/wp\/v2\/pages\/1458\/revisions\/4768"}],"wp:attachment":[{"href":"https:\/\/esnaola-caba.infd.edu.ar\/sitio\/wp-json\/wp\/v2\/media?parent=1458"}],"curies":[{"name":"wp","href":"https:\/\/api.w.org\/{rel}","templated":true}]}}