{"id":1298,"date":"2018-09-20T22:18:33","date_gmt":"2018-09-21T01:18:33","guid":{"rendered":"https:\/\/esnaola-caba.infd.edu.ar\/sitio\/?page_id=1298"},"modified":"2026-02-10T19:50:03","modified_gmt":"2026-02-10T22:50:03","slug":"preinscripcion-online","status":"publish","type":"page","link":"https:\/\/esnaola-caba.infd.edu.ar\/sitio\/preinscripcion-online\/","title":{"rendered":"Pre-inscripci\u00f3n Online"},"content":{"rendered":"\n<p>Sobre la pre-inscripci\u00f3n al ciclo 2026<\/p>\n\n\n\n<figure class=\"wp-block-table\"><table><tbody><tr><td><strong>Destinatarixs<\/strong><\/td><td>S\u00f3lo para:<br>* nuevxs ingresantes<br>* cursantes de a\u00f1os anteriores, que deseen anotarse en una carrera nueva<\/td><\/tr><tr><td><strong>Per\u00edodo<\/strong><\/td><td>Hasta 20\/02\/2026<\/td><\/tr><tr><td><strong>\u00bfC\u00f3mo se realiza?<\/strong><\/td><td>A trav\u00e9s del SIU-Guarani. El enlace, se encuentra en esta secci\u00f3n, m\u00e1s abajo. Tambi\u00e9n se debe cargar en forma digital la documentaci\u00f3n requerida, m\u00e1s abajo hay un enlace a un instructivo en caso de necesitarlo.<\/td><\/tr><tr><td><strong>Exhibici\u00f3n de la documentaci\u00f3n<\/strong><\/td><td>Una vez realizada la pre-inscripci\u00f3n online, debe concurrirse a la instituci\u00f3n a fin de exhibir la documentaci\u00f3n solicitada (Ver\u00a0<a rel=\"noreferrer noopener\" href=\"https:\/\/esnaola-caba.infd.edu.ar\/sitio\/requisitos-documentacion-a-presentar\/\" target=\"_blank\">Documentaci\u00f3n a presentar<\/a>).<br>Hasta 20\/02\/2026.<br>Horarios: de lunes a viernes, de 19:30 a 21:30. Direcci\u00f3n: Av. Cris\u00f3logo Larralde 5085. <br><\/td><\/tr><\/tbody><\/table><\/figure>\n\n\n\n<div class=\"wp-block-buttons is-layout-flex\">\n<div class=\"wp-block-button\"><a class=\"wp-block-button__link has-black-color has-vivid-cyan-blue-background-color has-text-color has-background wp-element-button\" href=\"https:\/\/buenosaires.gob.ar\/sites\/default\/files\/media\/document\/2022\/01\/24\/68cffcbfb7087e21500ca0aa631c9b23aa8e5183.pdf\" target=\"_blank\" rel=\"noreferrer noopener\">Instructivo para el uso del SIU-Guarani<\/a><\/div>\n<\/div>\n\n\n\n<div class=\"wp-block-buttons is-layout-flex\">\n<div class=\"wp-block-button\"><a class=\"wp-block-button__link has-black-color has-vivid-cyan-blue-background-color has-text-color has-background wp-element-button\" href=\"https:\/\/drive.google.com\/file\/d\/1weOCQCu0AgOsr_e5b5E08T8xq87p3z5R\/view?usp=drive_link\" target=\"_blank\" rel=\"noreferrer noopener\">Instructivo &#8211; Carga de documentaci\u00f3n<\/a><\/div>\n<\/div>\n\n\n\n<div class=\"wp-block-buttons is-layout-flex\">\n<div class=\"wp-block-button\"><a class=\"wp-block-button__link has-black-color has-vivid-cyan-blue-background-color has-text-color has-background wp-element-button\" href=\"https:\/\/docs.google.com\/forms\/d\/e\/1FAIpQLSfZ4WuEPhqZq-rabh4jQKbjm7Us4glHWZK4NuThraJG5BzQVA\/viewform\" target=\"_blank\" rel=\"noreferrer noopener\">Mesa de Ayuda &#8211; SIU-Guarani<\/a><\/div>\n<\/div>\n\n\n\n<div class=\"wp-block-buttons is-layout-flex\">\n<div class=\"wp-block-button\"><a class=\"wp-block-button__link has-black-color has-vivid-cyan-blue-background-color has-text-color has-background wp-element-button\" href=\"https:\/\/guarani-autogestionfdocente.bue.edu.ar\/preinscripcion\/caba\/acceso\" target=\"_blank\" rel=\"noreferrer noopener\">Pre-Inscripci\u00f3n &#8211; SIU-Guarani<\/a><\/div>\n<\/div>\n","protected":false},"excerpt":{"rendered":"<p>Sobre la pre-inscripci\u00f3n al ciclo 2026 Destinatarixs S\u00f3lo para:* nuevxs ingresantes* cursantes de a\u00f1os anteriores, que deseen anotarse en una carrera nueva Per\u00edodo Hasta 20\/02\/2026 \u00bfC\u00f3mo se realiza? A trav\u00e9s del SIU-Guarani. El enlace, se encuentra en esta secci\u00f3n, m\u00e1s abajo. Tambi\u00e9n se debe cargar en forma digital la documentaci\u00f3n requerida, m\u00e1s abajo hay un &#8230; <a title=\"Pre-inscripci\u00f3n Online\" class=\"read-more\" href=\"https:\/\/esnaola-caba.infd.edu.ar\/sitio\/preinscripcion-online\/\" aria-label=\"More on Pre-inscripci\u00f3n Online\">[+]<\/a><\/p>\n","protected":false},"author":339,"featured_media":0,"parent":0,"menu_order":0,"comment_status":"closed","ping_status":"closed","template":"","meta":[],"acf":[],"_links":{"self":[{"href":"https:\/\/esnaola-caba.infd.edu.ar\/sitio\/wp-json\/wp\/v2\/pages\/1298"}],"collection":[{"href":"https:\/\/esnaola-caba.infd.edu.ar\/sitio\/wp-json\/wp\/v2\/pages"}],"about":[{"href":"https:\/\/esnaola-caba.infd.edu.ar\/sitio\/wp-json\/wp\/v2\/types\/page"}],"author":[{"embeddable":true,"href":"https:\/\/esnaola-caba.infd.edu.ar\/sitio\/wp-json\/wp\/v2\/users\/339"}],"replies":[{"embeddable":true,"href":"https:\/\/esnaola-caba.infd.edu.ar\/sitio\/wp-json\/wp\/v2\/comments?post=1298"}],"version-history":[{"count":78,"href":"https:\/\/esnaola-caba.infd.edu.ar\/sitio\/wp-json\/wp\/v2\/pages\/1298\/revisions"}],"predecessor-version":[{"id":5410,"href":"https:\/\/esnaola-caba.infd.edu.ar\/sitio\/wp-json\/wp\/v2\/pages\/1298\/revisions\/5410"}],"wp:attachment":[{"href":"https:\/\/esnaola-caba.infd.edu.ar\/sitio\/wp-json\/wp\/v2\/media?parent=1298"}],"curies":[{"name":"wp","href":"https:\/\/api.w.org\/{rel}","templated":true}]}}