{"id":1112,"date":"2018-06-29T17:07:22","date_gmt":"2018-06-29T20:07:22","guid":{"rendered":"https:\/\/esnaola-caba.infd.edu.ar\/sitio\/plan-curricular-institucional-pci\/"},"modified":"2025-12-04T18:48:57","modified_gmt":"2025-12-04T21:48:57","slug":"pci","status":"publish","type":"page","link":"https:\/\/esnaola-caba.infd.edu.ar\/sitio\/pci\/","title":{"rendered":"Plan Curricular Institucional (PCI)"},"content":{"rendered":"<p>Puede descargar aqu\u00ed el Plan Curricular Institucional (PCI), para cada una de las carreras.<br \/>\nEl mismo, incluye su n\u00famero de resoluci\u00f3n.<\/p>\n<p>Profesorado de M\u00fasica con Orientaci\u00f3n en Instrumento:<br \/>\n<a title=\"https:\/\/esnaola-caba.infd.edu.ar\/aula\/archivos\/repositorio\/\/500\/559\/PCI_Bandoneon.pdf\" href=\"https:\/\/drive.google.com\/open?id=1IYLYYeWjHvW8QPuR3WRVNZ4R1x-H5HJZ&amp;usp=drive_fs\" target=\"_NEW\" rel=\"noopener\">Bandone\u00f3n<\/a><br \/>\n<a title=\"https:\/\/esnaola-caba.infd.edu.ar\/aula\/archivos\/repositorio\/\/500\/566\/PCI_Canto.pdf\" href=\"https:\/\/drive.google.com\/open?id=1ISxUYoFO2pzEOAXRlzcLW6_7tYfRDQlw&amp;usp=drive_fs\" target=\"_NEW\" rel=\"noopener\">Canto<\/a><br \/>\n<a title=\"https:\/\/esnaola-caba.infd.edu.ar\/aula\/archivos\/repositorio\/\/500\/561\/PCI_Clarinete.pdf\" href=\"https:\/\/drive.google.com\/open?id=1IYF2qg0_1B8N8Fk2orRZlMJ5NQX5D86s&amp;usp=drive_fs\" target=\"_NEW\" rel=\"noopener\">Clarinete<\/a><br \/>\n<a href=\"https:\/\/drive.google.com\/open?id=1IWvRM_APmW9WCc4zs0pDXrB4TtdIY6gR&amp;usp=drive_fs\" target=\"_blank\" rel=\"noopener\">Contrabajo<\/a><br \/>\n<a href=\"https:\/\/drive.google.com\/open?id=1ITYZMNrUmYgHb1iITaf-aePJHCPN7UXk&amp;usp=drive_fs\" target=\"_blank\" rel=\"noopener\">Flauta Dulce<\/a><br \/>\n<a title=\"https:\/\/esnaola-caba.infd.edu.ar\/aula\/archivos\/repositorio\/\/500\/567\/PCI_Flauta_travesera.pdf\" href=\"https:\/\/drive.google.com\/open?id=1ITRhK67lQ0DnnOaE16Ht2tIapPxYYCPK&amp;usp=drive_fs\" target=\"_NEW\" rel=\"noopener\">Flauta Traversa<\/a><br \/>\n<a href=\"https:\/\/drive.google.com\/open?id=1IYZO_rxfERs-2ni8sIB5vy10j8pdjL3o&amp;usp=drive_fs\" target=\"_blank\" rel=\"noopener\">Guitarra<\/a><br \/>\n<a href=\"https:\/\/drive.google.com\/open?id=1IPNC2TvRU_3gHJPgT3qIwPicTxic-6v1&amp;usp=drive_fs\" target=\"_blank\" rel=\"noopener\">Percusi\u00f3n<\/a><br \/>\n<a title=\"https:\/\/esnaola-caba.infd.edu.ar\/aula\/archivos\/repositorio\/\/500\/565\/PCI_Piano.pdf\" href=\"https:\/\/drive.google.com\/open?id=1IUvQ3D9PWrvHTS4Yof0Gv7cFrNoOgGWL&amp;usp=drive_fs\" target=\"_NEW\" rel=\"noopener\">Piano<\/a><br \/>\n<a title=\"https:\/\/esnaola-caba.infd.edu.ar\/aula\/archivos\/repositorio\/\/500\/564\/PCI_Saxofon.pdf\" href=\"https:\/\/drive.google.com\/open?id=1IRl-CTgNQaFe0SG0w6VxNuwI_hcbrv03&amp;usp=drive_fs\" target=\"_NEW\" rel=\"noopener\">Saxof\u00f3n<\/a><br \/>\n<a title=\"https:\/\/esnaola-caba.infd.edu.ar\/aula\/archivos\/repositorio\/\/500\/562\/PCI_Trompeta.pdf\" href=\"https:\/\/drive.google.com\/open?id=1IXgUxmZUow3fzTRuBkErxKOONvI-ZqJd&amp;usp=drive_fs\" target=\"_NEW\" rel=\"noopener\">Trompeta<\/a><br \/>\n<a title=\"https:\/\/esnaola-caba.infd.edu.ar\/aula\/archivos\/repositorio\/\/500\/556\/PCI_Trombon.pdf\" href=\"https:\/\/drive.google.com\/open?id=1IVLPb0_dw0J0j3mgJlLwBz9ZkIc2luG4&amp;usp=drive_fs\" target=\"_NEW\" rel=\"noopener\">Tromb\u00f3n<\/a><br \/>\n<a title=\"https:\/\/esnaola-caba.infd.edu.ar\/aula\/archivos\/repositorio\/\/500\/563\/PCI_Trompa.pdf\" href=\"https:\/\/drive.google.com\/open?id=1IQYopHXuNrANTh9W4qD-jloX9IRdG3zo&amp;usp=drive_fs\" target=\"_NEW\" rel=\"noopener\">Trompa<\/a><br \/>\n<a title=\"https:\/\/esnaola-caba.infd.edu.ar\/aula\/archivos\/repositorio\/\/500\/560\/PCI_Violin.pdf\" href=\"https:\/\/drive.google.com\/open?id=1IVeQiDJSgOMpZZXgfI5ssOcDGSet3gRq&amp;usp=drive_fs\" target=\"_NEW\" rel=\"noopener\">Viol\u00edn<\/a><br \/>\n<a title=\"https:\/\/esnaola-caba.infd.edu.ar\/aula\/archivos\/repositorio\/\/500\/558\/PCI_Viola.pdf\" href=\"https:\/\/drive.google.com\/open?id=1ITcy0nBQRmHOu_6HSreaKPOty7C9XXYE&amp;usp=drive_fs\" target=\"_NEW\" rel=\"noopener\">Viola<\/a><br \/>\n<a href=\"https:\/\/drive.google.com\/open?id=1IQqMDSXq4YDowOkjHtM_xqE24EzKsDKE&amp;usp=drive_fs\" target=\"_blank\" rel=\"noopener\">Violoncello<\/a><\/p>\n<p><a title=\"https:\/\/esnaola-caba.infd.edu.ar\/aula\/archivos\/repositorio\/\/500\/557\/PCI_Educacion_Musical.pdf\" href=\"https:\/\/drive.google.com\/open?id=1ISGGSwUz7o1YbdyVvcHd88rDHjlNv5Fn&amp;usp=drive_fs\" target=\"_NEW\" rel=\"noopener\">Profesorado de M\u00fasica con Orientaci\u00f3n en Educaci\u00f3n Musical<\/a><\/p>\n","protected":false},"excerpt":{"rendered":"<p>Puede descargar aqu\u00ed el Plan Curricular Institucional (PCI), para cada una de las carreras. El mismo, incluye su n\u00famero de resoluci\u00f3n. Profesorado de M\u00fasica con Orientaci\u00f3n en Instrumento: Bandone\u00f3n Canto Clarinete Contrabajo Flauta Dulce Flauta Traversa Guitarra Percusi\u00f3n Piano Saxof\u00f3n Trompeta Tromb\u00f3n Trompa Viol\u00edn Viola Violoncello Profesorado de M\u00fasica con Orientaci\u00f3n en Educaci\u00f3n Musical<\/p>\n","protected":false},"author":354,"featured_media":0,"parent":0,"menu_order":0,"comment_status":"closed","ping_status":"closed","template":"","meta":[],"acf":[],"_links":{"self":[{"href":"https:\/\/esnaola-caba.infd.edu.ar\/sitio\/wp-json\/wp\/v2\/pages\/1112"}],"collection":[{"href":"https:\/\/esnaola-caba.infd.edu.ar\/sitio\/wp-json\/wp\/v2\/pages"}],"about":[{"href":"https:\/\/esnaola-caba.infd.edu.ar\/sitio\/wp-json\/wp\/v2\/types\/page"}],"author":[{"embeddable":true,"href":"https:\/\/esnaola-caba.infd.edu.ar\/sitio\/wp-json\/wp\/v2\/users\/354"}],"replies":[{"embeddable":true,"href":"https:\/\/esnaola-caba.infd.edu.ar\/sitio\/wp-json\/wp\/v2\/comments?post=1112"}],"version-history":[{"count":4,"href":"https:\/\/esnaola-caba.infd.edu.ar\/sitio\/wp-json\/wp\/v2\/pages\/1112\/revisions"}],"predecessor-version":[{"id":5378,"href":"https:\/\/esnaola-caba.infd.edu.ar\/sitio\/wp-json\/wp\/v2\/pages\/1112\/revisions\/5378"}],"wp:attachment":[{"href":"https:\/\/esnaola-caba.infd.edu.ar\/sitio\/wp-json\/wp\/v2\/media?parent=1112"}],"curies":[{"name":"wp","href":"https:\/\/api.w.org\/{rel}","templated":true}]}}