{"id":1098,"date":"2018-06-29T17:07:17","date_gmt":"2018-06-29T20:07:17","guid":{"rendered":"https:\/\/esnaola-caba.infd.edu.ar\/sitio\/fechas-de-inscripcion-ciclo-2018\/"},"modified":"2026-02-12T19:15:01","modified_gmt":"2026-02-12T22:15:01","slug":"cronograma-de-inscripcion","status":"publish","type":"page","link":"https:\/\/esnaola-caba.infd.edu.ar\/sitio\/cronograma-de-inscripcion\/","title":{"rendered":"Cronograma de inscripci\u00f3n"},"content":{"rendered":"\n<div class=\"wp-block-group is-layout-flow\"><div class=\"wp-block-group__inner-container\">\n<hr class=\"wp-block-separator has-alpha-channel-opacity\"\/>\n\n\n\n<p style=\"text-align: center;\"><strong>\u00a0<img decoding=\"async\" title=\"Nuevo logo 140 - Juan Pedro Esnaola\" src=\"https:\/\/esnaola-caba.infd.edu.ar\/sitio\/wp-content\/uploads\/2018\/06\/NUEVO_LOG2_140_1.jpg\" alt=\"Nuevo logo 140 - Juan Pedro Esnaola\" border=\"0\" \/><\/strong><\/p>\n<p style=\"text-align: center;\"><span style=\"font-size: 24pt;\"><strong>Ingreso al ciclo lectivo 2026<\/strong><\/span><\/p>\n<p>Se describe a continuaci\u00f3n el procedimiento, y las fechas, para el ingreso al Nivel Terciario. En la medida en que la informaci\u00f3n est\u00e9 disponible, se actualizar\u00e1n las fechas concretas, en los casos en los cuales no estuvieran especificadas.<\/p>\n<table width=\"900\">\n<tbody>\n<tr>\n<td style=\"text-align: center;\" colspan=\"2\" width=\"900\"><strong>Inscripci\u00f3n<\/strong><\/td>\n<\/tr>\n<tr>\n<td><strong>Destinatarios<\/strong><\/td>\n<td>S\u00f3lo para:<br \/>* nuevxs ingresantes<br \/>* cursantes de a\u00f1os anteriores, que deseen anotarse en una carrera nueva<\/td>\n<\/tr>\n<tr>\n<td><strong>1\u00b0 etapa<\/strong><\/td>\n<td><strong>Pre-inscripci\u00f3n online<\/strong><\/td>\n<\/tr>\n<tr>\n<td><strong>\u00bfC\u00f3mo se realiza?<\/strong><\/td>\n<td>A trav\u00e9s del sistema SIU-Guarani. Ver en <a href=\"https:\/\/esnaola-caba.infd.edu.ar\/sitio\/preinscripcion-online\/\" target=\"_blank\" rel=\"noopener\">Preinscripci\u00f3n online<\/a><\/td>\n<\/tr>\n<tr>\n<td><strong>\u00bfCu\u00e1ndo?<\/strong><\/td>\n<td>\n<p>Hasta 20\/02\/2026<\/p>\n<\/td>\n<\/tr>\n<tr>\n<td><strong>2\u00b0 etapa<\/strong><\/td>\n<td><strong>Exhibici\u00f3n de la documentaci\u00f3n<\/strong><\/td>\n<\/tr>\n<tr>\n<td><strong>\u00bfC\u00f3mo se realiza?<\/strong><\/td>\n<td>Una vez realizada la pre-inscripci\u00f3n online, debe concurrirse a la instituci\u00f3n, a fin de exhibir la documentaci\u00f3n solicitada (Ver <a href=\"https:\/\/esnaola-caba.infd.edu.ar\/sitio\/requisitos-documentacion-a-presentar\/\" target=\"_blank\" rel=\"noopener\">Documentaci\u00f3n a presentar<\/a>).\u00a0<br \/>Direcci\u00f3n: Av. Cris\u00f3logo Larralde 5085.<\/td>\n<\/tr>\n<tr>\n<td><strong>\u00bfCu\u00e1ndo?<\/strong><\/td>\n<td>Hasta 20\/02\/2026.<br \/>Horarios: de lunes a viernes, de 19:00 a 21:00.<\/td>\n<\/tr>\n<\/tbody>\n<\/table>\n<table width=\"900\">\n<tbody>\n<tr>\n<td style=\"text-align: center;\" colspan=\"2\" width=\"900\"><strong>Encuentros para ingresantes<\/strong><\/td>\n<\/tr>\n<tr>\n<td><strong>Destinatarios<\/strong><\/td>\n<td>S\u00f3lo para:<br \/>* nuevxs ingresantes<br \/>* cursantes de a\u00f1os anteriores, que deseen anotarse en una carrera nueva (en este caso, s\u00f3lo deben concurrir a los encuentros correspondientes al instrumento. Por otro lado, si el cambio de carrera es s\u00f3lo de orientaci\u00f3n y se mantiene el instrumento, no es necesario concurrir a los encuentros)<\/td>\n<\/tr>\n<tr>\n<td><strong>Car\u00e1cter<\/strong><\/td>\n<td>Presenciales y obligatorios<\/td>\n<\/tr>\n<tr>\n<td rowspan=\"2\"><strong>\u00bfCu\u00e1ndo?<\/strong><\/td>\n<td>\n<p><strong>DICIEMBRE 2025<\/strong><\/p>\n<p>* <strong>LENGUAJE MUSICAL<\/strong><br \/>Jueves 18\/12 20:00 h.<\/p>\n<p>* <strong>LECTOCOMPRENSI\u00d3N<\/strong><br \/>Viernes 12\/12, 20:00 h.<\/p>\n<p>* INSTRUMENTOS\/CANTO (<strong>CANTO,<\/strong> <strong>CLARINETE, CONTRABAJO, FLAUTA TRAVERSA (INSTRUMENTO), GUITARRA , PERCUSI\u00d3N, SAXOF\u00d3N, VIOLA, VIOL\u00cdN, VIOLONCELLO<\/strong>)<br \/>Lunes 15\/12, 21:00 h.<\/p>\n<p>* INSTRUMENTOS (<strong>BANDONE\u00d3N,<\/strong><strong> FLAUTA DULCE, FLAUTA TRAVERSA (EDUCACI\u00d3N MUSICAL), PIANO (INSTRUMENTO Y EDUCACI\u00d3N MUSICAL), TROMB\u00d3N, TROMPA,\u00a0 TROMPETA<\/strong>)<br \/>Jueves 18\/12, 21:00 h.<\/p>\n<\/td>\n<\/tr>\n<tr>\n<td>\n<p><strong>FEBRERO 2026<\/strong><\/p>\n<p>* <strong>LENGUAJE MUSICAL<\/strong><br \/>Jueves 19\/02. 19:00 h.<br \/>Lunes 23\/02, 19:00 h.<br \/>Jueves 26\/02, 19:00 h.<br \/>Lunes 02\/03, 19:00 h.<\/p>\n<p>* <strong>LECTOCOMPRENSI\u00d3N<\/strong><br \/>Viernes 20\/02, 20:00 h.<\/p>\n<p>* INSTRUMENTOS (<b>Bandone\u00f3n, Flauta dulce, Flauta traversa (Educaci\u00f3n musical), Piano, Tromb\u00f3n, Trompa, Trompeta<\/b>)<br \/>Jueves 19\/02, 21:00 h.<\/p>\n<p>* INSTRUMENTOS\/CANTO (<b>Canto, Clarinete, Contrabajo, Flauta Traversa (Instrumento), Guitarra, Percusi\u00f3n, Saxof\u00f3n, Viola, Viol\u00edn, Violoncello<\/b>)<br \/>Lunes 23\/02, 21:00 h.<\/p>\n<p>*\u00a0<b>ORIENTACI\u00d3N PARA LA MATRICULACI\u00d3N Y LA ORGANIZACI\u00d3N DE LA CURSADA<br \/><\/b>Martes 03\/03, 19:00 h.<\/p>\n<\/td>\n<\/tr>\n<\/tbody>\n<\/table>\n<table width=\"900\">\n<tbody>\n<tr>\n<td style=\"text-align: center;\" colspan=\"2\" width=\"900\"><strong>Solicitud de equivalencias<\/strong><\/td>\n<\/tr>\n<tr>\n<td><strong>\u00bfCu\u00e1ndo?<\/strong><\/td>\n<td>Se informar\u00e1n las fechas pr\u00f3ximamente, a trav\u00e9s de este medio.<\/td>\n<\/tr>\n<\/tbody>\n<\/table>\n<table width=\"900\">\n<tbody>\n<tr>\n<td style=\"text-align: center;\" colspan=\"2\" width=\"900\"><strong>Audiciones de ingreso<\/strong><\/td>\n<\/tr>\n<tr>\n<td><strong>Destinatarios<\/strong><\/td>\n<td>S\u00f3lo para nuevos ingresantes, que no tengan nivel medio musical aprobado<\/td>\n<\/tr>\n<tr>\n<td rowspan=\"2\"><strong>Ex\u00e1menes<\/strong><\/td>\n<td>* Audici\u00f3n de ingreso de los distintos Instrumentos\/Canto<\/td>\n<\/tr>\n<tr>\n<td>* Examen de ingreso de Lenguaje Musical<\/td>\n<\/tr>\n<tr>\n<td><strong>Modalidad<\/strong><\/td>\n<td>Presencial<\/td>\n<\/tr>\n<tr>\n<td><strong>\u00bfCu\u00e1ndo?<\/strong><\/td>\n<td>\n<div>* INSTRUMENTOS (<b>BANDONE\u00d3N,<\/b><b>\u00a0FLAUTA DULCE, FLAUTA TRAVERSA (EDUCACI\u00d3N MUSICAL), PIANO, TROMB\u00d3N, TROMPA, TROMPETA<\/b>)<br \/>Jueves 26\/02, 21:00 h.<\/div>\n<div><span style=\"font-size: revert; font-family: inherit; font-weight: inherit;\"><br \/>* INSTRUMENTOS\/CANTO (<\/span><b style=\"font-size: revert; font-family: inherit;\">CANTO,<\/b><span style=\"font-size: revert; font-family: inherit; font-weight: inherit;\">\u00a0<\/span><b style=\"font-size: revert; font-family: inherit;\">CLARINETE, CONTRABAJO, FLAUTA TRAVERSA (INSTRUMENTO), GUITARRA (INSTRUMENTO), PERCUSI\u00d3N, SAXOF\u00d3N, VIOLA, VIOL\u00cdN, VIOLONCELLO<\/b><span style=\"font-size: revert; font-family: inherit; font-weight: inherit;\">)<\/span><\/div>\n<div>\n<p>Lunes 02\/03, 21:00 h.<\/p>\n<p>*\u00a0<b>LENGUAJE MUSICAL<br \/><\/b>Lunes 02\/03, 19:00 h.<\/p>\n<\/div>\n<\/td>\n<\/tr>\n<tr>\n<td>\u00a0<\/td>\n<td>\u00a0<\/td>\n<\/tr>\n<\/tbody>\n<\/table>\n<p style=\"text-align: center;\"><strong>Matriculaci\u00f3n<\/strong><br \/><strong>\u00bfEn qu\u00e9 consiste?<\/strong> Se trata de la inscripci\u00f3n a las materias que se cursar\u00e1n durante el ciclo lectivo<br \/>Ver <a href=\"https:\/\/esnaola-caba.infd.edu.ar\/sitio\/cronograma-de-matriculacion\/\" target=\"_blank\" rel=\"noopener\">Cronograma de Matriculaci\u00f3n<\/a><\/p>\n<p>\u00a0<\/p>\n<table width=\"900\">\n<tbody>\n<tr>\n<td width=\"213\"><strong>Comienzo del ciclo lectivo 2026:\u00a0<\/strong><\/td>\n<td width=\"687\">16\/03\/2026<\/td>\n<\/tr>\n<\/tbody>\n<\/table>\n<p><strong style=\"font-size: inherit;\">Acerca de la Cooperadora: <a href=\"https:\/\/www.instagram.com\/coopeesnaola\/\" target=\"_blank\" rel=\"noopener\">Sitio Web<\/a><\/strong><\/p>\n<p style=\"text-align: center;\">\u00a0<\/p>\n<\/div><\/div>\n","protected":false},"excerpt":{"rendered":"<p>\u00a0 Ingreso al ciclo lectivo 2026 Se describe a continuaci\u00f3n el procedimiento, y las fechas, para el ingreso al Nivel Terciario. En la medida en que la informaci\u00f3n est\u00e9 disponible, se actualizar\u00e1n las fechas concretas, en los casos en los cuales no estuvieran especificadas. Inscripci\u00f3n Destinatarios S\u00f3lo para:* nuevxs ingresantes* cursantes de a\u00f1os anteriores, que &#8230; <a title=\"Cronograma de inscripci\u00f3n\" class=\"read-more\" href=\"https:\/\/esnaola-caba.infd.edu.ar\/sitio\/cronograma-de-inscripcion\/\" aria-label=\"More on Cronograma de inscripci\u00f3n\">[+]<\/a><\/p>\n","protected":false},"author":354,"featured_media":0,"parent":0,"menu_order":0,"comment_status":"closed","ping_status":"closed","template":"","meta":[],"acf":[],"_links":{"self":[{"href":"https:\/\/esnaola-caba.infd.edu.ar\/sitio\/wp-json\/wp\/v2\/pages\/1098"}],"collection":[{"href":"https:\/\/esnaola-caba.infd.edu.ar\/sitio\/wp-json\/wp\/v2\/pages"}],"about":[{"href":"https:\/\/esnaola-caba.infd.edu.ar\/sitio\/wp-json\/wp\/v2\/types\/page"}],"author":[{"embeddable":true,"href":"https:\/\/esnaola-caba.infd.edu.ar\/sitio\/wp-json\/wp\/v2\/users\/354"}],"replies":[{"embeddable":true,"href":"https:\/\/esnaola-caba.infd.edu.ar\/sitio\/wp-json\/wp\/v2\/comments?post=1098"}],"version-history":[{"count":158,"href":"https:\/\/esnaola-caba.infd.edu.ar\/sitio\/wp-json\/wp\/v2\/pages\/1098\/revisions"}],"predecessor-version":[{"id":5422,"href":"https:\/\/esnaola-caba.infd.edu.ar\/sitio\/wp-json\/wp\/v2\/pages\/1098\/revisions\/5422"}],"wp:attachment":[{"href":"https:\/\/esnaola-caba.infd.edu.ar\/sitio\/wp-json\/wp\/v2\/media?parent=1098"}],"curies":[{"name":"wp","href":"https:\/\/api.w.org\/{rel}","templated":true}]}}