{"id":1096,"date":"2018-06-29T17:07:16","date_gmt":"2018-06-29T20:07:16","guid":{"rendered":"https:\/\/esnaola-caba.infd.edu.ar\/sitio\/programas-de-examenes-de-ingreso\/"},"modified":"2026-02-27T22:27:44","modified_gmt":"2026-02-28T01:27:44","slug":"audiciones-de-ingreso","status":"publish","type":"page","link":"https:\/\/esnaola-caba.infd.edu.ar\/sitio\/audiciones-de-ingreso\/","title":{"rendered":"Audiciones de ingreso &#8211; Programas"},"content":{"rendered":"<p>Puede encontrar aqu\u00ed los programas para las audiciones de ingreso.<\/p>\n<p><strong>Lenguaje Musical<\/strong><br \/>\n* <a href=\"https:\/\/docs.google.com\/document\/d\/1_uTWOHVOzDTZR2Kf6eaIFaKYVYsSzWBc\/edit?usp=sharing&amp;ouid=109543834259487615073&amp;rtpof=true&amp;sd=true\">Programa y modelo de admisi\u00f3n<\/a><\/p>\n<p><strong>Programas de audiciones de ingreso para Instrumentos\/Canto:<\/strong><\/p>\n<p>Bandone\u00f3n<br \/>\n* <a href=\"https:\/\/drive.google.com\/open?id=1GC1Ml-VhglBOdwCDdTUP76FRaR5LLvjh&amp;authuser=ayudantia.terciarioeseam%40gmail.com&amp;usp=drive_fs\" target=\"_blank\" rel=\"noopener\">Orientaci\u00f3n Instrumento<\/a><br \/>\n* <a href=\"https:\/\/drive.google.com\/open?id=1EBA12en3t7xTTuUjK7ISoXrhdyseMiiH&amp;authuser=ayudantia.terciarioeseam%40gmail.com&amp;usp=drive_fs\" target=\"_blank\" rel=\"noopener\">Orientaci\u00f3n Educaci\u00f3n Musical<\/a><\/p>\n<p>Canto<br \/>\n* <a href=\"https:\/\/drive.google.com\/open?id=1EB6FxaRvATsdm4cA02UbT0EKblioM9x3&amp;usp=drive_fs\" target=\"_blank\" rel=\"noopener\">Orientaci\u00f3n Instrumento<\/a><br \/>\n* <a href=\"https:\/\/drive.google.com\/open?id=1Dux3rC7EhTacjPs0lHn3ZmFSkBR6AzqA&amp;usp=drive_fs\" target=\"_blank\" rel=\"noopener\">Orientaci\u00f3n Educaci\u00f3n Musical<\/a><\/p>\n<p>Clarinete<br \/>\n* <a href=\"https:\/\/drive.google.com\/open?id=1JGUhodPbHoJJPHHx4FB_q-KRcSeHD4nX&amp;usp=drive_fs\" target=\"_blank\" rel=\"noopener\">Orientaci\u00f3n Instrumento<\/a><br \/>\n* <a href=\"https:\/\/drive.google.com\/open?id=1JDoKVR1hI14okuH0XfkF7X9R8pZmoDR4&amp;authuser=ayudantia.terciarioeseam%40gmail.com&amp;usp=drive_fs\" target=\"_blank\" rel=\"noopener\">Orientaci\u00f3n Educaci\u00f3n Musical<\/a><br \/>\n* <a href=\"https:\/\/drive.google.com\/open?id=1JTz9yAYArFIuBRYOteh1mQBBWxgPCQg4&amp;authuser=ayudantia.terciarioeseam%40gmail.com&amp;usp=drive_fs\" target=\"_blank\" rel=\"noopener\">Partituras<\/a><\/p>\n<p>Contrabajo<br \/>\n* <a href=\"https:\/\/drive.google.com\/open?id=1PValmEsLq60nHeIfdy8pTbWwiMnwKXdf&amp;authuser=santiagofernandezsaxo%40gmail.com&amp;usp=drive_fs\" target=\"_blank\" rel=\"noopener\">Orientaci\u00f3n Instrumento<\/a><br \/>\n* <a href=\"https:\/\/drive.google.com\/open?id=1DutJEgDH--AkzdBz8vuH4OUTk1S8Z8t1&amp;usp=drive_fs\" target=\"_blank\" rel=\"noopener\">Orientaci\u00f3n Educaci\u00f3n Musical<\/a><\/p>\n<p>Flauta Dulce<br \/>\n* <a href=\"https:\/\/drive.google.com\/open?id=1E3G9NFyj9QaBOSAsgS6Sw7JTg0OYwVBr&amp;usp=drive_fs\" target=\"_blank\" rel=\"noopener\">Orientaci\u00f3n Instrumento<\/a><br \/>\n* <a href=\"https:\/\/drive.google.com\/open?id=1Dn0DmGA3wfD83G6fx1uSHr9-sFEX46f6&amp;usp=drive_fs\" target=\"_blank\" rel=\"noopener\">Orientaci\u00f3n Educaci\u00f3n Musical<\/a><\/p>\n<p>Flauta Traversa<br \/>\n* <a href=\"https:\/\/drive.google.com\/open?id=1DqdUjyiLWQGm9VGoE0KR0WdpmheJNXKn&amp;usp=drive_fs\" target=\"_blank\" rel=\"noopener\">Orientaci\u00f3n Instrumento<\/a><br \/>\n* <a href=\"https:\/\/drive.google.com\/open?id=1EAeNJj2euYcf98W0fkhQOvp94cVWGNf9&amp;usp=drive_fs\" target=\"_blank\" rel=\"noopener\">Orientaci\u00f3n Educaci\u00f3n Musical<\/a><\/p>\n<p>Guitarra<br \/>\n* <a href=\"https:\/\/drive.google.com\/open?id=1E8MUJZ1kNdN2l-4x0gdo0z-7lZFoWZBz&amp;usp=drive_fs\" target=\"_blank\" rel=\"noopener\">Orientaci\u00f3n Instrumento<\/a><br \/>\n* <a href=\"https:\/\/drive.google.com\/open?id=1DtVvFdPwlX-UUa74hC77CKtBC8bykE-8&amp;usp=drive_fs\" target=\"_blank\" rel=\"noopener\">Orientaci\u00f3n Educaci\u00f3n Musical<\/a><\/p>\n<p>Percusi\u00f3n<br \/>\n* <a href=\"https:\/\/drive.google.com\/open?id=1E9yRYgXRoYmdRfeNYBno_0fcYtSoDztq&amp;usp=drive_fs\" target=\"_blank\" rel=\"noopener\">Orientaci\u00f3n Instrumento<\/a><br \/>\n* Orientaci\u00f3n Educaci\u00f3n Musical<\/p>\n<p>Piano<br \/>\n* <a href=\"https:\/\/drive.google.com\/open?id=1DVnk3ds0zMRxIl4b_Dhbslm6WyNMiH5Z&amp;usp=drive_fs\" target=\"_blank\" rel=\"noopener\">Orientaci\u00f3n Instrumento<\/a><br \/>\n* <a href=\"https:\/\/drive.google.com\/open?id=1PTbKjoSCeHrt12DP8B3806TostI0shDq&amp;authuser=santiagofernandezsaxo%40gmail.com&amp;usp=drive_fs\" target=\"_blank\" rel=\"noopener\">Orientaci\u00f3n Educaci\u00f3n Musical<\/a><\/p>\n<p>Saxof\u00f3n<br \/>\n* <a href=\"https:\/\/drive.google.com\/open?id=1ioDtd_PgyueCeBvC2MUod5Zl5hBYYslA&amp;usp=drive_fs\" target=\"_blank\" rel=\"noopener\">Orientaci\u00f3n Instrumento<\/a><br \/>\n* <a href=\"https:\/\/drive.google.com\/open?id=1jBTP6VkFz4waqtUt7gV5IyXDMOEOthFy&amp;usp=drive_fs\" target=\"_blank\" rel=\"noopener\">Orientaci\u00f3n Educaci\u00f3n Musical<\/a><\/p>\n<p>Trompeta<br \/>\n* <a href=\"https:\/\/drive.google.com\/open?id=1DwPk5-r6_TkiCXChFcD3DQ0lrLkf2fvW&amp;usp=drive_fs\" target=\"_blank\" rel=\"noopener\">Orientaci\u00f3n Instrumento<\/a><br \/>\n* <a href=\"https:\/\/drive.google.com\/open?id=1EBNzfgnG7rGxCryoT-qGSPhfQTDRVn7P&amp;usp=drive_fs\" target=\"_blank\" rel=\"noopener\">Orientaci\u00f3n Educaci\u00f3n Musical<\/a><\/p>\n<p>Tromb\u00f3n<br \/>\n* <a href=\"https:\/\/drive.google.com\/open?id=1E2jQBVQZmvN3y85kukkYeh0Fiq_0VBMo&amp;usp=drive_fs\" target=\"_blank\" rel=\"noopener\">Orientaci\u00f3n Instrumento<\/a><br \/>\n* <a href=\"https:\/\/drive.google.com\/open?id=1DqijYCjhEs3DHeEim5BOd1Iv0VwVCzE8&amp;usp=drive_fs\" target=\"_blank\" rel=\"noopener\">Orientaci\u00f3n Educaci\u00f3n Musical<\/a><\/p>\n<p>Trompa<br \/>\n* <a href=\"https:\/\/drive.google.com\/open?id=1JCBjGzwsmtNrs7PyKAaK4ePyvu0dF8dz&amp;usp=drive_fs\" target=\"_blank\" rel=\"noopener\">Orientaci\u00f3n Instrumento<\/a><br \/>\n* <a href=\"https:\/\/drive.google.com\/open?id=1J9rrbR8kRviizs4DY8qRQ67NRr8_tZ6C&amp;authuser=ayudantia.terciarioeseam%40gmail.com&amp;usp=drive_fs\" target=\"_blank\" rel=\"noopener\">Orientaci\u00f3n Educaci\u00f3n Musical<\/a><\/p>\n<p>Viol\u00edn<br \/>\n* <a href=\"https:\/\/drive.google.com\/open?id=1E9oZ26E3jg8dQjvGP-tVq92MPyhVvnkS&amp;usp=drive_fs\" target=\"_blank\" rel=\"noopener\">Orientaci\u00f3n Instrumento<\/a><br \/>\n* <a href=\"https:\/\/drive.google.com\/open?id=1DuG8PLUWMpunBHalJ7JLs1qVcCjVbT-u&amp;usp=drive_fs\" target=\"_blank\" rel=\"noopener\">Orientaci\u00f3n Educaci\u00f3n Musical<\/a><\/p>\n<p>Viola<br \/>\n* <a href=\"https:\/\/drive.google.com\/open?id=1DYu7M-plprx4nhs4gyUUCNr94Z74C5az&amp;usp=drive_fs\" target=\"_blank\" rel=\"noopener\">Orientaci\u00f3n Instrumento<\/a><br \/>\n* <a href=\"https:\/\/drive.google.com\/open?id=1DzqMzHrhClAK3UeZiORU3xe9Zn4tRd55&amp;usp=drive_fs\" target=\"_blank\" rel=\"noopener\">Orientaci\u00f3n Educaci\u00f3n Musical<\/a><\/p>\n<p>Violoncello<br \/>\n* <a href=\"https:\/\/drive.google.com\/open?id=1Drg-ajHdVmn-1w59utDD7g0udJDbBGb7&amp;usp=drive_fs\" target=\"_blank\" rel=\"noopener\">Orientaci\u00f3n Instrumento<\/a><br \/>\n*<a href=\"https:\/\/drive.google.com\/open?id=1Dzp25EdBYLlE_eY7pmYPc2a0S3J7Rial&amp;usp=drive_fs\" target=\"_blank\" rel=\"noopener\"> Orientaci\u00f3n Educaci\u00f3n Musical<\/a><\/p>\n","protected":false},"excerpt":{"rendered":"<p>Puede encontrar aqu\u00ed los programas para las audiciones de ingreso. Lenguaje Musical * Programa y modelo de admisi\u00f3n Programas de audiciones de ingreso para Instrumentos\/Canto: Bandone\u00f3n * Orientaci\u00f3n Instrumento * Orientaci\u00f3n Educaci\u00f3n Musical Canto * Orientaci\u00f3n Instrumento * Orientaci\u00f3n Educaci\u00f3n Musical Clarinete * Orientaci\u00f3n Instrumento * Orientaci\u00f3n Educaci\u00f3n Musical * Partituras Contrabajo * Orientaci\u00f3n Instrumento &#8230; <a title=\"Audiciones de ingreso &#8211; Programas\" class=\"read-more\" href=\"https:\/\/esnaola-caba.infd.edu.ar\/sitio\/audiciones-de-ingreso\/\" aria-label=\"More on Audiciones de ingreso &#8211; Programas\">[+]<\/a><\/p>\n","protected":false},"author":354,"featured_media":0,"parent":0,"menu_order":0,"comment_status":"closed","ping_status":"closed","template":"","meta":[],"acf":[],"_links":{"self":[{"href":"https:\/\/esnaola-caba.infd.edu.ar\/sitio\/wp-json\/wp\/v2\/pages\/1096"}],"collection":[{"href":"https:\/\/esnaola-caba.infd.edu.ar\/sitio\/wp-json\/wp\/v2\/pages"}],"about":[{"href":"https:\/\/esnaola-caba.infd.edu.ar\/sitio\/wp-json\/wp\/v2\/types\/page"}],"author":[{"embeddable":true,"href":"https:\/\/esnaola-caba.infd.edu.ar\/sitio\/wp-json\/wp\/v2\/users\/354"}],"replies":[{"embeddable":true,"href":"https:\/\/esnaola-caba.infd.edu.ar\/sitio\/wp-json\/wp\/v2\/comments?post=1096"}],"version-history":[{"count":41,"href":"https:\/\/esnaola-caba.infd.edu.ar\/sitio\/wp-json\/wp\/v2\/pages\/1096\/revisions"}],"predecessor-version":[{"id":5437,"href":"https:\/\/esnaola-caba.infd.edu.ar\/sitio\/wp-json\/wp\/v2\/pages\/1096\/revisions\/5437"}],"wp:attachment":[{"href":"https:\/\/esnaola-caba.infd.edu.ar\/sitio\/wp-json\/wp\/v2\/media?parent=1096"}],"curies":[{"name":"wp","href":"https:\/\/api.w.org\/{rel}","templated":true}]}}