{"id":1066,"date":"2018-06-29T17:07:05","date_gmt":"2018-06-29T20:07:05","guid":{"rendered":"https:\/\/esnaola-caba.infd.edu.ar\/sitio\/requisitos-documentacion-a-presentar\/"},"modified":"2024-10-15T18:55:20","modified_gmt":"2024-10-15T21:55:20","slug":"requisitos-documentacion-a-presentar","status":"publish","type":"page","link":"https:\/\/esnaola-caba.infd.edu.ar\/sitio\/requisitos-documentacion-a-presentar\/","title":{"rendered":"Requisitos\/Documentaci\u00f3n a presentar"},"content":{"rendered":"<p style=\"text-align: center;\"><span style=\"font-size: 12pt;\"><strong><img decoding=\"async\" title=\"Logo ESEAM tama\u00f1o 70\" src=\"https:\/\/esnaola-caba.infd.edu.ar\/sitio\/wp-content\/uploads\/2018\/06\/NUEVO_LOG2_70.jpg\" alt=\"Logo ESEAM tama\u00f1o 70\" border=\"0\" \/><\/strong><\/span><\/p>\n<p><strong>Condiciones de ingreso:<\/strong><\/p>\n<ul>\n<li>Aprobar las <strong>audiciones de ingreso<\/strong>, tanto en <strong>Lenguaje Musical<\/strong>, como en el <strong>Instrumento\/Canto<\/strong> al cual se aspira ingresar (Ver la informaci\u00f3n en: <a href=\"https:\/\/esnaola-caba.infd.edu.ar\/sitio\/audiciones-de-ingreso\/\" target=\"_blank\" rel=\"noopener\">\u00abAudiciones de Ingreso\u00bb<\/a>).\n<ul>\n<li>Opcionalmente, puede presentarse el <strong>certificado de estudios de nivel medio en m\u00fasica<\/strong> completos, a fin de acreditar los contenidos equivalentes a las audiciones de ingreso. Por ejemplo:\n<ul>\n<li>Int\u00e9rprete de Nivel B\u00e1sico, Especialidad Instrumento\/Canto (en ESEAM J.P. Esnaola)<\/li>\n<li>Maestro Nacional de M\u00fasica (plan anterior, en ESEAM J.P. Esnaola)<\/li>\n<li>Ciclo B\u00e1sico &#8211; TAP (en Conservatorio Superior de M\u00fasica Manuel de Falla)<\/li>\n<li>T\u00e9cnico en M\u00fasica con especialidad en Instrumento (en Conservatorio Superior de M\u00fasica \u00c1stor Piazzolla)<\/li>\n<li>FOBA (en Conservatorios de la Provincia de Buenos Aires)<\/li>\n<li>Curso Introductorio de Nivelaci\u00f3n y Orientaci\u00f3n (CINO), de la Universidad Nacional de las Artes (UNA) (debe especificarse el instrumento cursado, en el anal\u00edtico a presentar)<\/li>\n<li>Ciclo de Formaci\u00f3n Previa, en Instituto Superior Santa Ana<\/li>\n<li>Otros establecimientos oficiales de ense\u00f1anza musical<\/li>\n<\/ul>\n<\/li>\n<\/ul>\n<\/li>\n<li>Realizar el <strong>curso de ingreso<\/strong> (Detalles en <a href=\"https:\/\/esnaola-caba.infd.edu.ar\/sitio\/cronograma-de-inscripcion\/\" target=\"_blank\" rel=\"noopener\">\u00abCronograma de Inscripci\u00f3n\u00bb<\/a>, secci\u00f3n \u00abEncuentros para Ingresantes\u00bb)<\/li>\n<\/ul>\n<p><strong>Documentaci\u00f3n solicitada:<\/strong><\/p>\n<ul>\n<li><strong>D.N.I.<\/strong><\/li>\n<li>Certificaci\u00f3n de estudios secundarios:\n<ul>\n<li><strong>T\u00edtulo legalizado de estudios secundarios<\/strong>.<\/li>\n<li>En su defecto: <strong>Constancia de t\u00edtulo en tr\u00e1mite<\/strong>.<\/li>\n<li>De no contar con el t\u00edtulo o la constancia de t\u00edtulo de tr\u00e1mite: <strong>Certificado de alumnx regular<\/strong>.\n<ul>\n<li>En el caso de ingresar presentando certificado de alumnx regular, deber\u00e1 <strong>regularizarse<\/strong> la situaci\u00f3n, presentando el t\u00edtulo o la constancia de t\u00edtulo en tr\u00e1mite, a m\u00e1s tardar en <strong>Junio<\/strong> del a\u00f1o de ingreso.<\/li>\n<\/ul>\n<\/li>\n<\/ul>\n<\/li>\n<\/ul>\n","protected":false},"excerpt":{"rendered":"<p>Condiciones de ingreso: Aprobar las audiciones de ingreso, tanto en Lenguaje Musical, como en el Instrumento\/Canto al cual se aspira ingresar (Ver la informaci\u00f3n en: \u00abAudiciones de Ingreso\u00bb). Opcionalmente, puede presentarse el certificado de estudios de nivel medio en m\u00fasica completos, a fin de acreditar los contenidos equivalentes a las audiciones de ingreso. Por ejemplo: &#8230; <a title=\"Requisitos\/Documentaci\u00f3n a presentar\" class=\"read-more\" href=\"https:\/\/esnaola-caba.infd.edu.ar\/sitio\/requisitos-documentacion-a-presentar\/\" aria-label=\"More on Requisitos\/Documentaci\u00f3n a presentar\">[+]<\/a><\/p>\n","protected":false},"author":354,"featured_media":0,"parent":0,"menu_order":0,"comment_status":"closed","ping_status":"closed","template":"","meta":[],"acf":[],"_links":{"self":[{"href":"https:\/\/esnaola-caba.infd.edu.ar\/sitio\/wp-json\/wp\/v2\/pages\/1066"}],"collection":[{"href":"https:\/\/esnaola-caba.infd.edu.ar\/sitio\/wp-json\/wp\/v2\/pages"}],"about":[{"href":"https:\/\/esnaola-caba.infd.edu.ar\/sitio\/wp-json\/wp\/v2\/types\/page"}],"author":[{"embeddable":true,"href":"https:\/\/esnaola-caba.infd.edu.ar\/sitio\/wp-json\/wp\/v2\/users\/354"}],"replies":[{"embeddable":true,"href":"https:\/\/esnaola-caba.infd.edu.ar\/sitio\/wp-json\/wp\/v2\/comments?post=1066"}],"version-history":[{"count":44,"href":"https:\/\/esnaola-caba.infd.edu.ar\/sitio\/wp-json\/wp\/v2\/pages\/1066\/revisions"}],"predecessor-version":[{"id":5196,"href":"https:\/\/esnaola-caba.infd.edu.ar\/sitio\/wp-json\/wp\/v2\/pages\/1066\/revisions\/5196"}],"wp:attachment":[{"href":"https:\/\/esnaola-caba.infd.edu.ar\/sitio\/wp-json\/wp\/v2\/media?parent=1066"}],"curies":[{"name":"wp","href":"https:\/\/api.w.org\/{rel}","templated":true}]}}