{"id":1063,"date":"2018-07-26T14:09:58","date_gmt":"2018-07-26T17:09:58","guid":{"rendered":"https:\/\/esnaola-caba.infd.edu.ar\/sitio\/?page_id=1063"},"modified":"2025-11-11T18:51:20","modified_gmt":"2025-11-11T21:51:20","slug":"historia","status":"publish","type":"page","link":"https:\/\/esnaola-caba.infd.edu.ar\/sitio\/historia\/","title":{"rendered":"Historia"},"content":{"rendered":"<p style=\"text-align: justify;\">\u00a0 Los or\u00edgenes de nuestra instituci\u00f3n se remontan a 1974. El 8 de julio de ese a\u00f1o, en la ciudad de Buenos Aires, la entonces Presidenta de la Naci\u00f3n, Estela Mart\u00ednez de Per\u00f3n, firm\u00f3 el Decreto 35\/74. A trav\u00e9s de dicho decreto, se crearon establecimientos de ense\u00f1anza art\u00edstica en todo el territorio nacional. As\u00ed naci\u00f3 la Escuela de M\u00fasica Juan Pedro Esnaola.<br \/>\nEl proyecto fue ideado por la profesora Orfilia P\u00e9rez Rom\u00e1n, con el objetivo de que los alumnos de barrios perif\u00e9ricos pudieran cursar su bachillerato y, al mismo tiempo, desarrollar sus capacidades art\u00edsticas en distintas disciplinas.<br \/>\nNuestra instituci\u00f3n lleva el nombre del compositor y pedagogo Juan Pedro Esnaola, quien, junto con su t\u00edo Antonio Picassarri, fund\u00f3 en 1821 la \u00abEscuela de m\u00fasica y canto\u00bb, la primera instituci\u00f3n de ense\u00f1anza musical en Argentina.<br \/>\nLa escuela comenz\u00f3 a funcionar en la Avenida Nazca, en el barrio de Villa del Parque. Poco tiempo despu\u00e9s, se traslad\u00f3 a la calle Miller, en Villa Urquiza. A partir de 1978, comenz\u00f3 a operar en el pasaje Balboa 210.<br \/>\nEn 1984, nuestra instituci\u00f3n a\u00f1adi\u00f3 el Bachillerato a su oferta educativa, convirti\u00e9ndose en un referente en la formaci\u00f3n de maestros de m\u00fasica.<br \/>\nEn 2006, la Ley de Educaci\u00f3n Nacional 26206 estableci\u00f3 que la titulaci\u00f3n docente s\u00f3lo puede ser otorgada por instituciones de nivel superior. Por esta raz\u00f3n, en 2008, el poder ejecutivo de la Ciudad Aut\u00f3noma de Buenos Aires firm\u00f3 el decreto 1380\/2008, creando el Instituto Superior Metropolitano de Arte (ISMA) para brindar formaci\u00f3n art\u00edstica terciaria en la jurisdicci\u00f3n.<br \/>\nEn 2009, se cre\u00f3 el Instituto Superior de Formaci\u00f3n Art\u00edstica. Nace as\u00ed el ISFA Juan Pedro Esnaola, cuyo objetivo es la formaci\u00f3n de docentes con un enfoque orientado a la pr\u00e1ctica musical y la coordinaci\u00f3n de conjuntos musicales, abarcando tanto la m\u00fasica acad\u00e9mica como la popular. Los concursos para profesores se llevaron a cabo a comienzos de 2009, y la instituci\u00f3n comenz\u00f3 a funcionar en junio de ese mismo a\u00f1o.<br \/>\nEn 2012, se complet\u00f3 la obra edilicia del Polo Educativo de Saavedra, y en 2013 se realiz\u00f3 la mudanza a dicha sede.<br \/>\nA partir de 2014, con el decreto 242\/2014, los antiguos ISFA pasaron a denominarse \u00abEscuelas Superiores de Educaci\u00f3n Art\u00edstica\u00bb (ESEA).<\/p>\n<p style=\"text-align: justify;\">\u00a0 Nuestro nivel terciario cuenta con un cuerpo docente de s\u00f3lida formaci\u00f3n acad\u00e9mica y gran trayectoria art\u00edstica. Tanto los profesores del campo de la formaci\u00f3n general como aquellos de la formaci\u00f3n en la pr\u00e1ctica profesional y espec\u00edfica, han realizado su formaci\u00f3n en diversas instituciones nacionales e internacionales. Adem\u00e1s, se desempe\u00f1an como investigadores y docentes en diversas instituciones.<br \/>\nAlgunos de los docentes de instrumento han participado en las temporadas art\u00edsticas de organismos estables, ya sea como integrantes o como solistas. El reconocimiento a sus trayectorias como artistas y creadores ha quedado plasmado en premios regionales, nacionales e internacionales.<\/p>\n","protected":false},"excerpt":{"rendered":"<p>\u00a0 Los or\u00edgenes de nuestra instituci\u00f3n se remontan a 1974. El 8 de julio de ese a\u00f1o, en la ciudad de Buenos Aires, la entonces Presidenta de la Naci\u00f3n, Estela Mart\u00ednez de Per\u00f3n, firm\u00f3 el Decreto 35\/74. A trav\u00e9s de dicho decreto, se crearon establecimientos de ense\u00f1anza art\u00edstica en todo el territorio nacional. As\u00ed naci\u00f3 &#8230; <a title=\"Historia\" class=\"read-more\" href=\"https:\/\/esnaola-caba.infd.edu.ar\/sitio\/historia\/\" aria-label=\"More on Historia\">[+]<\/a><\/p>\n","protected":false},"author":354,"featured_media":0,"parent":0,"menu_order":0,"comment_status":"closed","ping_status":"closed","template":"","meta":[],"acf":[],"_links":{"self":[{"href":"https:\/\/esnaola-caba.infd.edu.ar\/sitio\/wp-json\/wp\/v2\/pages\/1063"}],"collection":[{"href":"https:\/\/esnaola-caba.infd.edu.ar\/sitio\/wp-json\/wp\/v2\/pages"}],"about":[{"href":"https:\/\/esnaola-caba.infd.edu.ar\/sitio\/wp-json\/wp\/v2\/types\/page"}],"author":[{"embeddable":true,"href":"https:\/\/esnaola-caba.infd.edu.ar\/sitio\/wp-json\/wp\/v2\/users\/354"}],"replies":[{"embeddable":true,"href":"https:\/\/esnaola-caba.infd.edu.ar\/sitio\/wp-json\/wp\/v2\/comments?post=1063"}],"version-history":[{"count":5,"href":"https:\/\/esnaola-caba.infd.edu.ar\/sitio\/wp-json\/wp\/v2\/pages\/1063\/revisions"}],"predecessor-version":[{"id":5343,"href":"https:\/\/esnaola-caba.infd.edu.ar\/sitio\/wp-json\/wp\/v2\/pages\/1063\/revisions\/5343"}],"wp:attachment":[{"href":"https:\/\/esnaola-caba.infd.edu.ar\/sitio\/wp-json\/wp\/v2\/media?parent=1063"}],"curies":[{"name":"wp","href":"https:\/\/api.w.org\/{rel}","templated":true}]}}