{"id":1061,"date":"2018-06-29T17:07:03","date_gmt":"2018-06-29T20:07:03","guid":{"rendered":"https:\/\/esnaola-caba.infd.edu.ar\/sitio\/autoridades\/"},"modified":"2026-02-24T20:03:35","modified_gmt":"2026-02-24T23:03:35","slug":"autoridades","status":"publish","type":"page","link":"https:\/\/esnaola-caba.infd.edu.ar\/sitio\/autoridades\/","title":{"rendered":"Autoridades"},"content":{"rendered":"<p style=\"text-align: center;\"><span style=\"font-size: 18pt;\"><strong><img decoding=\"async\" loading=\"lazy\" title=\"Escudo de BA\" src=\"https:\/\/esnaola-caba.infd.edu.ar\/sitio\/wp-content\/uploads\/2018\/06\/Escudo_BA.jpg\" alt=\"Escudo de BA\" width=\"71\" height=\"89\" border=\"0\" \/><\/strong><\/span><\/p>\n<p style=\"text-align: center;\"><span style=\"font-size: 18pt;\"><strong>Ministerio de Educaci\u00f3n<br \/>\n<\/strong><\/span><strong>Mar\u00eda de las Mercedes Miguel<\/strong><\/p>\n<p style=\"text-align: center;\">Subsecretar\u00eda de Gesti\u00f3n del Aprendizaje<br \/>\n<strong>Mar\u00eda Luc\u00eda Feced Abal<\/strong><\/p>\n<p style=\"text-align: center;\">Direcci\u00f3n General de Sistema de Formaci\u00f3n Docente<br \/>\n<strong>Graciela Uequin<\/strong><\/p>\n<p style=\"text-align: center;\">Directora de Educaci\u00f3n Art\u00edstica<br \/>\n<strong>Ada Rissetto<\/strong><\/p>\n<p style=\"text-align: center;\">\n<p style=\"text-align: center;\"><span style=\"color: #999999;\"><em><span style=\"font-size: 12pt;\"><strong><img decoding=\"async\" title=\"Nuevo logo 70\" src=\"https:\/\/esnaola-caba.infd.edu.ar\/sitio\/wp-content\/uploads\/2018\/06\/NUEVO_LOG3_70.jpg\" alt=\"Nuevo logo 70\" border=\"0\" \/><\/strong><\/span><\/em><\/span><\/p>\n<p style=\"text-align: center;\"><strong><span style=\"color: #999999;\"><span style=\"font-size: 12pt;\">Niv<\/span><span style=\"font-size: 12pt;\">el<\/span><em><span style=\"font-size: 12pt;\"> Terciario ESEAM J.P. Esnaola<\/span><\/em><\/span><\/strong><\/p>\n<p style=\"text-align: center;\"><strong><span style=\"color: #999999;\"><span style=\"font-size: 12pt;\">Profesorado Superior<\/span><\/span><\/strong><\/p>\n<p style=\"text-align: center;\"><span style=\"font-size: 12pt;\">Director<br \/>\n<\/span><span style=\"font-size: 12pt;\"><strong>\u00a0Prof. Jorge Ramiro Limongi<\/strong><\/span><\/p>\n<p style=\"text-align: center;\">Profesora Jefa-Coordinadora<br \/>\n<strong>Prof. Mariana Quainelle<\/strong><\/p>\n<p style=\"text-align: center;\"><span style=\"font-size: 12pt;\">Secretaria Nivel Terciario<br \/>\n<\/span><strong><span style=\"font-size: 12pt;\">Prof. Andrea Cardozo Gonz\u00e1lez\u00a0<\/span><\/strong><\/p>\n<p style=\"text-align: center;\"><span style=\"font-size: 12pt;\">Consejo Directivo de Nivel Terciario &#8211; Miembros titulares<\/span><\/p>\n<p style=\"text-align: center;\">Profesores<br \/>\n<strong>Prof. Carola Rodr\u00edguez Alba<\/strong><br \/>\n<strong>Prof. Carla Grosso<\/strong><br \/>\n<strong>Prof. Alejandro Soraires<\/strong><br \/>\n<strong>Prof. Marcela Alejandra Abad<\/strong><\/p>\n<p style=\"text-align: center;\"><span style=\"font-size: revert;\">Graduadxs &#8211; Titulares<br \/>\n<\/span><strong>Melina Anah\u00ed Brizuela<\/strong><\/p>\n<p style=\"text-align: center;\">Estudiantes<br \/>\n<strong>Brenda Guillermina de Llano y Cortajerena Giorgis<br \/>\n<\/strong><strong>Bahiano Nehu\u00e9n<\/strong><\/p>\n<p style=\"text-align: center;\"><span style=\"font-size: 12pt;\">Consejo Directivo de Nivel Terciario &#8211; Miembros suplentes<br \/>\nProfesores<br \/>\n<\/span><span style=\"font-size: 12pt;\"><strong>Prof. Gabriel Lombardo <\/strong><br \/>\n<strong>Prof. Florencia Caruso <\/strong><br \/>\n<strong>Prof. Ariel L\u00f3pez Sald\u00edvar<\/strong><br \/>\n<\/span><\/p>\n<p style=\"text-align: center;\">Estudiantes<br \/>\n<strong>Guadalupe Fern\u00e1ndez<br \/>\nRaquel ileana Pereira<\/strong><\/p>\n","protected":false},"excerpt":{"rendered":"<p>Ministerio de Educaci\u00f3n Mar\u00eda de las Mercedes Miguel Subsecretar\u00eda de Gesti\u00f3n del Aprendizaje Mar\u00eda Luc\u00eda Feced Abal Direcci\u00f3n General de Sistema de Formaci\u00f3n Docente Graciela Uequin Directora de Educaci\u00f3n Art\u00edstica Ada Rissetto Nivel Terciario ESEAM J.P. Esnaola Profesorado Superior Director \u00a0Prof. Jorge Ramiro Limongi Profesora Jefa-Coordinadora Prof. Mariana Quainelle Secretaria Nivel Terciario Prof. Andrea Cardozo &#8230; <a title=\"Autoridades\" class=\"read-more\" href=\"https:\/\/esnaola-caba.infd.edu.ar\/sitio\/autoridades\/\" aria-label=\"More on Autoridades\">[+]<\/a><\/p>\n","protected":false},"author":354,"featured_media":0,"parent":0,"menu_order":0,"comment_status":"closed","ping_status":"closed","template":"","meta":[],"acf":[],"_links":{"self":[{"href":"https:\/\/esnaola-caba.infd.edu.ar\/sitio\/wp-json\/wp\/v2\/pages\/1061"}],"collection":[{"href":"https:\/\/esnaola-caba.infd.edu.ar\/sitio\/wp-json\/wp\/v2\/pages"}],"about":[{"href":"https:\/\/esnaola-caba.infd.edu.ar\/sitio\/wp-json\/wp\/v2\/types\/page"}],"author":[{"embeddable":true,"href":"https:\/\/esnaola-caba.infd.edu.ar\/sitio\/wp-json\/wp\/v2\/users\/354"}],"replies":[{"embeddable":true,"href":"https:\/\/esnaola-caba.infd.edu.ar\/sitio\/wp-json\/wp\/v2\/comments?post=1061"}],"version-history":[{"count":26,"href":"https:\/\/esnaola-caba.infd.edu.ar\/sitio\/wp-json\/wp\/v2\/pages\/1061\/revisions"}],"predecessor-version":[{"id":5431,"href":"https:\/\/esnaola-caba.infd.edu.ar\/sitio\/wp-json\/wp\/v2\/pages\/1061\/revisions\/5431"}],"wp:attachment":[{"href":"https:\/\/esnaola-caba.infd.edu.ar\/sitio\/wp-json\/wp\/v2\/media?parent=1061"}],"curies":[{"name":"wp","href":"https:\/\/api.w.org\/{rel}","templated":true}]}}