{"id":1059,"date":"2018-06-29T17:07:03","date_gmt":"2018-06-29T20:07:03","guid":{"rendered":"https:\/\/esnaola-caba.infd.edu.ar\/sitio\/cuerpo-docente\/"},"modified":"2026-02-26T19:59:04","modified_gmt":"2026-02-26T22:59:04","slug":"equipo-docente","status":"publish","type":"page","link":"https:\/\/esnaola-caba.infd.edu.ar\/sitio\/equipo-docente\/","title":{"rendered":"EQUIPO DOCENTE"},"content":{"rendered":"\n<div class=\"alignnormal\"><div id=\"metaslider-id-5212\" style=\"width: 100%; margin: 0 auto;\" class=\"ml-slider-3-33-0 metaslider metaslider-flex metaslider-5212 ml-slider ms-theme-default\" role=\"region\" aria-roledescription=\"Slideshow\" aria-label=\"Slideshow\">\n    <div id=\"metaslider_container_5212\">\n        <div id=\"metaslider_5212\" class=\"flexslider\">\n            <ul aria-live=\"polite\" class=\"slides\">\n                <li style=\"display: block; width: 100%;\" class=\"slide-5217 ms-image\" aria-roledescription=\"slide\" aria-label=\"slide-5217\"><img src=\"https:\/\/esnaola-caba.infd.edu.ar\/sitio\/wp-content\/uploads\/2024\/12\/UNADJUSTEDNONRAW_thumb_1a19-600x500.jpg\" height=\"500\" width=\"600\" alt=\"\" class=\"slider-5212 slide-5217\" title=\"UNADJUSTEDNONRAW_thumb_1a19\" \/><\/li>\n                <li style=\"display: none; width: 100%;\" class=\"slide-5216 ms-image\" aria-roledescription=\"slide\" aria-label=\"slide-5216\"><img src=\"https:\/\/esnaola-caba.infd.edu.ar\/sitio\/wp-content\/uploads\/2024\/12\/Mural-Profes-600x500.jpg\" height=\"500\" width=\"600\" alt=\"\" class=\"slider-5212 slide-5216\" title=\"Mural Profes\" \/><\/li>\n                <li style=\"display: none; width: 100%;\" class=\"slide-5218 ms-image\" aria-roledescription=\"slide\" aria-label=\"slide-5218\"><img src=\"https:\/\/esnaola-caba.infd.edu.ar\/sitio\/wp-content\/uploads\/2024\/12\/f6268655-0928-49d3-bea8-557bddd94c95-600x500.jpg\" height=\"500\" width=\"600\" alt=\"\" class=\"slider-5212 slide-5218\" title=\"f6268655-0928-49d3-bea8-557bddd94c95\" \/><\/li>\n            <\/ul>\n        <\/div>\n        \n    <\/div>\n<\/div><\/div>\n\n\n<h1 style=\"text-align: left;\"><span style=\"font-size: 14pt;\">Para m\u00e1s informaci\u00f3n sobre cada docente, hacer click en el nombre<\/span><\/h1>\n<p><span style=\"font-size: 12pt;\"><strong>Bandone\u00f3n: <\/strong><a href=\"https:\/\/esnaola-caba.infd.edu.ar\/sitio\/eva-wolff\/\">Eva Wolff<\/a><\/span><\/p>\n<p><span style=\"font-size: 12pt;\"><strong>Canto: <\/strong><a href=\"https:\/\/esnaola-caba.infd.edu.ar\/sitio\/victor-torres\/\" rel=\"noopener\">V\u00edctor Torres<\/a>, Andrea del Coraz\u00f3n de Jes\u00fas Maragno Risoleo<\/span><\/p>\n<p><span style=\"font-size: 12pt;\"><strong>Clarinete: <\/strong><a href=\"https:\/\/esnaola-caba.infd.edu.ar\/sitio\/emiliano-alvarez\/\">Emiliano \u00c1lvarez<\/a><\/span><\/p>\n<p><span style=\"font-size: 12pt;\"><strong>Corno Franc\u00e9s<\/strong>: <a href=\"https:\/\/esnaola-caba.infd.edu.ar\/sitio\/andres-bercellini\/\" rel=\"noopener\">Andr\u00e9s Bercellini<\/a><\/span><\/p>\n<p><span style=\"font-size: 12pt;\"><strong> Flauta Traversa<\/strong>: <a href=\"https:\/\/esnaola-caba.infd.edu.ar\/sitio\/javier-blanco\/\">Javier Blanco<\/a>, <a href=\"https:\/\/esnaola-caba.infd.edu.ar\/sitio\/samara-pierpaoli-2\/\" rel=\"noopener\">Samara Pierpaoli<\/a><\/span><\/p>\n<p><span style=\"font-size: 12pt;\"><strong>Flauta Dulce<\/strong>:\u00a0<a href=\"https:\/\/esnaola-caba.infd.edu.ar\/sitio\/pamela-monkobodzky\/\" rel=\"noopener\">Pamela Monkobodzky<\/a><\/span><\/p>\n<p><span style=\"font-size: 12pt;\"><strong>Guitarra<\/strong>:\u00a0Esteban Gonz\u00e1lez Carbone,\u00a0<a href=\"https:\/\/esnaola-caba.infd.edu.ar\/sitio\/juan-pablo-bujia\/\" rel=\"noopener\">Juan Pablo Buj\u00eda<\/a>, <a href=\"https:\/\/esnaola-caba.infd.edu.ar\/sitio\/ariel-lopez-saldivar\/\">Ariel L\u00f3pez Sald\u00edvar<\/a><\/span><\/p>\n<p><span style=\"font-size: 12pt;\"><strong>Piano<\/strong>: <a href=\"https:\/\/esnaola-caba.infd.edu.ar\/sitio\/sebastian-arancibia-navarro\/\">Sebasti\u00e1n Arancibia Navarro<\/a>, <a href=\"https:\/\/esnaola-caba.infd.edu.ar\/sitio\/fernando-perez\/\" rel=\"noopener\">Fernando P\u00e9rez, <\/a><a href=\"https:\/\/esnaola-caba.infd.edu.ar\/sitio\/mariana-quainelle\/\">Mariana Quainelle\u00a0<\/a><\/span><\/p>\n<p><span style=\"font-size: 12pt;\"><strong>Saxof\u00f3n<\/strong>: <a href=\"https:\/\/esnaola-caba.infd.edu.ar\/sitio\/alejandro-soraires\/\" rel=\"noopener\">Alejandro Soraires<\/a><\/span><\/p>\n<p><span style=\"font-size: 12pt;\"><strong>Trompeta:\u00a0<\/strong><a href=\"https:\/\/esnaola-caba.infd.edu.ar\/sitio\/ezequiel-mendez\/\" rel=\"noopener\">Ezequiel\u00a0M\u00e9ndez<\/a><\/span><\/p>\n<p><span style=\"font-size: 12pt;\"><strong>Tromb\u00f3n: <\/strong><a href=\"https:\/\/esnaola-caba.infd.edu.ar\/sitio\/adriel-di-conza\/\">Adriel Di Conza<\/a><\/span><\/p>\n<p><span style=\"font-size: 12pt;\"><strong>Viola<\/strong>:\u00a0<a href=\"https:\/\/esnaola-caba.infd.edu.ar\/sitio\/elizabeth-ridolfi\/\">Elizabeth Ridolfi<\/a><\/span><\/p>\n<p><strong>Viol\u00edn<\/strong>: <a href=\"https:\/\/esnaola-caba.infd.edu.ar\/sitio\/amadeo-espina\/\">Amadeo Espina<\/a><\/p>\n<p><span style=\"font-size: 12pt;\"><strong>Violoncello: <\/strong><a href=\"https:\/\/esnaola-caba.infd.edu.ar\/sitio\/larisa-orloff-2\/\">Larisa Orloff<\/a><br \/><\/span><\/p>\n<p><span style=\"font-size: 12pt;\"><strong><span lang=\"ES-AR\">Contrabajo:<\/span><\/strong>\u00a0Sergio\u00a0<span lang=\"ES-AR\">Rivas<\/span><\/span><\/p>\n<p><span style=\"font-size: 12pt;\"><strong>Maestro Acompa\u00f1ante<\/strong>\u00a0<strong>(Pianistas)<\/strong>: <span class=\"NingunoA\"><span lang=\"PT\"><a href=\"https:\/\/esnaola-caba.infd.edu.ar\/sitio\/florencia-caruso\/\">Mar\u00eda Florencia Caruso<\/a>, Diego Ricardo L\u00f3pez<\/span><\/span><\/span>, <span style=\"font-size: 12pt;\">Marina Libonati, Javier Agust\u00edn Campo<\/span><\/p>\n<p><span style=\"font-size: 12pt;\"><strong>M\u00fasica de C\u00e1mara<\/strong>: <span lang=\"ES-AR\"><span lang=\"ES-AR\"><a href=\"https:\/\/esnaola-caba.infd.edu.ar\/sitio\/ana-carolina-perez-bergliaffa\/\">Ana Carolina P\u00e9rez Bergliaffa<\/a>, <a href=\"https:\/\/esnaola-caba.infd.edu.ar\/sitio\/maria-laura-wirth\/\" rel=\"noopener\">Mar\u00eda Laura Wirth<\/a><\/span><\/span><\/span><\/p>\n<p><span style=\"font-size: 12pt;\"><strong>Arte y Sociedad<\/strong><strong>:\u00a0<\/strong><a href=\"https:\/\/esnaola-caba.infd.edu.ar\/sitio\/alejandro-goldzycher\/\">Alejandro Goldzycher<\/a><strong>\u00a0<\/strong><\/span><\/p>\n<p><span style=\"font-size: 12pt;\"><strong><strong>Conjuntos Instrumentales Escolares<\/strong>: <\/strong><a href=\"https:\/\/esnaola-caba.infd.edu.ar\/sitio\/pamela-monkobodzky\/\" rel=\"noopener\">Pamela Monkobodzky<\/a><\/span><\/p>\n<p><span style=\"font-size: 12pt;\"><strong><strong>Did\u00e1ctica de la M\u00fasica I y II<\/strong>: <\/strong><a href=\"https:\/\/esnaola-caba.infd.edu.ar\/sitio\/demian-alimenti-bel\/\">Demi\u00e1n Alimenti Bel<\/a><\/span><\/p>\n<p><span style=\"font-size: 12pt;\"><strong><strong>Did\u00e1ctica del Instrumento<\/strong><\/strong>: <a href=\"https:\/\/esnaola-caba.infd.edu.ar\/sitio\/federico-eckhart\/\">Federico Eckhardt<\/a><\/span><\/p>\n<p><span style=\"font-size: 12pt;\"><strong><strong><strong>Did\u00e1ctica General<\/strong><\/strong><\/strong>: <a href=\"https:\/\/esnaola-caba.infd.edu.ar\/sitio\/mara-cecilia-arcangeli-arias\/\">Mara Arc\u00e1ngeli Arias<\/a><\/span><\/p>\n<p><span style=\"font-size: 12pt;\"><strong>Direcci\u00f3n Coral I<\/strong>: <a href=\"https:\/\/esnaola-caba.infd.edu.ar\/sitio\/pablo-piccinni\/\">Pablo Piccinni<\/a><\/span><\/p>\n<p><strong>Direcci\u00f3n Coral II<\/strong>: <a href=\"https:\/\/esnaola-caba.infd.edu.ar\/sitio\/pablo-piccinni\/\">Pablo Piccinni<\/a><\/p>\n<p><strong style=\"font-size: 12pt;\"><strong>Educaci\u00f3n Sexual Integral<\/strong><\/strong><span style=\"font-size: 12pt;\">: <a href=\"https:\/\/esnaola-caba.infd.edu.ar\/sitio\/maria-cecilia-giana\/\">Mar\u00eda Cecilia Giana<\/a><\/span><\/p>\n<p><strong style=\"font-size: 12pt;\">Educaci\u00f3n Vocal I y II: <\/strong><a href=\"https:\/\/esnaola-caba.infd.edu.ar\/sitio\/nancy-magali-juares\/\">Nancy Magal\u00ed Ju\u00e1res<\/a><\/p>\n<p><span style=\"font-size: 12pt;\"><strong>El Aula Virtual:<\/strong> <a href=\"https:\/\/esnaola-caba.infd.edu.ar\/sitio\/julio-lastra\/\">Julio Lastra<\/a><br \/><\/span><\/p>\n<p><strong style=\"font-size: 12pt;\">Elementos T\u00e9cnicos I<\/strong><span style=\"font-size: 12pt;\">: <a href=\"https:\/\/esnaola-caba.infd.edu.ar\/sitio\/federico-eckhart\/\">Federico Eckhardt<\/a>, <a href=\"https:\/\/esnaola-caba.infd.edu.ar\/sitio\/gabriel-lombardo\/\" target=\"_blank\" rel=\"noopener\">Gabriel Lombardo<\/a><\/span><\/p>\n<p><span style=\"font-size: 12pt;\"><strong>Elementos T\u00e9cnicos II<\/strong>: <a href=\"https:\/\/esnaola-caba.infd.edu.ar\/sitio\/pablo-tarrats\/\">Pablo Tarrats<\/a><\/span><\/p>\n<p><span style=\"font-size: 12pt;\"><strong>Elementos T\u00e9cnicos III<\/strong>: <a href=\"https:\/\/esnaola-caba.infd.edu.ar\/sitio\/alejandro-aguilar\/\">Alejandro Ignacio Aguilar<\/a><\/span><\/p>\n<p><strong>Educaci\u00f3n para la Diversidad<\/strong>: Jazm\u00edn Tiscornia<\/p>\n<p><strong style=\"font-size: 12pt;\"><strong><strong>Est\u00e9ticas Sonoras Contempor\u00e1neas<\/strong><\/strong><\/strong><span style=\"font-size: 12pt;\">: <a href=\"https:\/\/esnaola-caba.infd.edu.ar\/sitio\/fabian-esteban-luna\/\">Fabi\u00e1n Esteban Luna<\/a><br \/><\/span><\/p>\n<p><span style=\"font-size: 12pt;\"><strong><strong>Filosof\u00eda y Teor\u00edas Est\u00e9ticas<\/strong><\/strong>: <a href=\"https:\/\/esnaola-caba.infd.edu.ar\/sitio\/julio-lastra\/\">Julio Lastra<\/a><\/span><\/p>\n<p><span style=\"font-size: 12pt;\"><strong>Fon\u00e9tica Italiana:<\/strong> Natalia Soledad Profiti<br \/><\/span><\/p>\n<p><span style=\"font-size: 12pt;\"><strong>Gesti\u00f3n Cultural: <\/strong><a href=\"https:\/\/esnaola-caba.infd.edu.ar\/sitio\/maria-soledad-milicic\/\">Mar\u00eda Soledad Milicic<\/a><br \/><\/span><\/p>\n<p><span style=\"font-size: 12pt;\"><strong>Historia de la Educaci\u00f3n Argentina<\/strong>: <a href=\"https:\/\/esnaola-caba.infd.edu.ar\/sitio\/carola-giselle-rodriguez-alba\/\">Carola Giselle Rodr\u00edguez Alba<\/a><\/span><\/p>\n<p><strong>Historia y Est\u00e9tica de la M\u00fasica I<\/strong>: <a href=\"https:\/\/esnaola-caba.infd.edu.ar\/sitio\/miguel-de-olaso\/\" rel=\"noopener\">Miguel de Olaso<\/a><\/p>\n<p><span style=\"font-size: 12pt;\"><strong>Historia y Est\u00e9tica de la M\u00fasica II<\/strong>: Mar\u00eda Victoria Preciado Pati\u00f1o<br \/><\/span><\/p>\n<p><span style=\"font-size: 12pt;\"><strong>Historia y Est\u00e9tica de la M\u00fasica III: <\/strong><a href=\"https:\/\/esnaola-caba.infd.edu.ar\/sitio\/marcela-alejandra-abad\/\">Marcela Alejandra Abad<\/a><br \/><\/span><\/p>\n<p><span style=\"font-size: 12pt;\"><strong>La Flauta Dulce y la Producci\u00f3n Musical Grupal en \u00c1mbitos Escolares<\/strong>:\u00a0<a href=\"https:\/\/esnaola-caba.infd.edu.ar\/sitio\/pamela-monkobodzky\/\" rel=\"noopener\">Pamela Monkobodzky<\/a><\/span><\/p>\n<p><span style=\"font-size: 12pt;\"><strong>M\u00fasica Medieval y Renacentista<\/strong>: <a href=\"https:\/\/esnaola-caba.infd.edu.ar\/sitio\/miguel-de-olaso\/\" rel=\"noopener\">Miguel de Olaso<\/a><br \/><\/span><\/p>\n<p><span style=\"font-size: 12pt;\"><strong>Pedagog\u00eda:\u00a0<\/strong><a href=\"https:\/\/esnaola-caba.infd.edu.ar\/sitio\/mara-cecilia-arcangeli-arias\/\">Mara Arc\u00e1ngeli Arias<\/a>,\u00a0<a href=\"https:\/\/esnaola-caba.infd.edu.ar\/sitio\/maria-cecilia-giana\/\">Mar\u00eda Cecilia Giana<\/a><\/span><\/p>\n<p><span style=\"font-size: 12pt;\"><strong>Pol\u00edticas Educativas<\/strong>: <a href=\"https:\/\/esnaola-caba.infd.edu.ar\/sitio\/carola-giselle-rodriguez-alba\/\">Carola Giselle Rodr\u00edguez Alba<\/a><br \/><\/span><\/p>\n<p><strong style=\"font-size: 12pt;\">Pr\u00e1ctica Esc\u00e9nica I<\/strong><span style=\"font-size: 12pt;\">: <a href=\"https:\/\/esnaola-caba.infd.edu.ar\/sitio\/diego-ernesto-rodriguez\/\" target=\"_blank\" rel=\"noopener\">Diego Ernesto Rodr\u00edguez<\/a><\/span><\/p>\n<p><span style=\"font-size: 12pt;\"><strong>Pr\u00e1ctica Esc\u00e9nica II<\/strong>: <a href=\"https:\/\/esnaola-caba.infd.edu.ar\/sitio\/yael-ken\/\">Yael Ken<\/a><\/span><\/p>\n<p><span style=\"font-size: 12pt;\"><strong><strong>Psicolog\u00eda Educacional<\/strong><\/strong>: Mar\u00eda Lucila Robbio<\/span><\/p>\n<p><span style=\"font-size: 12pt;\"><strong><strong>Recursos Audiovisuales<\/strong><\/strong>:\u00a0<a href=\"https:\/\/esnaola-caba.infd.edu.ar\/sitio\/fabian-esteban-luna\/\">Fabi\u00e1n Esteban Luna<\/a><\/span><\/p>\n<p><span style=\"font-size: 12pt;\"><strong><strong>R\u00edtmica Dalcroze<\/strong><\/strong>: <a href=\"https:\/\/esnaola-caba.infd.edu.ar\/sitio\/pablo-stocco\/\">Pablo Antonio Stocco<\/a><\/span><\/p>\n<p><span style=\"font-size: 12pt;\"><strong>Sociolog\u00eda:\u00a0<\/strong>Ignacio Amatriain<br \/><\/span><\/p>\n<p><span style=\"font-size: 12pt;\"><strong>Taller de Instrumentos Aer\u00f3fonos<\/strong>: <a href=\"https:\/\/esnaola-caba.infd.edu.ar\/sitio\/jorge-tabares\/\">Jorge Omar Tabares<\/a><\/span><\/p>\n<p><span style=\"font-size: 12pt;\"><strong>Taller de\u00a0<strong>Instrumentos\u00a0<\/strong>Membr\u00e1nofonos e Idi\u00f3fonos<\/strong>: <a href=\"https:\/\/esnaola-caba.infd.edu.ar\/sitio\/jorge-tabares\/\">Jorge Omar Tabares<\/a><\/span><\/p>\n<p><span style=\"font-size: 12pt;\"><strong>Taller de\u00a0<strong>Instrumentos\u00a0<\/strong>Cord\u00f3fonos<\/strong>: <a href=\"https:\/\/esnaola-caba.infd.edu.ar\/sitio\/pablo-tarrats\/\">Pablo Tarrats<\/a><\/span><\/p>\n<p><span style=\"font-size: 12pt;\"><strong>Taller 1<\/strong>: <a href=\"https:\/\/esnaola-caba.infd.edu.ar\/sitio\/carola-giselle-rodriguez-alba\/\">Carola Giselle Rodr\u00edguez Alba<\/a>, <a href=\"https:\/\/esnaola-caba.infd.edu.ar\/sitio\/maria-cecilia-giana\/\">Mar\u00eda Cecilia Giana<\/a><\/span><\/p>\n<p><span style=\"font-size: 12pt;\"><strong>Taller 2:<\/strong>\u00a0<a href=\"https:\/\/esnaola-caba.infd.edu.ar\/sitio\/maria-cecilia-giana\/\">Mar\u00eda Cecilia Giana<\/a><\/span><\/p>\n<p><span style=\"font-size: 12pt;\"><strong>Taller 3<\/strong>:\u00a0<a href=\"https:\/\/esnaola-caba.infd.edu.ar\/sitio\/eliana-marina-seinturia\/\" rel=\"noopener\">Eliana Seinturia<\/a>, <a href=\"https:\/\/esnaola-caba.infd.edu.ar\/sitio\/carla-grosso\/\">Carla Grosso<\/a><br \/><\/span><\/p>\n<p><span style=\"font-size: 12pt;\"><strong>Taller 4:<\/strong>\u00a0<a href=\"https:\/\/esnaola-caba.infd.edu.ar\/sitio\/eliana-marina-seinturia\/\" rel=\"noopener\">Eliana Seinturia<\/a>, <a href=\"https:\/\/esnaola-caba.infd.edu.ar\/sitio\/carla-grosso\/\">Carla Grosso<\/a><br \/><\/span><\/p>\n<p><strong>Taller 5<\/strong>: <span style=\"font-size: 12pt;\"><a href=\"https:\/\/esnaola-caba.infd.edu.ar\/sitio\/carla-grosso\/\">Carla Grosso<\/a><\/span><\/p>\n<p><strong>Taller 6<\/strong>: <span style=\"font-size: 12pt;\"><a href=\"https:\/\/esnaola-caba.infd.edu.ar\/sitio\/carla-grosso\/\">Carla Grosso<\/a><\/span><\/p>\n<p><span style=\"font-size: 12pt;\"><strong>Taller 7<\/strong>: <a href=\"https:\/\/esnaola-caba.infd.edu.ar\/sitio\/eric-slobodjanac\/\">Eric Christian Slobodjanac<\/a><\/span><\/p>\n<p><span style=\"font-size: 12pt;\"><strong>Taller 8<\/strong>: <a href=\"https:\/\/esnaola-caba.infd.edu.ar\/sitio\/belen-ruggiero\/\">Eric Christian Slobodjanac<\/a><\/span><\/p>\n<p><span style=\"font-size: 12pt;\"><strong>Tango<\/strong>:\u00a0<a href=\"https:\/\/esnaola-caba.infd.edu.ar\/sitio\/andres-serafini\/\">Andr\u00e9s Serafini<\/a><\/span><\/p>\n<p><span style=\"font-size: 12pt;\"><strong>M\u00fasica Folkl\u00f3rica<\/strong>: <a href=\"https:\/\/esnaola-caba.infd.edu.ar\/sitio\/laura-cecilia-beltramini\/\">Laura Cecilia Beltramini<\/a><br \/><\/span><\/p>\n<p><span style=\"font-size: 12pt;\"><strong>Tic, sonido y educaci\u00f3n:<\/strong>\u00a0<a href=\"https:\/\/esnaola-caba.infd.edu.ar\/sitio\/lautaro-vieyra\/\" rel=\"noopener\">Lautaro Vieyra<\/a><\/span><\/p>\n<p><span style=\"font-size: 12pt;\"><strong>Trabajo Corporal &#8211; Sistema Aberastury<\/strong>:<\/span><\/p>\n<p><span style=\"font-size: 12pt;\"><strong style=\"font-size: 12pt;\">Ayudantes de C\u00e1tedra: <\/strong>Santiago Fernandez, <a href=\"https:\/\/esnaola-caba.infd.edu.ar\/sitio\/marcela-alejandra-abad\/\">Marcela Abad<\/a><\/span><\/p>\n<p><span style=\"font-size: 12pt;\"><strong>Ayudante de C\u00e1tedra (Pr\u00e1cticas docentes): <\/strong><a href=\"https:\/\/esnaola-caba.infd.edu.ar\/sitio\/carla-grosso\/\">Carla Grosso<\/a><br \/><\/span><\/p>\n<p><span style=\"font-size: 12pt;\"><strong>Bedel<\/strong>: Juan Francisco Funes<\/span><span style=\"font-size: 12pt;\"><br \/><\/span><\/p>\n\n\n<p><\/p>\n","protected":false},"excerpt":{"rendered":"<p>Para m\u00e1s informaci\u00f3n sobre cada docente, hacer click en el nombre Bandone\u00f3n: Eva Wolff Canto: V\u00edctor Torres, Andrea del Coraz\u00f3n de Jes\u00fas Maragno Risoleo Clarinete: Emiliano \u00c1lvarez Corno Franc\u00e9s: Andr\u00e9s Bercellini Flauta Traversa: Javier Blanco, Samara Pierpaoli Flauta Dulce:\u00a0Pamela Monkobodzky Guitarra:\u00a0Esteban Gonz\u00e1lez Carbone,\u00a0Juan Pablo Buj\u00eda, Ariel L\u00f3pez Sald\u00edvar Piano: Sebasti\u00e1n Arancibia Navarro, Fernando P\u00e9rez, Mariana &#8230; <a title=\"EQUIPO DOCENTE\" class=\"read-more\" href=\"https:\/\/esnaola-caba.infd.edu.ar\/sitio\/equipo-docente\/\" aria-label=\"More on EQUIPO DOCENTE\">[+]<\/a><\/p>\n","protected":false},"author":354,"featured_media":0,"parent":0,"menu_order":0,"comment_status":"closed","ping_status":"closed","template":"","meta":[],"acf":[],"_links":{"self":[{"href":"https:\/\/esnaola-caba.infd.edu.ar\/sitio\/wp-json\/wp\/v2\/pages\/1059"}],"collection":[{"href":"https:\/\/esnaola-caba.infd.edu.ar\/sitio\/wp-json\/wp\/v2\/pages"}],"about":[{"href":"https:\/\/esnaola-caba.infd.edu.ar\/sitio\/wp-json\/wp\/v2\/types\/page"}],"author":[{"embeddable":true,"href":"https:\/\/esnaola-caba.infd.edu.ar\/sitio\/wp-json\/wp\/v2\/users\/354"}],"replies":[{"embeddable":true,"href":"https:\/\/esnaola-caba.infd.edu.ar\/sitio\/wp-json\/wp\/v2\/comments?post=1059"}],"version-history":[{"count":130,"href":"https:\/\/esnaola-caba.infd.edu.ar\/sitio\/wp-json\/wp\/v2\/pages\/1059\/revisions"}],"predecessor-version":[{"id":5435,"href":"https:\/\/esnaola-caba.infd.edu.ar\/sitio\/wp-json\/wp\/v2\/pages\/1059\/revisions\/5435"}],"wp:attachment":[{"href":"https:\/\/esnaola-caba.infd.edu.ar\/sitio\/wp-json\/wp\/v2\/media?parent=1059"}],"curies":[{"name":"wp","href":"https:\/\/api.w.org\/{rel}","templated":true}]}}