{"id":1057,"date":"2018-06-29T17:07:02","date_gmt":"2018-06-29T20:07:02","guid":{"rendered":"https:\/\/esnaola-caba.infd.edu.ar\/sitio\/sobre-eseam-j-p-esnaola-nivel-terciario\/"},"modified":"2025-11-11T18:47:10","modified_gmt":"2025-11-11T21:47:10","slug":"sobre-eseam-j-p-esnaola-nivel-terciario","status":"publish","type":"page","link":"https:\/\/esnaola-caba.infd.edu.ar\/sitio\/sobre-eseam-j-p-esnaola-nivel-terciario\/","title":{"rendered":"Sobre ESEAM J.P. Esnaola &#8211; Nivel Terciario"},"content":{"rendered":"<p style=\"text-align: center;\"><span style=\"font-size: 12pt;\"><strong><span class=\"right\"><img decoding=\"async\" loading=\"lazy\" title=\"Nuevo logo 140 - Juan Pedro Esnaola\" src=\"https:\/\/esnaola-caba.infd.edu.ar\/sitio\/wp-content\/uploads\/2018\/06\/NUEVO_LOG2_140_1.jpg\" alt=\"Nuevo logo 140 - Juan Pedro Esnaola\" width=\"172\" height=\"134\" border=\"0\" \/><\/span><\/strong><\/span><\/p>\n<p style=\"text-align: center;\"><span style=\"font-size: 14pt;\"><strong><span class=\"right\" style=\"text-align: left;\">Escuela Superior de Educaci\u00f3n Art\u00edstica en M\u00fasica\u00a0<\/span><\/strong><\/span><span style=\"font-size: 14pt;\"><strong><span style=\"text-align: left;\">\u00abJuan Pedro Esnaola\u00bb<\/span><\/strong><\/span><\/p>\n<p style=\"text-align: center;\"><span style=\"font-size: 14pt;\"><strong><span style=\"text-align: left;\">Nivel Terciario\u00a0<\/span><\/strong><\/span><\/p>\n<p style=\"text-align: center;\"><span style=\"font-size: 14pt;\"><strong>\u00a0<\/strong><\/span><\/p>\n<p style=\"text-align: left; padding-left: 30px;\"><strong><span style=\"font-size: 12pt;\">Sobre ESEAM J. P. Esnaola &#8211; Nivel Terciario<\/span><\/strong><\/p>\n<p style=\"text-align: left;\"><span style=\"font-size: 10pt;\">\u00a0 \u00a0 \u00a0 \u00a0<span style=\"font-size: 12pt;\">El Profesorado Superior de M\u00fasica Juan Pedro Esnaola, es un profesorado de m\u00fasica de nivel superior no universitario. Constituye el nivel terciario de la Escuela Superior de Educaci\u00f3n Art\u00edstica en M\u00fasica Juan Pedro Esnaola.<\/span><br \/><span style=\"font-size: 12pt;\">\u00a0 \u00a0 \u00a0 Es una instituci\u00f3n de gesti\u00f3n p\u00fablica, dependiente de la Direcci\u00f3n de Educaci\u00f3n Art\u00edstica del Ministerio de Educaci\u00f3n del Gobierno de la Ciudad Aut\u00f3noma de Buenos Aires. La titulaci\u00f3n que ofrece, expedida por el Ministerio de Educaci\u00f3n de la Ciudad de Bs. As., es de car\u00e1cter oficial, y tiene validez nacional.<\/span><br \/><span style=\"font-size: 12pt;\">\u00a0 \u00a0 \u00a0 Las carreras que pueden cursarse, son:<br \/><\/span><\/span><span style=\"font-size: 12pt;\">* Profesorados de M\u00fasica con Orientaci\u00f3n en Instrumento<br \/>* Profesorados de M\u00fasica con Orientaci\u00f3n en Canto<br \/>* Profesorado de M\u00fasica con Orientaci\u00f3n en Educaci\u00f3n Musical<br \/>En dichas carreras, pueden estudiarse los siguientes instrumentos: Bandone\u00f3n, Canto, Clarinete, Contrabajo, Flauta Dulce, Flauta Traversa, Guitarra, Percusi\u00f3n, Piano, Saxof\u00f3n, Trompeta, Tromb\u00f3n, Trompa, Viol\u00edn, Viola, Violoncello.<\/span><\/p>\n<p><strong><span style=\"font-size: 12pt;\">\u00a0 \u00a0 \u00a0Sobre ESEAM J. P. Esnaola &#8211; Nivel Medio<\/span><\/strong><\/p>\n<p>La ESEAM J. P. Esnaola, adem\u00e1s de poseer un Profesorado de Nivel Terciario, posee tambi\u00e9n un Nivel Medio. Ingresar al mismo, no requiere estudios formales previos en m\u00fasica. Funciona tanto para adultos, como para adolescentes.<br \/>\u00c9ste es su sitio web:<\/p>\n\n\n<div class=\"wp-block-buttons is-layout-flex\">\n<div class=\"wp-block-button\"><a class=\"wp-block-button__link has-base-3-color has-accent-background-color has-text-color has-background wp-element-button\" href=\"https:\/\/escuelademusicajpesnaola.blogspot.com\/\" target=\"_blank\" rel=\"noreferrer noopener\">Nivel Medio Esnaola &#8211; Sitio Web<\/a><\/div>\n<\/div>\n","protected":false},"excerpt":{"rendered":"<p>Escuela Superior de Educaci\u00f3n Art\u00edstica en M\u00fasica\u00a0\u00abJuan Pedro Esnaola\u00bb Nivel Terciario\u00a0 \u00a0 Sobre ESEAM J. P. Esnaola &#8211; Nivel Terciario \u00a0 \u00a0 \u00a0 \u00a0El Profesorado Superior de M\u00fasica Juan Pedro Esnaola, es un profesorado de m\u00fasica de nivel superior no universitario. Constituye el nivel terciario de la Escuela Superior de Educaci\u00f3n Art\u00edstica en M\u00fasica Juan &#8230; <a title=\"Sobre ESEAM J.P. Esnaola &#8211; Nivel Terciario\" class=\"read-more\" href=\"https:\/\/esnaola-caba.infd.edu.ar\/sitio\/sobre-eseam-j-p-esnaola-nivel-terciario\/\" aria-label=\"More on Sobre ESEAM J.P. Esnaola &#8211; Nivel Terciario\">[+]<\/a><\/p>\n","protected":false},"author":354,"featured_media":0,"parent":0,"menu_order":0,"comment_status":"closed","ping_status":"closed","template":"","meta":[],"acf":[],"_links":{"self":[{"href":"https:\/\/esnaola-caba.infd.edu.ar\/sitio\/wp-json\/wp\/v2\/pages\/1057"}],"collection":[{"href":"https:\/\/esnaola-caba.infd.edu.ar\/sitio\/wp-json\/wp\/v2\/pages"}],"about":[{"href":"https:\/\/esnaola-caba.infd.edu.ar\/sitio\/wp-json\/wp\/v2\/types\/page"}],"author":[{"embeddable":true,"href":"https:\/\/esnaola-caba.infd.edu.ar\/sitio\/wp-json\/wp\/v2\/users\/354"}],"replies":[{"embeddable":true,"href":"https:\/\/esnaola-caba.infd.edu.ar\/sitio\/wp-json\/wp\/v2\/comments?post=1057"}],"version-history":[{"count":22,"href":"https:\/\/esnaola-caba.infd.edu.ar\/sitio\/wp-json\/wp\/v2\/pages\/1057\/revisions"}],"predecessor-version":[{"id":5341,"href":"https:\/\/esnaola-caba.infd.edu.ar\/sitio\/wp-json\/wp\/v2\/pages\/1057\/revisions\/5341"}],"wp:attachment":[{"href":"https:\/\/esnaola-caba.infd.edu.ar\/sitio\/wp-json\/wp\/v2\/media?parent=1057"}],"curies":[{"name":"wp","href":"https:\/\/api.w.org\/{rel}","templated":true}]}}